{"id":2144,"date":"2023-04-27T17:38:54","date_gmt":"2023-04-27T15:38:54","guid":{"rendered":"https:\/\/www.vicorquimia.com\/solucoes-personalizadas\/"},"modified":"2025-08-05T15:11:46","modified_gmt":"2025-08-05T13:11:46","slug":"solucoes-personalizadas","status":"publish","type":"page","link":"https:\/\/www.vicorquimia.com\/pt-pt\/solucoes-personalizadas\/","title":{"rendered":"Solu\u00e7\u00f5es personalizadas"},"content":{"rendered":"\t\t<div data-elementor-type=\"wp-page\" data-elementor-id=\"2144\" class=\"elementor elementor-2144 elementor-315\" data-elementor-post-type=\"page\">\n\t\t\t\t<div class=\"elementor-element elementor-element-d9c6232 e-flex e-con-boxed e-con e-parent\" data-id=\"d9c6232\" data-element_type=\"container\">\n\t\t\t\t\t<div class=\"e-con-inner\">\n\t\t\t\t<div class=\"elementor-element elementor-element-788262b elementor-widget elementor-widget-heading\" data-id=\"788262b\" data-element_type=\"widget\" data-widget_type=\"heading.default\">\n\t\t\t\t<div class=\"elementor-widget-container\">\n\t\t\t\t\t<h2 class=\"elementor-heading-title elementor-size-default\">Solu\u00e7\u00f5es personalizadas e novas tend\u00eancias<\/h2>\t\t\t\t<\/div>\n\t\t\t\t<\/div>\n\t\t\t\t<div class=\"elementor-element elementor-element-e5b4627 elementor-widget elementor-widget-text-editor\" data-id=\"e5b4627\" data-element_type=\"widget\" data-widget_type=\"text-editor.default\">\n\t\t\t\t<div class=\"elementor-widget-container\">\n\t\t\t\t\t\t\t\t\t<p>Respondemos a todos os teus pedidos.<br>Est\u00e1s interessado numa aplica\u00e7\u00e3o espec\u00edfica?  <\/p>\t\t\t\t\t\t\t\t<\/div>\n\t\t\t\t<\/div>\n\t\t\t\t\t<\/div>\n\t\t\t\t<\/div>\n\t\t<div class=\"elementor-element elementor-element-9d6cb7c e-flex e-con-boxed e-con e-parent\" data-id=\"9d6cb7c\" data-element_type=\"container\">\n\t\t\t\t\t<div class=\"e-con-inner\">\n\t\t<div class=\"elementor-element elementor-element-41ee0c7 e-con-full e-flex e-con e-child\" data-id=\"41ee0c7\" data-element_type=\"container\">\n\t\t\t\t<div class=\"elementor-element elementor-element-3fc7115 elementor-widget elementor-widget-text-editor\" data-id=\"3fc7115\" data-element_type=\"widget\" data-widget_type=\"text-editor.default\">\n\t\t\t\t<div class=\"elementor-widget-container\">\n\t\t\t\t\t\t\t\t\t<p>No nosso cat\u00e1logo, encontrar\u00e1s solu\u00e7\u00f5es para:<\/p><ul><li>Sobremesas l\u00e1cteas, Queijo e gelado<\/li><li>Ind\u00fastria da carne e refei\u00e7\u00f5es prontas<\/li><li>Aromas<\/li><li>Padaria, pastelaria e biscoitos<\/li><li>Doces e chocolates<\/li><li>Alimenta\u00e7\u00e3o infantil, diet\u00e9tica e nutri\u00e7\u00e3o desportiva<\/li><li>Snacks e prepara\u00e7\u00f5es desidratadas<\/li><\/ul>\t\t\t\t\t\t\t\t<\/div>\n\t\t\t\t<\/div>\n\t\t\t\t<div class=\"elementor-element elementor-element-39a4a06 elementor-widget elementor-widget-text-editor\" data-id=\"39a4a06\" data-element_type=\"widget\" data-widget_type=\"text-editor.default\">\n\t\t\t\t<div class=\"elementor-widget-container\">\n\t\t\t\t\t\t\t\t\t<p>Estamos atentos \u00e0s novas tend\u00eancias da produ\u00e7\u00e3o alimentar mundial. Para garantir uma alimenta\u00e7\u00e3o sustent\u00e1vel, equilibrada e adequada a todos. <\/p><p>A nossa equipa realiza estudos de mercado para responder \u00e0s necessidades mais espec\u00edficas.<\/p><ul><li>Produtos sem a\u00e7\u00facar<\/li><li>Produtos biol\u00f3gicos: produtos l\u00e1cteos, queijo, carne e produtos amil\u00e1ceos<\/li><li>Produtos amigos do ambiente: F\u00e9culas de batata<\/li><li>F\u00f3rmulas para lactentes: lactose, caseinato e flocos de batata<\/li><li>Nutri\u00e7\u00e3o e diet\u00e9tica desportiva: prote\u00ednas, carnes e ovos<\/li><\/ul>\t\t\t\t\t\t\t\t<\/div>\n\t\t\t\t<\/div>\n\t\t\t\t<\/div>\n\t\t<div class=\"elementor-element elementor-element-048151b e-con-full e-flex e-con e-child\" data-id=\"048151b\" data-element_type=\"container\">\n\t\t\t\t<div class=\"elementor-element elementor-element-ca46d5d elementor-arrows-position-inside elementor-widget elementor-widget-image-carousel\" data-id=\"ca46d5d\" data-element_type=\"widget\" data-settings=\"{&quot;slides_to_show&quot;:&quot;1&quot;,&quot;navigation&quot;:&quot;arrows&quot;,&quot;autoplay_speed&quot;:3000,&quot;effect&quot;:&quot;fade&quot;,&quot;autoplay&quot;:&quot;yes&quot;,&quot;pause_on_hover&quot;:&quot;yes&quot;,&quot;pause_on_interaction&quot;:&quot;yes&quot;,&quot;infinite&quot;:&quot;yes&quot;,&quot;speed&quot;:500}\" data-widget_type=\"image-carousel.default\">\n\t\t\t\t<div class=\"elementor-widget-container\">\n\t\t\t\t\t\t\t<div class=\"elementor-image-carousel-wrapper swiper\" role=\"region\" aria-roledescription=\"carousel\" aria-label=\"Carrusel de im\u00e1genes\" dir=\"ltr\">\n\t\t\t<div class=\"elementor-image-carousel swiper-wrapper\" aria-live=\"off\">\n\t\t\t\t\t\t\t\t<div class=\"swiper-slide\" role=\"group\" aria-roledescription=\"slide\" aria-label=\"1 of 6\"><figure class=\"swiper-slide-inner\"><img decoding=\"async\" class=\"swiper-slide-image\" src=\"https:\/\/www.vicorquimia.com\/wp-content\/uploads\/2023\/05\/apliaciones_8.jpg\" alt=\"apliaciones_8\" \/><\/figure><\/div><div class=\"swiper-slide\" role=\"group\" aria-roledescription=\"slide\" aria-label=\"2 of 6\"><figure class=\"swiper-slide-inner\"><img decoding=\"async\" class=\"swiper-slide-image\" src=\"https:\/\/www.vicorquimia.com\/wp-content\/uploads\/2023\/05\/apliaciones_6.jpg\" alt=\"apliaciones_6\" \/><\/figure><\/div><div class=\"swiper-slide\" role=\"group\" aria-roledescription=\"slide\" aria-label=\"3 of 6\"><figure class=\"swiper-slide-inner\"><img decoding=\"async\" class=\"swiper-slide-image\" src=\"https:\/\/www.vicorquimia.com\/wp-content\/uploads\/2023\/05\/apliaciones_7.jpg\" alt=\"apliaciones_7\" \/><\/figure><\/div><div class=\"swiper-slide\" role=\"group\" aria-roledescription=\"slide\" aria-label=\"4 of 6\"><figure class=\"swiper-slide-inner\"><img decoding=\"async\" class=\"swiper-slide-image\" src=\"https:\/\/www.vicorquimia.com\/wp-content\/uploads\/2023\/05\/aplicaciones_5.jpg\" alt=\"aplicaciones_5\" \/><\/figure><\/div><div class=\"swiper-slide\" role=\"group\" aria-roledescription=\"slide\" aria-label=\"5 of 6\"><figure class=\"swiper-slide-inner\"><img decoding=\"async\" class=\"swiper-slide-image\" src=\"https:\/\/www.vicorquimia.com\/wp-content\/uploads\/2023\/04\/slide-aplicaciones-1.jpg\" alt=\"slide-aplicaciones-1\" \/><\/figure><\/div><div class=\"swiper-slide\" role=\"group\" aria-roledescription=\"slide\" aria-label=\"6 of 6\"><figure class=\"swiper-slide-inner\"><img decoding=\"async\" class=\"swiper-slide-image\" src=\"https:\/\/www.vicorquimia.com\/wp-content\/uploads\/2023\/04\/slide-aplicaciones-3.jpg\" alt=\"esto es alternativo\" \/><\/figure><\/div>\t\t\t<\/div>\n\t\t\t\t\t\t\t\t\t\t\t\t<div class=\"elementor-swiper-button elementor-swiper-button-prev\" role=\"button\" tabindex=\"0\">\n\t\t\t\t\t\t<i aria-hidden=\"true\" class=\"eicon-chevron-left\"><\/i>\t\t\t\t\t<\/div>\n\t\t\t\t\t<div class=\"elementor-swiper-button elementor-swiper-button-next\" role=\"button\" tabindex=\"0\">\n\t\t\t\t\t\t<i aria-hidden=\"true\" class=\"eicon-chevron-right\"><\/i>\t\t\t\t\t<\/div>\n\t\t\t\t\n\t\t\t\t\t\t\t\t\t<\/div>\n\t\t\t\t\t\t<\/div>\n\t\t\t\t<\/div>\n\t\t\t\t<\/div>\n\t\t\t\t\t<\/div>\n\t\t\t\t<\/div>\n\t\t\t\t<\/div>\n\t\t","protected":false},"excerpt":{"rendered":"<p>Solu\u00e7\u00f5es personalizadas e novas tend\u00eancias Respondemos a todos os teus pedidos.Est\u00e1s interessado numa aplica\u00e7\u00e3o espec\u00edfica? No nosso cat\u00e1logo, encontrar\u00e1s solu\u00e7\u00f5es para: Sobremesas l\u00e1cteas, Queijo e gelado Ind\u00fastria da carne e refei\u00e7\u00f5es prontas Aromas Padaria, pastelaria e biscoitos Doces e chocolates Alimenta\u00e7\u00e3o infantil, diet\u00e9tica e nutri\u00e7\u00e3o desportiva Snacks e prepara\u00e7\u00f5es desidratadas Estamos atentos \u00e0s novas tend\u00eancias [&hellip;]<\/p>\n","protected":false},"author":1,"featured_media":0,"parent":0,"menu_order":0,"comment_status":"closed","ping_status":"closed","template":"","meta":{"footnotes":""},"class_list":["post-2144","page","type-page","status-publish","hentry"],"yoast_head":"<!-- This site is optimized with the Yoast SEO plugin v25.9 - https:\/\/yoast.com\/wordpress\/plugins\/seo\/ -->\n<title>Solu\u00e7\u00f5es personalizadas - VICORQUIMIA - Distribuci\u00f3n de Ingredientes y Complementos Alimenticios en Espa\u00f1a | Trayectoria desde 1972<\/title>\n<meta name=\"robots\" content=\"index, follow, max-snippet:-1, max-image-preview:large, max-video-preview:-1\" \/>\n<link rel=\"canonical\" href=\"https:\/\/www.vicorquimia.com\/pt-pt\/solucoes-personalizadas\/\" \/>\n<meta property=\"og:locale\" content=\"pt_PT\" \/>\n<meta property=\"og:type\" content=\"article\" \/>\n<meta property=\"og:title\" content=\"Solu\u00e7\u00f5es personalizadas - VICORQUIMIA - Distribuci\u00f3n de Ingredientes y Complementos Alimenticios en Espa\u00f1a | Trayectoria desde 1972\" \/>\n<meta property=\"og:description\" content=\"Solu\u00e7\u00f5es personalizadas e novas tend\u00eancias Respondemos a todos os teus pedidos.Est\u00e1s interessado numa aplica\u00e7\u00e3o espec\u00edfica? No nosso cat\u00e1logo, encontrar\u00e1s solu\u00e7\u00f5es para: Sobremesas l\u00e1cteas, Queijo e gelado Ind\u00fastria da carne e refei\u00e7\u00f5es prontas Aromas Padaria, pastelaria e biscoitos Doces e chocolates Alimenta\u00e7\u00e3o infantil, diet\u00e9tica e nutri\u00e7\u00e3o desportiva Snacks e prepara\u00e7\u00f5es desidratadas Estamos atentos \u00e0s novas tend\u00eancias [&hellip;]\" \/>\n<meta property=\"og:url\" content=\"https:\/\/www.vicorquimia.com\/pt-pt\/solucoes-personalizadas\/\" \/>\n<meta property=\"og:site_name\" content=\"VICORQUIMIA - Distribuci\u00f3n de Ingredientes y Complementos Alimenticios en Espa\u00f1a | Trayectoria desde 1972\" \/>\n<meta property=\"article:modified_time\" content=\"2025-08-05T13:11:46+00:00\" \/>\n<meta property=\"og:image\" content=\"https:\/\/www.vicorquimia.com\/wp-content\/uploads\/2023\/05\/apliaciones_8.jpg\" \/>\n<meta name=\"twitter:card\" content=\"summary_large_image\" \/>\n<meta name=\"twitter:label1\" content=\"Tempo estimado de leitura\" \/>\n\t<meta name=\"twitter:data1\" content=\"1 minuto\" \/>\n<script type=\"application\/ld+json\" class=\"yoast-schema-graph\">{\"@context\":\"https:\/\/schema.org\",\"@graph\":[{\"@type\":\"WebPage\",\"@id\":\"https:\/\/www.vicorquimia.com\/pt-pt\/solucoes-personalizadas\/\",\"url\":\"https:\/\/www.vicorquimia.com\/pt-pt\/solucoes-personalizadas\/\",\"name\":\"Solu\u00e7\u00f5es personalizadas - VICORQUIMIA - Distribuci\u00f3n de Ingredientes y Complementos Alimenticios en Espa\u00f1a | Trayectoria desde 1972\",\"isPartOf\":{\"@id\":\"https:\/\/www.vicorquimia.com\/pt-pt\/#website\"},\"primaryImageOfPage\":{\"@id\":\"https:\/\/www.vicorquimia.com\/pt-pt\/solucoes-personalizadas\/#primaryimage\"},\"image\":{\"@id\":\"https:\/\/www.vicorquimia.com\/pt-pt\/solucoes-personalizadas\/#primaryimage\"},\"thumbnailUrl\":\"https:\/\/www.vicorquimia.com\/wp-content\/uploads\/2023\/05\/apliaciones_8.jpg\",\"datePublished\":\"2023-04-27T15:38:54+00:00\",\"dateModified\":\"2025-08-05T13:11:46+00:00\",\"breadcrumb\":{\"@id\":\"https:\/\/www.vicorquimia.com\/pt-pt\/solucoes-personalizadas\/#breadcrumb\"},\"inLanguage\":\"pt-PT\",\"potentialAction\":[{\"@type\":\"ReadAction\",\"target\":[\"https:\/\/www.vicorquimia.com\/pt-pt\/solucoes-personalizadas\/\"]}]},{\"@type\":\"ImageObject\",\"inLanguage\":\"pt-PT\",\"@id\":\"https:\/\/www.vicorquimia.com\/pt-pt\/solucoes-personalizadas\/#primaryimage\",\"url\":\"https:\/\/www.vicorquimia.com\/wp-content\/uploads\/2023\/05\/apliaciones_8.jpg\",\"contentUrl\":\"https:\/\/www.vicorquimia.com\/wp-content\/uploads\/2023\/05\/apliaciones_8.jpg\"},{\"@type\":\"BreadcrumbList\",\"@id\":\"https:\/\/www.vicorquimia.com\/pt-pt\/solucoes-personalizadas\/#breadcrumb\",\"itemListElement\":[{\"@type\":\"ListItem\",\"position\":1,\"name\":\"Portada\",\"item\":\"https:\/\/www.vicorquimia.com\/pt-pt\/\"},{\"@type\":\"ListItem\",\"position\":2,\"name\":\"Solu\u00e7\u00f5es personalizadas\"}]},{\"@type\":\"WebSite\",\"@id\":\"https:\/\/www.vicorquimia.com\/pt-pt\/#website\",\"url\":\"https:\/\/www.vicorquimia.com\/pt-pt\/\",\"name\":\"VICORQUIMIA\",\"description\":\"VICORQUIMIA es una de las principales compa\u00f1\u00edas de distribuci\u00f3n de ingredientes y complementos alimenticios en Espa\u00f1a con m\u00e1s de 40 a\u00f1os de trayectoria. Proveemos a las principales compa\u00f1\u00edas de alimentaci\u00f3n en todo el pa\u00eds, desde c\u00e1rnicas y queseras hasta pasteleras y especializadas en alimentaci\u00f3n ecol\u00f3gica, diet\u00e9tica y nutrici\u00f3n deportiva. Descubre nuestra experiencia y calidad en la distribuci\u00f3n de materias primas para la industria alimentaria.\",\"publisher\":{\"@id\":\"https:\/\/www.vicorquimia.com\/pt-pt\/#organization\"},\"potentialAction\":[{\"@type\":\"SearchAction\",\"target\":{\"@type\":\"EntryPoint\",\"urlTemplate\":\"https:\/\/www.vicorquimia.com\/pt-pt\/?s={search_term_string}\"},\"query-input\":{\"@type\":\"PropertyValueSpecification\",\"valueRequired\":true,\"valueName\":\"search_term_string\"}}],\"inLanguage\":\"pt-PT\"},{\"@type\":\"Organization\",\"@id\":\"https:\/\/www.vicorquimia.com\/pt-pt\/#organization\",\"name\":\"VICORQUIMIA\",\"url\":\"https:\/\/www.vicorquimia.com\/pt-pt\/\",\"logo\":{\"@type\":\"ImageObject\",\"inLanguage\":\"pt-PT\",\"@id\":\"https:\/\/www.vicorquimia.com\/pt-pt\/#\/schema\/logo\/image\/\",\"url\":\"https:\/\/www.vicorquimia.com\/wp-content\/uploads\/2025\/07\/2021_VQ_logo50Anys_transparent_alta.png\",\"contentUrl\":\"https:\/\/www.vicorquimia.com\/wp-content\/uploads\/2025\/07\/2021_VQ_logo50Anys_transparent_alta.png\",\"width\":1295,\"height\":554,\"caption\":\"VICORQUIMIA\"},\"image\":{\"@id\":\"https:\/\/www.vicorquimia.com\/pt-pt\/#\/schema\/logo\/image\/\"},\"sameAs\":[\"https:\/\/www.linkedin.com\/company\/vicorquimia\/\"]}]}<\/script>\n<!-- \/ Yoast SEO plugin. -->","yoast_head_json":{"title":"Solu\u00e7\u00f5es personalizadas - VICORQUIMIA - Distribuci\u00f3n de Ingredientes y Complementos Alimenticios en Espa\u00f1a | Trayectoria desde 1972","robots":{"index":"index","follow":"follow","max-snippet":"max-snippet:-1","max-image-preview":"max-image-preview:large","max-video-preview":"max-video-preview:-1"},"canonical":"https:\/\/www.vicorquimia.com\/pt-pt\/solucoes-personalizadas\/","og_locale":"pt_PT","og_type":"article","og_title":"Solu\u00e7\u00f5es personalizadas - VICORQUIMIA - Distribuci\u00f3n de Ingredientes y Complementos Alimenticios en Espa\u00f1a | Trayectoria desde 1972","og_description":"Solu\u00e7\u00f5es personalizadas e novas tend\u00eancias Respondemos a todos os teus pedidos.Est\u00e1s interessado numa aplica\u00e7\u00e3o espec\u00edfica? No nosso cat\u00e1logo, encontrar\u00e1s solu\u00e7\u00f5es para: Sobremesas l\u00e1cteas, Queijo e gelado Ind\u00fastria da carne e refei\u00e7\u00f5es prontas Aromas Padaria, pastelaria e biscoitos Doces e chocolates Alimenta\u00e7\u00e3o infantil, diet\u00e9tica e nutri\u00e7\u00e3o desportiva Snacks e prepara\u00e7\u00f5es desidratadas Estamos atentos \u00e0s novas tend\u00eancias [&hellip;]","og_url":"https:\/\/www.vicorquimia.com\/pt-pt\/solucoes-personalizadas\/","og_site_name":"VICORQUIMIA - Distribuci\u00f3n de Ingredientes y Complementos Alimenticios en Espa\u00f1a | Trayectoria desde 1972","article_modified_time":"2025-08-05T13:11:46+00:00","og_image":[{"url":"https:\/\/www.vicorquimia.com\/wp-content\/uploads\/2023\/05\/apliaciones_8.jpg","type":"","width":"","height":""}],"twitter_card":"summary_large_image","twitter_misc":{"Tempo estimado de leitura":"1 minuto"},"schema":{"@context":"https:\/\/schema.org","@graph":[{"@type":"WebPage","@id":"https:\/\/www.vicorquimia.com\/pt-pt\/solucoes-personalizadas\/","url":"https:\/\/www.vicorquimia.com\/pt-pt\/solucoes-personalizadas\/","name":"Solu\u00e7\u00f5es personalizadas - VICORQUIMIA - Distribuci\u00f3n de Ingredientes y Complementos Alimenticios en Espa\u00f1a | Trayectoria desde 1972","isPartOf":{"@id":"https:\/\/www.vicorquimia.com\/pt-pt\/#website"},"primaryImageOfPage":{"@id":"https:\/\/www.vicorquimia.com\/pt-pt\/solucoes-personalizadas\/#primaryimage"},"image":{"@id":"https:\/\/www.vicorquimia.com\/pt-pt\/solucoes-personalizadas\/#primaryimage"},"thumbnailUrl":"https:\/\/www.vicorquimia.com\/wp-content\/uploads\/2023\/05\/apliaciones_8.jpg","datePublished":"2023-04-27T15:38:54+00:00","dateModified":"2025-08-05T13:11:46+00:00","breadcrumb":{"@id":"https:\/\/www.vicorquimia.com\/pt-pt\/solucoes-personalizadas\/#breadcrumb"},"inLanguage":"pt-PT","potentialAction":[{"@type":"ReadAction","target":["https:\/\/www.vicorquimia.com\/pt-pt\/solucoes-personalizadas\/"]}]},{"@type":"ImageObject","inLanguage":"pt-PT","@id":"https:\/\/www.vicorquimia.com\/pt-pt\/solucoes-personalizadas\/#primaryimage","url":"https:\/\/www.vicorquimia.com\/wp-content\/uploads\/2023\/05\/apliaciones_8.jpg","contentUrl":"https:\/\/www.vicorquimia.com\/wp-content\/uploads\/2023\/05\/apliaciones_8.jpg"},{"@type":"BreadcrumbList","@id":"https:\/\/www.vicorquimia.com\/pt-pt\/solucoes-personalizadas\/#breadcrumb","itemListElement":[{"@type":"ListItem","position":1,"name":"Portada","item":"https:\/\/www.vicorquimia.com\/pt-pt\/"},{"@type":"ListItem","position":2,"name":"Solu\u00e7\u00f5es personalizadas"}]},{"@type":"WebSite","@id":"https:\/\/www.vicorquimia.com\/pt-pt\/#website","url":"https:\/\/www.vicorquimia.com\/pt-pt\/","name":"VICORQUIMIA","description":"VICORQUIMIA es una de las principales compa\u00f1\u00edas de distribuci\u00f3n de ingredientes y complementos alimenticios en Espa\u00f1a con m\u00e1s de 40 a\u00f1os de trayectoria. Proveemos a las principales compa\u00f1\u00edas de alimentaci\u00f3n en todo el pa\u00eds, desde c\u00e1rnicas y queseras hasta pasteleras y especializadas en alimentaci\u00f3n ecol\u00f3gica, diet\u00e9tica y nutrici\u00f3n deportiva. Descubre nuestra experiencia y calidad en la distribuci\u00f3n de materias primas para la industria alimentaria.","publisher":{"@id":"https:\/\/www.vicorquimia.com\/pt-pt\/#organization"},"potentialAction":[{"@type":"SearchAction","target":{"@type":"EntryPoint","urlTemplate":"https:\/\/www.vicorquimia.com\/pt-pt\/?s={search_term_string}"},"query-input":{"@type":"PropertyValueSpecification","valueRequired":true,"valueName":"search_term_string"}}],"inLanguage":"pt-PT"},{"@type":"Organization","@id":"https:\/\/www.vicorquimia.com\/pt-pt\/#organization","name":"VICORQUIMIA","url":"https:\/\/www.vicorquimia.com\/pt-pt\/","logo":{"@type":"ImageObject","inLanguage":"pt-PT","@id":"https:\/\/www.vicorquimia.com\/pt-pt\/#\/schema\/logo\/image\/","url":"https:\/\/www.vicorquimia.com\/wp-content\/uploads\/2025\/07\/2021_VQ_logo50Anys_transparent_alta.png","contentUrl":"https:\/\/www.vicorquimia.com\/wp-content\/uploads\/2025\/07\/2021_VQ_logo50Anys_transparent_alta.png","width":1295,"height":554,"caption":"VICORQUIMIA"},"image":{"@id":"https:\/\/www.vicorquimia.com\/pt-pt\/#\/schema\/logo\/image\/"},"sameAs":["https:\/\/www.linkedin.com\/company\/vicorquimia\/"]}]}},"_links":{"self":[{"href":"https:\/\/www.vicorquimia.com\/pt-pt\/wp-json\/wp\/v2\/pages\/2144","targetHints":{"allow":["GET"]}}],"collection":[{"href":"https:\/\/www.vicorquimia.com\/pt-pt\/wp-json\/wp\/v2\/pages"}],"about":[{"href":"https:\/\/www.vicorquimia.com\/pt-pt\/wp-json\/wp\/v2\/types\/page"}],"author":[{"embeddable":true,"href":"https:\/\/www.vicorquimia.com\/pt-pt\/wp-json\/wp\/v2\/users\/1"}],"replies":[{"embeddable":true,"href":"https:\/\/www.vicorquimia.com\/pt-pt\/wp-json\/wp\/v2\/comments?post=2144"}],"version-history":[{"count":1,"href":"https:\/\/www.vicorquimia.com\/pt-pt\/wp-json\/wp\/v2\/pages\/2144\/revisions"}],"predecessor-version":[{"id":2145,"href":"https:\/\/www.vicorquimia.com\/pt-pt\/wp-json\/wp\/v2\/pages\/2144\/revisions\/2145"}],"wp:attachment":[{"href":"https:\/\/www.vicorquimia.com\/pt-pt\/wp-json\/wp\/v2\/media?parent=2144"}],"curies":[{"name":"wp","href":"https:\/\/api.w.org\/{rel}","templated":true}]}}