{"id":1875,"date":"2023-04-27T16:23:54","date_gmt":"2023-04-27T14:23:54","guid":{"rendered":"https:\/\/www.vicorquimia.com\/logistica-e-distribuicao\/"},"modified":"2025-08-05T15:08:31","modified_gmt":"2025-08-05T13:08:31","slug":"logistica-e-distribuicao","status":"publish","type":"page","link":"https:\/\/www.vicorquimia.com\/pt-pt\/logistica-e-distribuicao\/","title":{"rendered":"Log\u00edstica e distribui\u00e7\u00e3o"},"content":{"rendered":"\t\t<div data-elementor-type=\"wp-page\" data-elementor-id=\"1875\" class=\"elementor elementor-1875 elementor-258\" data-elementor-post-type=\"page\">\n\t\t\t\t<div class=\"elementor-element elementor-element-45af55a e-flex e-con-boxed e-con e-parent\" data-id=\"45af55a\" data-element_type=\"container\">\n\t\t\t\t\t<div class=\"e-con-inner\">\n\t\t<div class=\"elementor-element elementor-element-84b3a42 e-con-full e-flex e-con e-child\" data-id=\"84b3a42\" data-element_type=\"container\">\n\t\t\t\t<div class=\"elementor-element elementor-element-1e2094f elementor-widget elementor-widget-heading\" data-id=\"1e2094f\" data-element_type=\"widget\" data-widget_type=\"heading.default\">\n\t\t\t\t<div class=\"elementor-widget-container\">\n\t\t\t\t\t<h2 class=\"elementor-heading-title elementor-size-default\">Comprometidos com um servi\u00e7o flex\u00edvel, r\u00e1pido e fi\u00e1vel<\/h2>\t\t\t\t<\/div>\n\t\t\t\t<\/div>\n\t\t\t\t<div class=\"elementor-element elementor-element-18fd428 elementor-widget elementor-widget-text-editor\" data-id=\"18fd428\" data-element_type=\"widget\" data-widget_type=\"text-editor.default\">\n\t\t\t\t<div class=\"elementor-widget-container\">\n\t\t\t\t\t\t\t\t\t<p>Na <strong>Vicorquimia<\/strong> sabemos que a pontualidade \u00e9 t\u00e3o essencial como a qualidade dos produtos que fornecemos. Por isso, asseguramo-nos de que os nossos clientes disp\u00f5em sempre dos fornecimentos necess\u00e1rios para manter a continuidade da sua produ\u00e7\u00e3o. <\/p><p>Para isso, dispomos de um edif\u00edcio isolado <strong>de classe A<\/strong>, com um terreno de <strong>12.000 m\u00b2<\/strong> e uma superf\u00edcie operacional de <strong>5.561 m\u00b2<\/strong>, equipado com todas as medidas de seguran\u00e7a e de controlo necess\u00e1rias para cumprir as mais rigorosas normas de higiene e seguran\u00e7a.<\/p>\t\t\t\t\t\t\t\t<\/div>\n\t\t\t\t<\/div>\n\t\t\t\t<\/div>\n\t\t\t\t\t<\/div>\n\t\t\t\t<\/div>\n\t\t<div class=\"elementor-element elementor-element-ebd4938 e-flex e-con-boxed e-con e-parent\" data-id=\"ebd4938\" data-element_type=\"container\">\n\t\t\t\t\t<div class=\"e-con-inner\">\n\t\t<div class=\"elementor-element elementor-element-45f1835 e-con-full e-flex e-con e-child\" data-id=\"45f1835\" data-element_type=\"container\">\n\t\t\t\t<div class=\"elementor-element elementor-element-3fd400a elementor-widget elementor-widget-gallery\" data-id=\"3fd400a\" data-element_type=\"widget\" data-settings=\"{&quot;columns&quot;:2,&quot;gap&quot;:{&quot;unit&quot;:&quot;px&quot;,&quot;size&quot;:8,&quot;sizes&quot;:[]},&quot;lazyload&quot;:&quot;yes&quot;,&quot;gallery_layout&quot;:&quot;grid&quot;,&quot;columns_tablet&quot;:2,&quot;columns_mobile&quot;:1,&quot;gap_tablet&quot;:{&quot;unit&quot;:&quot;px&quot;,&quot;size&quot;:10,&quot;sizes&quot;:[]},&quot;gap_mobile&quot;:{&quot;unit&quot;:&quot;px&quot;,&quot;size&quot;:10,&quot;sizes&quot;:[]},&quot;link_to&quot;:&quot;file&quot;,&quot;aspect_ratio&quot;:&quot;3:2&quot;,&quot;overlay_background&quot;:&quot;yes&quot;,&quot;content_hover_animation&quot;:&quot;fade-in&quot;}\" data-widget_type=\"gallery.default\">\n\t\t\t\t<div class=\"elementor-widget-container\">\n\t\t\t\t\t\t\t<div class=\"elementor-gallery__container\">\n\t\t\t\t\t\t\t<a class=\"e-gallery-item elementor-gallery-item elementor-animated-content\" href=\"https:\/\/www.vicorquimia.com\/wp-content\/uploads\/2025\/07\/VQ-almacen-fv-frontal.png\" data-elementor-open-lightbox=\"yes\" data-elementor-lightbox-slideshow=\"3fd400a\" data-elementor-lightbox-title=\"VQ-almacen-fv-frontal\" data-e-action-hash=\"#elementor-action%3Aaction%3Dlightbox%26settings%3DeyJpZCI6MTExNiwidXJsIjoiaHR0cHM6XC9cL3d3dy52aWNvcnF1aW1pYS5jb21cL3dwLWNvbnRlbnRcL3VwbG9hZHNcLzIwMjVcLzA3XC9WUS1hbG1hY2VuLWZ2LWZyb250YWwucG5nIiwic2xpZGVzaG93IjoiM2ZkNDAwYSJ9\">\n\t\t\t\t\t<div class=\"e-gallery-image elementor-gallery-item__image\" data-thumbnail=\"https:\/\/www.vicorquimia.com\/wp-content\/uploads\/2025\/07\/VQ-almacen-fv-frontal-300x275.png\" data-width=\"300\" data-height=\"275\" aria-label=\"\" role=\"img\" ><\/div>\n\t\t\t\t\t\t\t\t\t\t\t<div class=\"elementor-gallery-item__overlay\"><\/div>\n\t\t\t\t\t\t\t\t\t\t\t\t\t\t<\/a>\n\t\t\t\t\t\t\t<a class=\"e-gallery-item elementor-gallery-item elementor-animated-content\" href=\"https:\/\/www.vicorquimia.com\/wp-content\/uploads\/2025\/07\/2023-09-23_Vicorquimia_158-scaled.jpg\" data-elementor-open-lightbox=\"yes\" data-elementor-lightbox-slideshow=\"3fd400a\" data-elementor-lightbox-title=\"2023-09-23_Vicorquimia_158\" data-e-action-hash=\"#elementor-action%3Aaction%3Dlightbox%26settings%3DeyJpZCI6Njc1LCJ1cmwiOiJodHRwczpcL1wvd3d3LnZpY29ycXVpbWlhLmNvbVwvd3AtY29udGVudFwvdXBsb2Fkc1wvMjAyNVwvMDdcLzIwMjMtMDktMjNfVmljb3JxdWltaWFfMTU4LXNjYWxlZC5qcGciLCJzbGlkZXNob3ciOiIzZmQ0MDBhIn0%3D\">\n\t\t\t\t\t<div class=\"e-gallery-image elementor-gallery-item__image\" data-thumbnail=\"https:\/\/www.vicorquimia.com\/wp-content\/uploads\/2025\/07\/2023-09-23_Vicorquimia_158-300x200.jpg\" data-width=\"300\" data-height=\"200\" aria-label=\"\" role=\"img\" ><\/div>\n\t\t\t\t\t\t\t\t\t\t\t<div class=\"elementor-gallery-item__overlay\"><\/div>\n\t\t\t\t\t\t\t\t\t\t\t\t\t\t<\/a>\n\t\t\t\t\t\t\t<a class=\"e-gallery-item elementor-gallery-item elementor-animated-content\" href=\"https:\/\/www.vicorquimia.com\/wp-content\/uploads\/2023\/04\/logistica-final-17.jpg\" data-elementor-open-lightbox=\"yes\" data-elementor-lightbox-slideshow=\"3fd400a\" data-elementor-lightbox-title=\"logistica-final-17\" data-e-action-hash=\"#elementor-action%3Aaction%3Dlightbox%26settings%3DeyJpZCI6MjI0LCJ1cmwiOiJodHRwczpcL1wvd3d3LnZpY29ycXVpbWlhLmNvbVwvd3AtY29udGVudFwvdXBsb2Fkc1wvMjAyM1wvMDRcL2xvZ2lzdGljYS1maW5hbC0xNy5qcGciLCJzbGlkZXNob3ciOiIzZmQ0MDBhIn0%3D\">\n\t\t\t\t\t<div class=\"e-gallery-image elementor-gallery-item__image\" data-thumbnail=\"https:\/\/www.vicorquimia.com\/wp-content\/uploads\/2023\/04\/logistica-final-17-300x200.jpg\" data-width=\"300\" data-height=\"200\" aria-label=\"\" role=\"img\" ><\/div>\n\t\t\t\t\t\t\t\t\t\t\t<div class=\"elementor-gallery-item__overlay\"><\/div>\n\t\t\t\t\t\t\t\t\t\t\t\t\t\t<\/a>\n\t\t\t\t\t\t\t<a class=\"e-gallery-item elementor-gallery-item elementor-animated-content\" href=\"https:\/\/www.vicorquimia.com\/wp-content\/uploads\/2023\/04\/logistica-final-1.jpg\" data-elementor-open-lightbox=\"yes\" data-elementor-lightbox-slideshow=\"3fd400a\" data-elementor-lightbox-title=\"logistica-final-1\" data-e-action-hash=\"#elementor-action%3Aaction%3Dlightbox%26settings%3DeyJpZCI6MjMwLCJ1cmwiOiJodHRwczpcL1wvd3d3LnZpY29ycXVpbWlhLmNvbVwvd3AtY29udGVudFwvdXBsb2Fkc1wvMjAyM1wvMDRcL2xvZ2lzdGljYS1maW5hbC0xLmpwZyIsInNsaWRlc2hvdyI6IjNmZDQwMGEifQ%3D%3D\">\n\t\t\t\t\t<div class=\"e-gallery-image elementor-gallery-item__image\" data-thumbnail=\"https:\/\/www.vicorquimia.com\/wp-content\/uploads\/2023\/04\/logistica-final-1-300x169.jpg\" data-width=\"300\" data-height=\"169\" aria-label=\"\" role=\"img\" ><\/div>\n\t\t\t\t\t\t\t\t\t\t\t<div class=\"elementor-gallery-item__overlay\"><\/div>\n\t\t\t\t\t\t\t\t\t\t\t\t\t\t<\/a>\n\t\t\t\t\t\t\t<a class=\"e-gallery-item elementor-gallery-item elementor-animated-content\" href=\"https:\/\/www.vicorquimia.com\/wp-content\/uploads\/2025\/07\/2023-09-23_Vicorquimia_173-scaled.jpg\" data-elementor-open-lightbox=\"yes\" data-elementor-lightbox-slideshow=\"3fd400a\" data-elementor-lightbox-title=\"2023-09-23_Vicorquimia_173\" data-e-action-hash=\"#elementor-action%3Aaction%3Dlightbox%26settings%3DeyJpZCI6Njc2LCJ1cmwiOiJodHRwczpcL1wvd3d3LnZpY29ycXVpbWlhLmNvbVwvd3AtY29udGVudFwvdXBsb2Fkc1wvMjAyNVwvMDdcLzIwMjMtMDktMjNfVmljb3JxdWltaWFfMTczLXNjYWxlZC5qcGciLCJzbGlkZXNob3ciOiIzZmQ0MDBhIn0%3D\">\n\t\t\t\t\t<div class=\"e-gallery-image elementor-gallery-item__image\" data-thumbnail=\"https:\/\/www.vicorquimia.com\/wp-content\/uploads\/2025\/07\/2023-09-23_Vicorquimia_173-300x200.jpg\" data-width=\"300\" data-height=\"200\" aria-label=\"\" role=\"img\" ><\/div>\n\t\t\t\t\t\t\t\t\t\t\t<div class=\"elementor-gallery-item__overlay\"><\/div>\n\t\t\t\t\t\t\t\t\t\t\t\t\t\t<\/a>\n\t\t\t\t\t\t\t<a class=\"e-gallery-item elementor-gallery-item elementor-animated-content\" href=\"https:\/\/www.vicorquimia.com\/wp-content\/uploads\/2023\/04\/logistica-final-14.jpg\" data-elementor-open-lightbox=\"yes\" data-elementor-lightbox-slideshow=\"3fd400a\" data-elementor-lightbox-title=\"logistica-final-14\" data-e-action-hash=\"#elementor-action%3Aaction%3Dlightbox%26settings%3DeyJpZCI6MjIwLCJ1cmwiOiJodHRwczpcL1wvd3d3LnZpY29ycXVpbWlhLmNvbVwvd3AtY29udGVudFwvdXBsb2Fkc1wvMjAyM1wvMDRcL2xvZ2lzdGljYS1maW5hbC0xNC5qcGciLCJzbGlkZXNob3ciOiIzZmQ0MDBhIn0%3D\">\n\t\t\t\t\t<div class=\"e-gallery-image elementor-gallery-item__image\" data-thumbnail=\"https:\/\/www.vicorquimia.com\/wp-content\/uploads\/2023\/04\/logistica-final-14-300x200.jpg\" data-width=\"300\" data-height=\"200\" aria-label=\"\" role=\"img\" ><\/div>\n\t\t\t\t\t\t\t\t\t\t\t<div class=\"elementor-gallery-item__overlay\"><\/div>\n\t\t\t\t\t\t\t\t\t\t\t\t\t\t<\/a>\n\t\t\t\t\t<\/div>\n\t\t\t\t\t<\/div>\n\t\t\t\t<\/div>\n\t\t\t\t<\/div>\n\t\t<div class=\"elementor-element elementor-element-d74198f e-con-full e-flex e-con e-child\" data-id=\"d74198f\" data-element_type=\"container\">\n\t\t<div class=\"elementor-element elementor-element-86de17d e-con-full e-flex e-con e-child\" data-id=\"86de17d\" data-element_type=\"container\">\n\t\t\t\t<div class=\"elementor-element elementor-element-dc82c0d elementor-widget__width-initial elementor-widget elementor-widget-text-editor\" data-id=\"dc82c0d\" data-element_type=\"widget\" data-widget_type=\"text-editor.default\">\n\t\t\t\t<div class=\"elementor-widget-container\">\n\t\t\t\t\t\t\t\t\t<p>As nossas instala\u00e7\u00f5es incluem:<\/p>\n<ul>\n<li>\n<p>Mais de <strong>5.000 m\u00b2<\/strong> de espa\u00e7o de armazenamento.<\/p>\n<\/li>\n<li>\n<p><strong>6 cais<\/strong> de carga e descarga.<\/p>\n<\/li>\n<li>\n<p><strong>Sala limpa<\/strong> para a manipula\u00e7\u00e3o de produtos sens\u00edveis.<\/p>\n<\/li>\n<li>\n<p>Estantes de alta seguran\u00e7a com capacidade para mais de <strong>5.000 paletes<\/strong>.<\/p>\n<\/li>\n<li>\n<p><strong>WMS (Warehouse Management System)<\/strong> controlado por radiofrequ\u00eancia.<\/p>\n<\/li>\n<li>\n<p>Monitoriza\u00e7\u00e3o cont\u00ednua da temperatura interior.<\/p>\n<\/li>\n<li>\n<p>Respeita rigorosamente a regulamenta\u00e7\u00e3o em vigor em mat\u00e9ria de sa\u00fade e seguran\u00e7a.<\/p>\n<\/li>\n<li>\n<p>Elevadas medidas de seguran\u00e7a contra inc\u00eandios, com sistemas de prote\u00e7\u00e3o avan\u00e7ados.<\/p>\n<\/li>\n<li>\n<p>Controlo de acessos com <strong>videovigil\u00e2ncia<\/strong> e <strong>an\u00e1lise de v\u00eddeo<\/strong>, garantindo a m\u00e1xima seguran\u00e7a das instala\u00e7\u00f5es.<\/p>\n<\/li>\n<\/ul>\t\t\t\t\t\t\t\t<\/div>\n\t\t\t\t<\/div>\n\t\t\t\t<\/div>\n\t\t\t\t<\/div>\n\t\t<div class=\"elementor-element elementor-element-0597f52 e-con-full e-flex e-con e-child\" data-id=\"0597f52\" data-element_type=\"container\">\n\t\t<div class=\"elementor-element elementor-element-78fb924 e-con-full e-flex e-con e-child\" data-id=\"78fb924\" data-element_type=\"container\">\n\t\t\t\t<div class=\"elementor-element elementor-element-f2bb6aa elementor-widget elementor-widget-text-editor\" data-id=\"f2bb6aa\" data-element_type=\"widget\" data-widget_type=\"text-editor.default\">\n\t\t\t\t<div class=\"elementor-widget-container\">\n\t\t\t\t\t\t\t\t\t<p>A nossa preocupa\u00e7\u00e3o rigorosa com a <strong>seguran\u00e7a<\/strong> e a <strong>rastreabilidade<\/strong> garante que cada produto pode ser rastreado desde a sua origem at\u00e9 ao seu destino final, assegurando total transpar\u00eancia em todas as fases do processo log\u00edstico.<\/p><p>Para al\u00e9m dos nossos pr\u00f3prios recursos, do nosso armaz\u00e9m e da nossa equipa especializada em log\u00edstica, temos acordos estrat\u00e9gicos com as <strong>melhores empresas de transporte, expedi\u00e7\u00e3o e log\u00edstica<\/strong>. Isto permite-nos oferecer a melhor log\u00edstica poss\u00edvel, garantindo a entrega eficiente e pontual dos produtos aos nossos clientes em qualquer ponto do territ\u00f3rio. <\/p><p>Oferecemos um servi\u00e7o muito eficiente, com um tempo de prepara\u00e7\u00e3o da encomenda inferior a <strong>5 horas<\/strong>, desde a rece\u00e7\u00e3o at\u00e9 ao carregamento no cami\u00e3o de transporte. Gra\u00e7as a esta infraestrutura e aos nossos parceiros log\u00edsticos, podemos enviar os produtos para qualquer ponto de Espanha em <strong>24 horas<\/strong>. <\/p><p>Esta abordagem permite-nos garantir um servi\u00e7o log\u00edstico fi\u00e1vel e \u00e1gil, adaptado \u00e0s necessidades de cada cliente, com a tranquilidade de que todos os processos s\u00e3o realizados sob os mais elevados padr\u00f5es de seguran\u00e7a e controlo.<\/p>\t\t\t\t\t\t\t\t<\/div>\n\t\t\t\t<\/div>\n\t\t\t\t<\/div>\n\t\t\t\t<\/div>\n\t\t\t\t\t<\/div>\n\t\t\t\t<\/div>\n\t\t\t\t<\/div>\n\t\t","protected":false},"excerpt":{"rendered":"<p>Comprometidos com um servi\u00e7o flex\u00edvel, r\u00e1pido e fi\u00e1vel Na Vicorquimia sabemos que a pontualidade \u00e9 t\u00e3o essencial como a qualidade dos produtos que fornecemos. Por isso, asseguramo-nos de que os nossos clientes disp\u00f5em sempre dos fornecimentos necess\u00e1rios para manter a continuidade da sua produ\u00e7\u00e3o. Para isso, dispomos de um edif\u00edcio isolado de classe A, com [&hellip;]<\/p>\n","protected":false},"author":1,"featured_media":0,"parent":0,"menu_order":0,"comment_status":"closed","ping_status":"closed","template":"","meta":{"footnotes":""},"class_list":["post-1875","page","type-page","status-publish","hentry"],"yoast_head":"<!-- This site is optimized with the Yoast SEO plugin v25.9 - https:\/\/yoast.com\/wordpress\/plugins\/seo\/ -->\n<title>Log\u00edstica e distribui\u00e7\u00e3o - VICORQUIMIA - Distribuci\u00f3n de Ingredientes y Complementos Alimenticios en Espa\u00f1a | Trayectoria desde 1972<\/title>\n<meta name=\"description\" content=\"Na Vicorquimia garantimos um servi\u00e7o log\u00edstico flex\u00edvel, r\u00e1pido e seguro, com entregas 24 horas por dia, instala\u00e7\u00f5es de alta seguran\u00e7a e um controlo total da rastreabilidade.\" \/>\n<meta name=\"robots\" content=\"index, follow, max-snippet:-1, max-image-preview:large, max-video-preview:-1\" \/>\n<link rel=\"canonical\" href=\"https:\/\/www.vicorquimia.com\/pt-pt\/logistica-e-distribuicao\/\" \/>\n<meta property=\"og:locale\" content=\"pt_PT\" \/>\n<meta property=\"og:type\" content=\"article\" \/>\n<meta property=\"og:title\" content=\"Log\u00edstica e distribui\u00e7\u00e3o - VICORQUIMIA - Distribuci\u00f3n de Ingredientes y Complementos Alimenticios en Espa\u00f1a | Trayectoria desde 1972\" \/>\n<meta property=\"og:description\" content=\"Na Vicorquimia garantimos um servi\u00e7o log\u00edstico flex\u00edvel, r\u00e1pido e seguro, com entregas 24 horas por dia, instala\u00e7\u00f5es de alta seguran\u00e7a e um controlo total da rastreabilidade.\" \/>\n<meta property=\"og:url\" content=\"https:\/\/www.vicorquimia.com\/pt-pt\/logistica-e-distribuicao\/\" \/>\n<meta property=\"og:site_name\" content=\"VICORQUIMIA - Distribuci\u00f3n de Ingredientes y Complementos Alimenticios en Espa\u00f1a | Trayectoria desde 1972\" \/>\n<meta property=\"article:modified_time\" content=\"2025-08-05T13:08:31+00:00\" \/>\n<meta name=\"twitter:card\" content=\"summary_large_image\" \/>\n<meta name=\"twitter:label1\" content=\"Tempo estimado de leitura\" \/>\n\t<meta name=\"twitter:data1\" content=\"2 minutos\" \/>\n<script type=\"application\/ld+json\" class=\"yoast-schema-graph\">{\"@context\":\"https:\/\/schema.org\",\"@graph\":[{\"@type\":\"WebPage\",\"@id\":\"https:\/\/www.vicorquimia.com\/pt-pt\/logistica-e-distribuicao\/\",\"url\":\"https:\/\/www.vicorquimia.com\/pt-pt\/logistica-e-distribuicao\/\",\"name\":\"Log\u00edstica e distribui\u00e7\u00e3o - VICORQUIMIA - Distribuci\u00f3n de Ingredientes y Complementos Alimenticios en Espa\u00f1a | Trayectoria desde 1972\",\"isPartOf\":{\"@id\":\"https:\/\/www.vicorquimia.com\/pt-pt\/#website\"},\"datePublished\":\"2023-04-27T14:23:54+00:00\",\"dateModified\":\"2025-08-05T13:08:31+00:00\",\"description\":\"Na Vicorquimia garantimos um servi\u00e7o log\u00edstico flex\u00edvel, r\u00e1pido e seguro, com entregas 24 horas por dia, instala\u00e7\u00f5es de alta seguran\u00e7a e um controlo total da rastreabilidade.\",\"breadcrumb\":{\"@id\":\"https:\/\/www.vicorquimia.com\/pt-pt\/logistica-e-distribuicao\/#breadcrumb\"},\"inLanguage\":\"pt-PT\",\"potentialAction\":[{\"@type\":\"ReadAction\",\"target\":[\"https:\/\/www.vicorquimia.com\/pt-pt\/logistica-e-distribuicao\/\"]}]},{\"@type\":\"BreadcrumbList\",\"@id\":\"https:\/\/www.vicorquimia.com\/pt-pt\/logistica-e-distribuicao\/#breadcrumb\",\"itemListElement\":[{\"@type\":\"ListItem\",\"position\":1,\"name\":\"Portada\",\"item\":\"https:\/\/www.vicorquimia.com\/pt-pt\/\"},{\"@type\":\"ListItem\",\"position\":2,\"name\":\"Log\u00edstica e distribui\u00e7\u00e3o\"}]},{\"@type\":\"WebSite\",\"@id\":\"https:\/\/www.vicorquimia.com\/pt-pt\/#website\",\"url\":\"https:\/\/www.vicorquimia.com\/pt-pt\/\",\"name\":\"VICORQUIMIA\",\"description\":\"VICORQUIMIA es una de las principales compa\u00f1\u00edas de distribuci\u00f3n de ingredientes y complementos alimenticios en Espa\u00f1a con m\u00e1s de 40 a\u00f1os de trayectoria. Proveemos a las principales compa\u00f1\u00edas de alimentaci\u00f3n en todo el pa\u00eds, desde c\u00e1rnicas y queseras hasta pasteleras y especializadas en alimentaci\u00f3n ecol\u00f3gica, diet\u00e9tica y nutrici\u00f3n deportiva. Descubre nuestra experiencia y calidad en la distribuci\u00f3n de materias primas para la industria alimentaria.\",\"publisher\":{\"@id\":\"https:\/\/www.vicorquimia.com\/pt-pt\/#organization\"},\"potentialAction\":[{\"@type\":\"SearchAction\",\"target\":{\"@type\":\"EntryPoint\",\"urlTemplate\":\"https:\/\/www.vicorquimia.com\/pt-pt\/?s={search_term_string}\"},\"query-input\":{\"@type\":\"PropertyValueSpecification\",\"valueRequired\":true,\"valueName\":\"search_term_string\"}}],\"inLanguage\":\"pt-PT\"},{\"@type\":\"Organization\",\"@id\":\"https:\/\/www.vicorquimia.com\/pt-pt\/#organization\",\"name\":\"VICORQUIMIA\",\"url\":\"https:\/\/www.vicorquimia.com\/pt-pt\/\",\"logo\":{\"@type\":\"ImageObject\",\"inLanguage\":\"pt-PT\",\"@id\":\"https:\/\/www.vicorquimia.com\/pt-pt\/#\/schema\/logo\/image\/\",\"url\":\"https:\/\/www.vicorquimia.com\/wp-content\/uploads\/2025\/07\/2021_VQ_logo50Anys_transparent_alta.png\",\"contentUrl\":\"https:\/\/www.vicorquimia.com\/wp-content\/uploads\/2025\/07\/2021_VQ_logo50Anys_transparent_alta.png\",\"width\":1295,\"height\":554,\"caption\":\"VICORQUIMIA\"},\"image\":{\"@id\":\"https:\/\/www.vicorquimia.com\/pt-pt\/#\/schema\/logo\/image\/\"},\"sameAs\":[\"https:\/\/www.linkedin.com\/company\/vicorquimia\/\"]}]}<\/script>\n<!-- \/ Yoast SEO plugin. -->","yoast_head_json":{"title":"Log\u00edstica e distribui\u00e7\u00e3o - VICORQUIMIA - Distribuci\u00f3n de Ingredientes y Complementos Alimenticios en Espa\u00f1a | Trayectoria desde 1972","description":"Na Vicorquimia garantimos um servi\u00e7o log\u00edstico flex\u00edvel, r\u00e1pido e seguro, com entregas 24 horas por dia, instala\u00e7\u00f5es de alta seguran\u00e7a e um controlo total da rastreabilidade.","robots":{"index":"index","follow":"follow","max-snippet":"max-snippet:-1","max-image-preview":"max-image-preview:large","max-video-preview":"max-video-preview:-1"},"canonical":"https:\/\/www.vicorquimia.com\/pt-pt\/logistica-e-distribuicao\/","og_locale":"pt_PT","og_type":"article","og_title":"Log\u00edstica e distribui\u00e7\u00e3o - VICORQUIMIA - Distribuci\u00f3n de Ingredientes y Complementos Alimenticios en Espa\u00f1a | Trayectoria desde 1972","og_description":"Na Vicorquimia garantimos um servi\u00e7o log\u00edstico flex\u00edvel, r\u00e1pido e seguro, com entregas 24 horas por dia, instala\u00e7\u00f5es de alta seguran\u00e7a e um controlo total da rastreabilidade.","og_url":"https:\/\/www.vicorquimia.com\/pt-pt\/logistica-e-distribuicao\/","og_site_name":"VICORQUIMIA - Distribuci\u00f3n de Ingredientes y Complementos Alimenticios en Espa\u00f1a | Trayectoria desde 1972","article_modified_time":"2025-08-05T13:08:31+00:00","twitter_card":"summary_large_image","twitter_misc":{"Tempo estimado de leitura":"2 minutos"},"schema":{"@context":"https:\/\/schema.org","@graph":[{"@type":"WebPage","@id":"https:\/\/www.vicorquimia.com\/pt-pt\/logistica-e-distribuicao\/","url":"https:\/\/www.vicorquimia.com\/pt-pt\/logistica-e-distribuicao\/","name":"Log\u00edstica e distribui\u00e7\u00e3o - VICORQUIMIA - Distribuci\u00f3n de Ingredientes y Complementos Alimenticios en Espa\u00f1a | Trayectoria desde 1972","isPartOf":{"@id":"https:\/\/www.vicorquimia.com\/pt-pt\/#website"},"datePublished":"2023-04-27T14:23:54+00:00","dateModified":"2025-08-05T13:08:31+00:00","description":"Na Vicorquimia garantimos um servi\u00e7o log\u00edstico flex\u00edvel, r\u00e1pido e seguro, com entregas 24 horas por dia, instala\u00e7\u00f5es de alta seguran\u00e7a e um controlo total da rastreabilidade.","breadcrumb":{"@id":"https:\/\/www.vicorquimia.com\/pt-pt\/logistica-e-distribuicao\/#breadcrumb"},"inLanguage":"pt-PT","potentialAction":[{"@type":"ReadAction","target":["https:\/\/www.vicorquimia.com\/pt-pt\/logistica-e-distribuicao\/"]}]},{"@type":"BreadcrumbList","@id":"https:\/\/www.vicorquimia.com\/pt-pt\/logistica-e-distribuicao\/#breadcrumb","itemListElement":[{"@type":"ListItem","position":1,"name":"Portada","item":"https:\/\/www.vicorquimia.com\/pt-pt\/"},{"@type":"ListItem","position":2,"name":"Log\u00edstica e distribui\u00e7\u00e3o"}]},{"@type":"WebSite","@id":"https:\/\/www.vicorquimia.com\/pt-pt\/#website","url":"https:\/\/www.vicorquimia.com\/pt-pt\/","name":"VICORQUIMIA","description":"VICORQUIMIA es una de las principales compa\u00f1\u00edas de distribuci\u00f3n de ingredientes y complementos alimenticios en Espa\u00f1a con m\u00e1s de 40 a\u00f1os de trayectoria. Proveemos a las principales compa\u00f1\u00edas de alimentaci\u00f3n en todo el pa\u00eds, desde c\u00e1rnicas y queseras hasta pasteleras y especializadas en alimentaci\u00f3n ecol\u00f3gica, diet\u00e9tica y nutrici\u00f3n deportiva. Descubre nuestra experiencia y calidad en la distribuci\u00f3n de materias primas para la industria alimentaria.","publisher":{"@id":"https:\/\/www.vicorquimia.com\/pt-pt\/#organization"},"potentialAction":[{"@type":"SearchAction","target":{"@type":"EntryPoint","urlTemplate":"https:\/\/www.vicorquimia.com\/pt-pt\/?s={search_term_string}"},"query-input":{"@type":"PropertyValueSpecification","valueRequired":true,"valueName":"search_term_string"}}],"inLanguage":"pt-PT"},{"@type":"Organization","@id":"https:\/\/www.vicorquimia.com\/pt-pt\/#organization","name":"VICORQUIMIA","url":"https:\/\/www.vicorquimia.com\/pt-pt\/","logo":{"@type":"ImageObject","inLanguage":"pt-PT","@id":"https:\/\/www.vicorquimia.com\/pt-pt\/#\/schema\/logo\/image\/","url":"https:\/\/www.vicorquimia.com\/wp-content\/uploads\/2025\/07\/2021_VQ_logo50Anys_transparent_alta.png","contentUrl":"https:\/\/www.vicorquimia.com\/wp-content\/uploads\/2025\/07\/2021_VQ_logo50Anys_transparent_alta.png","width":1295,"height":554,"caption":"VICORQUIMIA"},"image":{"@id":"https:\/\/www.vicorquimia.com\/pt-pt\/#\/schema\/logo\/image\/"},"sameAs":["https:\/\/www.linkedin.com\/company\/vicorquimia\/"]}]}},"_links":{"self":[{"href":"https:\/\/www.vicorquimia.com\/pt-pt\/wp-json\/wp\/v2\/pages\/1875","targetHints":{"allow":["GET"]}}],"collection":[{"href":"https:\/\/www.vicorquimia.com\/pt-pt\/wp-json\/wp\/v2\/pages"}],"about":[{"href":"https:\/\/www.vicorquimia.com\/pt-pt\/wp-json\/wp\/v2\/types\/page"}],"author":[{"embeddable":true,"href":"https:\/\/www.vicorquimia.com\/pt-pt\/wp-json\/wp\/v2\/users\/1"}],"replies":[{"embeddable":true,"href":"https:\/\/www.vicorquimia.com\/pt-pt\/wp-json\/wp\/v2\/comments?post=1875"}],"version-history":[{"count":1,"href":"https:\/\/www.vicorquimia.com\/pt-pt\/wp-json\/wp\/v2\/pages\/1875\/revisions"}],"predecessor-version":[{"id":1876,"href":"https:\/\/www.vicorquimia.com\/pt-pt\/wp-json\/wp\/v2\/pages\/1875\/revisions\/1876"}],"wp:attachment":[{"href":"https:\/\/www.vicorquimia.com\/pt-pt\/wp-json\/wp\/v2\/media?parent=1875"}],"curies":[{"name":"wp","href":"https:\/\/api.w.org\/{rel}","templated":true}]}}