{"id":1873,"date":"2023-04-27T16:23:54","date_gmt":"2023-04-27T14:23:54","guid":{"rendered":"https:\/\/www.vicorquimia.com\/logistique-et-distribution\/"},"modified":"2025-08-05T15:08:29","modified_gmt":"2025-08-05T13:08:29","slug":"logistique-et-distribution","status":"publish","type":"page","link":"https:\/\/www.vicorquimia.com\/fr\/logistique-et-distribution\/","title":{"rendered":"Logistique et distribution"},"content":{"rendered":"\t\t<div data-elementor-type=\"wp-page\" data-elementor-id=\"1873\" class=\"elementor elementor-1873 elementor-258\" data-elementor-post-type=\"page\">\n\t\t\t\t<div class=\"elementor-element elementor-element-45af55a e-flex e-con-boxed e-con e-parent\" data-id=\"45af55a\" data-element_type=\"container\">\n\t\t\t\t\t<div class=\"e-con-inner\">\n\t\t<div class=\"elementor-element elementor-element-84b3a42 e-con-full e-flex e-con e-child\" data-id=\"84b3a42\" data-element_type=\"container\">\n\t\t\t\t<div class=\"elementor-element elementor-element-1e2094f elementor-widget elementor-widget-heading\" data-id=\"1e2094f\" data-element_type=\"widget\" data-widget_type=\"heading.default\">\n\t\t\t\t<div class=\"elementor-widget-container\">\n\t\t\t\t\t<h2 class=\"elementor-heading-title elementor-size-default\">Un service flexible, rapide et fiable<\/h2>\t\t\t\t<\/div>\n\t\t\t\t<\/div>\n\t\t\t\t<div class=\"elementor-element elementor-element-18fd428 elementor-widget elementor-widget-text-editor\" data-id=\"18fd428\" data-element_type=\"widget\" data-widget_type=\"text-editor.default\">\n\t\t\t\t<div class=\"elementor-widget-container\">\n\t\t\t\t\t\t\t\t\t<p>Chez <strong>Vicorquimia<\/strong>, nous savons que la ponctualit\u00e9 est aussi essentielle que la qualit\u00e9 des produits que nous fournissons. C&rsquo;est pourquoi nous veillons \u00e0 ce que nos clients disposent toujours des intrants n\u00e9cessaires pour assurer la continuit\u00e9 de leur production.<\/p><p>Pour ce faire, nous disposons d&rsquo;un b\u00e2timent isol\u00e9 de <strong>classe A<\/strong>, avec un terrain de <strong>12 000 m\u00b2<\/strong> et une surface op\u00e9rationnelle de <strong>5 561 m\u00b2<\/strong>, \u00e9quip\u00e9 de toutes les mesures de s\u00e9curit\u00e9 et de contr\u00f4le n\u00e9cessaires pour respecter les r\u00e9glementations les plus strictes en mati\u00e8re d&rsquo;hygi\u00e8ne et de s\u00e9curit\u00e9.<\/p>\t\t\t\t\t\t\t\t<\/div>\n\t\t\t\t<\/div>\n\t\t\t\t<\/div>\n\t\t\t\t\t<\/div>\n\t\t\t\t<\/div>\n\t\t<div class=\"elementor-element elementor-element-ebd4938 e-flex e-con-boxed e-con e-parent\" data-id=\"ebd4938\" data-element_type=\"container\">\n\t\t\t\t\t<div class=\"e-con-inner\">\n\t\t<div class=\"elementor-element elementor-element-45f1835 e-con-full e-flex e-con e-child\" data-id=\"45f1835\" data-element_type=\"container\">\n\t\t\t\t<div class=\"elementor-element elementor-element-3fd400a elementor-widget elementor-widget-gallery\" data-id=\"3fd400a\" data-element_type=\"widget\" data-settings=\"{&quot;columns&quot;:2,&quot;gap&quot;:{&quot;unit&quot;:&quot;px&quot;,&quot;size&quot;:8,&quot;sizes&quot;:[]},&quot;lazyload&quot;:&quot;yes&quot;,&quot;gallery_layout&quot;:&quot;grid&quot;,&quot;columns_tablet&quot;:2,&quot;columns_mobile&quot;:1,&quot;gap_tablet&quot;:{&quot;unit&quot;:&quot;px&quot;,&quot;size&quot;:10,&quot;sizes&quot;:[]},&quot;gap_mobile&quot;:{&quot;unit&quot;:&quot;px&quot;,&quot;size&quot;:10,&quot;sizes&quot;:[]},&quot;link_to&quot;:&quot;file&quot;,&quot;aspect_ratio&quot;:&quot;3:2&quot;,&quot;overlay_background&quot;:&quot;yes&quot;,&quot;content_hover_animation&quot;:&quot;fade-in&quot;}\" data-widget_type=\"gallery.default\">\n\t\t\t\t<div class=\"elementor-widget-container\">\n\t\t\t\t\t\t\t<div class=\"elementor-gallery__container\">\n\t\t\t\t\t\t\t<a class=\"e-gallery-item elementor-gallery-item elementor-animated-content\" href=\"https:\/\/www.vicorquimia.com\/wp-content\/uploads\/2025\/07\/VQ-almacen-fv-frontal.png\" data-elementor-open-lightbox=\"yes\" data-elementor-lightbox-slideshow=\"3fd400a\" data-elementor-lightbox-title=\"VQ-almacen-fv-frontal\" data-e-action-hash=\"#elementor-action%3Aaction%3Dlightbox%26settings%3DeyJpZCI6MTExNiwidXJsIjoiaHR0cHM6XC9cL3d3dy52aWNvcnF1aW1pYS5jb21cL3dwLWNvbnRlbnRcL3VwbG9hZHNcLzIwMjVcLzA3XC9WUS1hbG1hY2VuLWZ2LWZyb250YWwucG5nIiwic2xpZGVzaG93IjoiM2ZkNDAwYSJ9\">\n\t\t\t\t\t<div class=\"e-gallery-image elementor-gallery-item__image\" data-thumbnail=\"https:\/\/www.vicorquimia.com\/wp-content\/uploads\/2025\/07\/VQ-almacen-fv-frontal-300x275.png\" data-width=\"300\" data-height=\"275\" aria-label=\"\" role=\"img\" ><\/div>\n\t\t\t\t\t\t\t\t\t\t\t<div class=\"elementor-gallery-item__overlay\"><\/div>\n\t\t\t\t\t\t\t\t\t\t\t\t\t\t<\/a>\n\t\t\t\t\t\t\t<a class=\"e-gallery-item elementor-gallery-item elementor-animated-content\" href=\"https:\/\/www.vicorquimia.com\/wp-content\/uploads\/2025\/07\/2023-09-23_Vicorquimia_158-scaled.jpg\" data-elementor-open-lightbox=\"yes\" data-elementor-lightbox-slideshow=\"3fd400a\" data-elementor-lightbox-title=\"2023-09-23_Vicorquimia_158\" data-e-action-hash=\"#elementor-action%3Aaction%3Dlightbox%26settings%3DeyJpZCI6Njc1LCJ1cmwiOiJodHRwczpcL1wvd3d3LnZpY29ycXVpbWlhLmNvbVwvd3AtY29udGVudFwvdXBsb2Fkc1wvMjAyNVwvMDdcLzIwMjMtMDktMjNfVmljb3JxdWltaWFfMTU4LXNjYWxlZC5qcGciLCJzbGlkZXNob3ciOiIzZmQ0MDBhIn0%3D\">\n\t\t\t\t\t<div class=\"e-gallery-image elementor-gallery-item__image\" data-thumbnail=\"https:\/\/www.vicorquimia.com\/wp-content\/uploads\/2025\/07\/2023-09-23_Vicorquimia_158-300x200.jpg\" data-width=\"300\" data-height=\"200\" aria-label=\"\" role=\"img\" ><\/div>\n\t\t\t\t\t\t\t\t\t\t\t<div class=\"elementor-gallery-item__overlay\"><\/div>\n\t\t\t\t\t\t\t\t\t\t\t\t\t\t<\/a>\n\t\t\t\t\t\t\t<a class=\"e-gallery-item elementor-gallery-item elementor-animated-content\" href=\"https:\/\/www.vicorquimia.com\/wp-content\/uploads\/2023\/04\/logistica-final-17.jpg\" data-elementor-open-lightbox=\"yes\" data-elementor-lightbox-slideshow=\"3fd400a\" data-elementor-lightbox-title=\"logistica-final-17\" data-e-action-hash=\"#elementor-action%3Aaction%3Dlightbox%26settings%3DeyJpZCI6MjI0LCJ1cmwiOiJodHRwczpcL1wvd3d3LnZpY29ycXVpbWlhLmNvbVwvd3AtY29udGVudFwvdXBsb2Fkc1wvMjAyM1wvMDRcL2xvZ2lzdGljYS1maW5hbC0xNy5qcGciLCJzbGlkZXNob3ciOiIzZmQ0MDBhIn0%3D\">\n\t\t\t\t\t<div class=\"e-gallery-image elementor-gallery-item__image\" data-thumbnail=\"https:\/\/www.vicorquimia.com\/wp-content\/uploads\/2023\/04\/logistica-final-17-300x200.jpg\" data-width=\"300\" data-height=\"200\" aria-label=\"\" role=\"img\" ><\/div>\n\t\t\t\t\t\t\t\t\t\t\t<div class=\"elementor-gallery-item__overlay\"><\/div>\n\t\t\t\t\t\t\t\t\t\t\t\t\t\t<\/a>\n\t\t\t\t\t\t\t<a class=\"e-gallery-item elementor-gallery-item elementor-animated-content\" href=\"https:\/\/www.vicorquimia.com\/wp-content\/uploads\/2023\/04\/logistica-final-1.jpg\" data-elementor-open-lightbox=\"yes\" data-elementor-lightbox-slideshow=\"3fd400a\" data-elementor-lightbox-title=\"logistica-final-1\" data-e-action-hash=\"#elementor-action%3Aaction%3Dlightbox%26settings%3DeyJpZCI6MjMwLCJ1cmwiOiJodHRwczpcL1wvd3d3LnZpY29ycXVpbWlhLmNvbVwvd3AtY29udGVudFwvdXBsb2Fkc1wvMjAyM1wvMDRcL2xvZ2lzdGljYS1maW5hbC0xLmpwZyIsInNsaWRlc2hvdyI6IjNmZDQwMGEifQ%3D%3D\">\n\t\t\t\t\t<div class=\"e-gallery-image elementor-gallery-item__image\" data-thumbnail=\"https:\/\/www.vicorquimia.com\/wp-content\/uploads\/2023\/04\/logistica-final-1-300x169.jpg\" data-width=\"300\" data-height=\"169\" aria-label=\"\" role=\"img\" ><\/div>\n\t\t\t\t\t\t\t\t\t\t\t<div class=\"elementor-gallery-item__overlay\"><\/div>\n\t\t\t\t\t\t\t\t\t\t\t\t\t\t<\/a>\n\t\t\t\t\t\t\t<a class=\"e-gallery-item elementor-gallery-item elementor-animated-content\" href=\"https:\/\/www.vicorquimia.com\/wp-content\/uploads\/2025\/07\/2023-09-23_Vicorquimia_173-scaled.jpg\" data-elementor-open-lightbox=\"yes\" data-elementor-lightbox-slideshow=\"3fd400a\" data-elementor-lightbox-title=\"2023-09-23_Vicorquimia_173\" data-e-action-hash=\"#elementor-action%3Aaction%3Dlightbox%26settings%3DeyJpZCI6Njc2LCJ1cmwiOiJodHRwczpcL1wvd3d3LnZpY29ycXVpbWlhLmNvbVwvd3AtY29udGVudFwvdXBsb2Fkc1wvMjAyNVwvMDdcLzIwMjMtMDktMjNfVmljb3JxdWltaWFfMTczLXNjYWxlZC5qcGciLCJzbGlkZXNob3ciOiIzZmQ0MDBhIn0%3D\">\n\t\t\t\t\t<div class=\"e-gallery-image elementor-gallery-item__image\" data-thumbnail=\"https:\/\/www.vicorquimia.com\/wp-content\/uploads\/2025\/07\/2023-09-23_Vicorquimia_173-300x200.jpg\" data-width=\"300\" data-height=\"200\" aria-label=\"\" role=\"img\" ><\/div>\n\t\t\t\t\t\t\t\t\t\t\t<div class=\"elementor-gallery-item__overlay\"><\/div>\n\t\t\t\t\t\t\t\t\t\t\t\t\t\t<\/a>\n\t\t\t\t\t\t\t<a class=\"e-gallery-item elementor-gallery-item elementor-animated-content\" href=\"https:\/\/www.vicorquimia.com\/wp-content\/uploads\/2023\/04\/logistica-final-14.jpg\" data-elementor-open-lightbox=\"yes\" data-elementor-lightbox-slideshow=\"3fd400a\" data-elementor-lightbox-title=\"logistica-final-14\" data-e-action-hash=\"#elementor-action%3Aaction%3Dlightbox%26settings%3DeyJpZCI6MjIwLCJ1cmwiOiJodHRwczpcL1wvd3d3LnZpY29ycXVpbWlhLmNvbVwvd3AtY29udGVudFwvdXBsb2Fkc1wvMjAyM1wvMDRcL2xvZ2lzdGljYS1maW5hbC0xNC5qcGciLCJzbGlkZXNob3ciOiIzZmQ0MDBhIn0%3D\">\n\t\t\t\t\t<div class=\"e-gallery-image elementor-gallery-item__image\" data-thumbnail=\"https:\/\/www.vicorquimia.com\/wp-content\/uploads\/2023\/04\/logistica-final-14-300x200.jpg\" data-width=\"300\" data-height=\"200\" aria-label=\"\" role=\"img\" ><\/div>\n\t\t\t\t\t\t\t\t\t\t\t<div class=\"elementor-gallery-item__overlay\"><\/div>\n\t\t\t\t\t\t\t\t\t\t\t\t\t\t<\/a>\n\t\t\t\t\t<\/div>\n\t\t\t\t\t<\/div>\n\t\t\t\t<\/div>\n\t\t\t\t<\/div>\n\t\t<div class=\"elementor-element elementor-element-d74198f e-con-full e-flex e-con e-child\" data-id=\"d74198f\" data-element_type=\"container\">\n\t\t<div class=\"elementor-element elementor-element-86de17d e-con-full e-flex e-con e-child\" data-id=\"86de17d\" data-element_type=\"container\">\n\t\t\t\t<div class=\"elementor-element elementor-element-dc82c0d elementor-widget__width-initial elementor-widget elementor-widget-text-editor\" data-id=\"dc82c0d\" data-element_type=\"widget\" data-widget_type=\"text-editor.default\">\n\t\t\t\t<div class=\"elementor-widget-container\">\n\t\t\t\t\t\t\t\t\t<p>Nos installations comprennent<\/p>\n<ul>\n<li>\n<p>Plus de <strong>5 000 m\u00b2<\/strong> d&rsquo;espace de stockage.<\/p>\n<\/li>\n<li>\n<p><strong>6 quais de<\/strong> chargement et de d\u00e9chargement.<\/p>\n<\/li>\n<li>\n<p><strong>Salle blanche<\/strong> pour la manipulation de produits sensibles.<\/p>\n<\/li>\n<li>\n<p>Rayonnage de haute s\u00e9curit\u00e9 d&rsquo;une capacit\u00e9 de plus de <strong>5 000 palettes<\/strong>.<\/p>\n<\/li>\n<li>\n<p><strong>WMS (Warehouse Management System)<\/strong> contr\u00f4l\u00e9 par radiofr\u00e9quence.<\/p>\n<\/li>\n<li>\n<p>La temp\u00e9rature int\u00e9rieure est surveill\u00e9e en permanence.<\/p>\n<\/li>\n<li>\n<p>Respecter strictement les r\u00e8gles de sant\u00e9 et de s\u00e9curit\u00e9 en vigueur.<\/p>\n<\/li>\n<li>\n<p>Mesures de s\u00e9curit\u00e9 incendie \u00e9lev\u00e9es, avec des syst\u00e8mes de protection avanc\u00e9s.<\/p>\n<\/li>\n<li>\n<p>Contr\u00f4le d&rsquo;acc\u00e8s avec <strong>vid\u00e9osurveillance<\/strong> et <strong>analyse vid\u00e9o<\/strong>, garantissant une s\u00e9curit\u00e9 maximale des installations.<\/p>\n<\/li>\n<\/ul>\t\t\t\t\t\t\t\t<\/div>\n\t\t\t\t<\/div>\n\t\t\t\t<\/div>\n\t\t\t\t<\/div>\n\t\t<div class=\"elementor-element elementor-element-0597f52 e-con-full e-flex e-con e-child\" data-id=\"0597f52\" data-element_type=\"container\">\n\t\t<div class=\"elementor-element elementor-element-78fb924 e-con-full e-flex e-con e-child\" data-id=\"78fb924\" data-element_type=\"container\">\n\t\t\t\t<div class=\"elementor-element elementor-element-f2bb6aa elementor-widget elementor-widget-text-editor\" data-id=\"f2bb6aa\" data-element_type=\"widget\" data-widget_type=\"text-editor.default\">\n\t\t\t\t<div class=\"elementor-widget-container\">\n\t\t\t\t\t\t\t\t\t<p>L&rsquo;attention que nous portons \u00e0 la <strong>s\u00e9curit\u00e9<\/strong> et \u00e0 la <strong>tra\u00e7abilit\u00e9<\/strong> garantit que chaque produit peut \u00eatre suivi de son origine \u00e0 sa destination finale, ce qui assure une transparence totale \u00e0 chaque \u00e9tape du processus logistique.<\/p><p>Outre nos propres ressources, notre entrep\u00f4t et notre \u00e9quipe d&rsquo;experts en logistique, nous avons conclu des accords strat\u00e9giques avec les <strong>meilleures entreprises de transport, d&rsquo;exp\u00e9dition et de logistique.<\/strong> Cela nous permet d&rsquo;offrir la meilleure logistique possible, garantissant la livraison efficace et ponctuelle des produits \u00e0 nos clients partout sur le territoire.<\/p><p>Nous offrons un service tr\u00e8s efficace, avec un temps de pr\u00e9paration des commandes de moins de <strong>5 heures<\/strong> entre la r\u00e9ception et le chargement sur le camion de transport. Gr\u00e2ce \u00e0 cette infrastructure et \u00e0 nos partenaires logistiques, nous sommes en mesure d&rsquo;exp\u00e9dier des produits partout en Espagne dans les <strong>24 heures.<\/strong><\/p><p>Cette approche nous permet de garantir un service logistique fiable et souple, adapt\u00e9 aux besoins de chaque client, avec la certitude que tous les processus sont ex\u00e9cut\u00e9s dans le respect des normes de s\u00e9curit\u00e9 et de contr\u00f4le les plus strictes.<\/p>\t\t\t\t\t\t\t\t<\/div>\n\t\t\t\t<\/div>\n\t\t\t\t<\/div>\n\t\t\t\t<\/div>\n\t\t\t\t\t<\/div>\n\t\t\t\t<\/div>\n\t\t\t\t<\/div>\n\t\t","protected":false},"excerpt":{"rendered":"<p>Un service flexible, rapide et fiable Chez Vicorquimia, nous savons que la ponctualit\u00e9 est aussi essentielle que la qualit\u00e9 des produits que nous fournissons. C&rsquo;est pourquoi nous veillons \u00e0 ce que nos clients disposent toujours des intrants n\u00e9cessaires pour assurer la continuit\u00e9 de leur production. Pour ce faire, nous disposons d&rsquo;un b\u00e2timent isol\u00e9 de classe [&hellip;]<\/p>\n","protected":false},"author":1,"featured_media":0,"parent":0,"menu_order":0,"comment_status":"closed","ping_status":"closed","template":"","meta":{"footnotes":""},"class_list":["post-1873","page","type-page","status-publish","hentry"],"yoast_head":"<!-- This site is optimized with the Yoast SEO plugin v25.9 - https:\/\/yoast.com\/wordpress\/plugins\/seo\/ -->\n<title>Logistique et distribution - VICORQUIMIA - Distribuci\u00f3n de Ingredientes y Complementos Alimenticios en Espa\u00f1a | Trayectoria desde 1972<\/title>\n<meta name=\"description\" content=\"Chez Vicorquimia, nous garantissons un service logistique flexible, rapide et s\u00fbr, avec des livraisons en 24 heures, des installations hautement s\u00e9curis\u00e9es et un contr\u00f4le total de la tra\u00e7abilit\u00e9.\" \/>\n<meta name=\"robots\" content=\"index, follow, max-snippet:-1, max-image-preview:large, max-video-preview:-1\" \/>\n<link rel=\"canonical\" href=\"https:\/\/www.vicorquimia.com\/fr\/logistique-et-distribution\/\" \/>\n<meta property=\"og:locale\" content=\"fr_FR\" \/>\n<meta property=\"og:type\" content=\"article\" \/>\n<meta property=\"og:title\" content=\"Logistique et distribution - VICORQUIMIA - Distribuci\u00f3n de Ingredientes y Complementos Alimenticios en Espa\u00f1a | Trayectoria desde 1972\" \/>\n<meta property=\"og:description\" content=\"Chez Vicorquimia, nous garantissons un service logistique flexible, rapide et s\u00fbr, avec des livraisons en 24 heures, des installations hautement s\u00e9curis\u00e9es et un contr\u00f4le total de la tra\u00e7abilit\u00e9.\" \/>\n<meta property=\"og:url\" content=\"https:\/\/www.vicorquimia.com\/fr\/logistique-et-distribution\/\" \/>\n<meta property=\"og:site_name\" content=\"VICORQUIMIA - Distribuci\u00f3n de Ingredientes y Complementos Alimenticios en Espa\u00f1a | Trayectoria desde 1972\" \/>\n<meta property=\"article:modified_time\" content=\"2025-08-05T13:08:29+00:00\" \/>\n<meta name=\"twitter:card\" content=\"summary_large_image\" \/>\n<meta name=\"twitter:label1\" content=\"Dur\u00e9e de lecture estim\u00e9e\" \/>\n\t<meta name=\"twitter:data1\" content=\"2 minutes\" \/>\n<script type=\"application\/ld+json\" class=\"yoast-schema-graph\">{\"@context\":\"https:\/\/schema.org\",\"@graph\":[{\"@type\":\"WebPage\",\"@id\":\"https:\/\/www.vicorquimia.com\/fr\/logistique-et-distribution\/\",\"url\":\"https:\/\/www.vicorquimia.com\/fr\/logistique-et-distribution\/\",\"name\":\"Logistique et distribution - VICORQUIMIA - Distribuci\u00f3n de Ingredientes y Complementos Alimenticios en Espa\u00f1a | Trayectoria desde 1972\",\"isPartOf\":{\"@id\":\"https:\/\/www.vicorquimia.com\/fr\/#website\"},\"datePublished\":\"2023-04-27T14:23:54+00:00\",\"dateModified\":\"2025-08-05T13:08:29+00:00\",\"description\":\"Chez Vicorquimia, nous garantissons un service logistique flexible, rapide et s\u00fbr, avec des livraisons en 24 heures, des installations hautement s\u00e9curis\u00e9es et un contr\u00f4le total de la tra\u00e7abilit\u00e9.\",\"breadcrumb\":{\"@id\":\"https:\/\/www.vicorquimia.com\/fr\/logistique-et-distribution\/#breadcrumb\"},\"inLanguage\":\"fr-FR\",\"potentialAction\":[{\"@type\":\"ReadAction\",\"target\":[\"https:\/\/www.vicorquimia.com\/fr\/logistique-et-distribution\/\"]}]},{\"@type\":\"BreadcrumbList\",\"@id\":\"https:\/\/www.vicorquimia.com\/fr\/logistique-et-distribution\/#breadcrumb\",\"itemListElement\":[{\"@type\":\"ListItem\",\"position\":1,\"name\":\"Portada\",\"item\":\"https:\/\/www.vicorquimia.com\/fr\/\"},{\"@type\":\"ListItem\",\"position\":2,\"name\":\"Logistique et distribution\"}]},{\"@type\":\"WebSite\",\"@id\":\"https:\/\/www.vicorquimia.com\/fr\/#website\",\"url\":\"https:\/\/www.vicorquimia.com\/fr\/\",\"name\":\"VICORQUIMIA\",\"description\":\"VICORQUIMIA es una de las principales compa\u00f1\u00edas de distribuci\u00f3n de ingredientes y complementos alimenticios en Espa\u00f1a con m\u00e1s de 40 a\u00f1os de trayectoria. Proveemos a las principales compa\u00f1\u00edas de alimentaci\u00f3n en todo el pa\u00eds, desde c\u00e1rnicas y queseras hasta pasteleras y especializadas en alimentaci\u00f3n ecol\u00f3gica, diet\u00e9tica y nutrici\u00f3n deportiva. Descubre nuestra experiencia y calidad en la distribuci\u00f3n de materias primas para la industria alimentaria.\",\"publisher\":{\"@id\":\"https:\/\/www.vicorquimia.com\/fr\/#organization\"},\"potentialAction\":[{\"@type\":\"SearchAction\",\"target\":{\"@type\":\"EntryPoint\",\"urlTemplate\":\"https:\/\/www.vicorquimia.com\/fr\/?s={search_term_string}\"},\"query-input\":{\"@type\":\"PropertyValueSpecification\",\"valueRequired\":true,\"valueName\":\"search_term_string\"}}],\"inLanguage\":\"fr-FR\"},{\"@type\":\"Organization\",\"@id\":\"https:\/\/www.vicorquimia.com\/fr\/#organization\",\"name\":\"VICORQUIMIA\",\"url\":\"https:\/\/www.vicorquimia.com\/fr\/\",\"logo\":{\"@type\":\"ImageObject\",\"inLanguage\":\"fr-FR\",\"@id\":\"https:\/\/www.vicorquimia.com\/fr\/#\/schema\/logo\/image\/\",\"url\":\"https:\/\/www.vicorquimia.com\/wp-content\/uploads\/2025\/07\/2021_VQ_logo50Anys_transparent_alta.png\",\"contentUrl\":\"https:\/\/www.vicorquimia.com\/wp-content\/uploads\/2025\/07\/2021_VQ_logo50Anys_transparent_alta.png\",\"width\":1295,\"height\":554,\"caption\":\"VICORQUIMIA\"},\"image\":{\"@id\":\"https:\/\/www.vicorquimia.com\/fr\/#\/schema\/logo\/image\/\"},\"sameAs\":[\"https:\/\/www.linkedin.com\/company\/vicorquimia\/\"]}]}<\/script>\n<!-- \/ Yoast SEO plugin. -->","yoast_head_json":{"title":"Logistique et distribution - VICORQUIMIA - Distribuci\u00f3n de Ingredientes y Complementos Alimenticios en Espa\u00f1a | Trayectoria desde 1972","description":"Chez Vicorquimia, nous garantissons un service logistique flexible, rapide et s\u00fbr, avec des livraisons en 24 heures, des installations hautement s\u00e9curis\u00e9es et un contr\u00f4le total de la tra\u00e7abilit\u00e9.","robots":{"index":"index","follow":"follow","max-snippet":"max-snippet:-1","max-image-preview":"max-image-preview:large","max-video-preview":"max-video-preview:-1"},"canonical":"https:\/\/www.vicorquimia.com\/fr\/logistique-et-distribution\/","og_locale":"fr_FR","og_type":"article","og_title":"Logistique et distribution - VICORQUIMIA - Distribuci\u00f3n de Ingredientes y Complementos Alimenticios en Espa\u00f1a | Trayectoria desde 1972","og_description":"Chez Vicorquimia, nous garantissons un service logistique flexible, rapide et s\u00fbr, avec des livraisons en 24 heures, des installations hautement s\u00e9curis\u00e9es et un contr\u00f4le total de la tra\u00e7abilit\u00e9.","og_url":"https:\/\/www.vicorquimia.com\/fr\/logistique-et-distribution\/","og_site_name":"VICORQUIMIA - Distribuci\u00f3n de Ingredientes y Complementos Alimenticios en Espa\u00f1a | Trayectoria desde 1972","article_modified_time":"2025-08-05T13:08:29+00:00","twitter_card":"summary_large_image","twitter_misc":{"Dur\u00e9e de lecture estim\u00e9e":"2 minutes"},"schema":{"@context":"https:\/\/schema.org","@graph":[{"@type":"WebPage","@id":"https:\/\/www.vicorquimia.com\/fr\/logistique-et-distribution\/","url":"https:\/\/www.vicorquimia.com\/fr\/logistique-et-distribution\/","name":"Logistique et distribution - VICORQUIMIA - Distribuci\u00f3n de Ingredientes y Complementos Alimenticios en Espa\u00f1a | Trayectoria desde 1972","isPartOf":{"@id":"https:\/\/www.vicorquimia.com\/fr\/#website"},"datePublished":"2023-04-27T14:23:54+00:00","dateModified":"2025-08-05T13:08:29+00:00","description":"Chez Vicorquimia, nous garantissons un service logistique flexible, rapide et s\u00fbr, avec des livraisons en 24 heures, des installations hautement s\u00e9curis\u00e9es et un contr\u00f4le total de la tra\u00e7abilit\u00e9.","breadcrumb":{"@id":"https:\/\/www.vicorquimia.com\/fr\/logistique-et-distribution\/#breadcrumb"},"inLanguage":"fr-FR","potentialAction":[{"@type":"ReadAction","target":["https:\/\/www.vicorquimia.com\/fr\/logistique-et-distribution\/"]}]},{"@type":"BreadcrumbList","@id":"https:\/\/www.vicorquimia.com\/fr\/logistique-et-distribution\/#breadcrumb","itemListElement":[{"@type":"ListItem","position":1,"name":"Portada","item":"https:\/\/www.vicorquimia.com\/fr\/"},{"@type":"ListItem","position":2,"name":"Logistique et distribution"}]},{"@type":"WebSite","@id":"https:\/\/www.vicorquimia.com\/fr\/#website","url":"https:\/\/www.vicorquimia.com\/fr\/","name":"VICORQUIMIA","description":"VICORQUIMIA es una de las principales compa\u00f1\u00edas de distribuci\u00f3n de ingredientes y complementos alimenticios en Espa\u00f1a con m\u00e1s de 40 a\u00f1os de trayectoria. Proveemos a las principales compa\u00f1\u00edas de alimentaci\u00f3n en todo el pa\u00eds, desde c\u00e1rnicas y queseras hasta pasteleras y especializadas en alimentaci\u00f3n ecol\u00f3gica, diet\u00e9tica y nutrici\u00f3n deportiva. Descubre nuestra experiencia y calidad en la distribuci\u00f3n de materias primas para la industria alimentaria.","publisher":{"@id":"https:\/\/www.vicorquimia.com\/fr\/#organization"},"potentialAction":[{"@type":"SearchAction","target":{"@type":"EntryPoint","urlTemplate":"https:\/\/www.vicorquimia.com\/fr\/?s={search_term_string}"},"query-input":{"@type":"PropertyValueSpecification","valueRequired":true,"valueName":"search_term_string"}}],"inLanguage":"fr-FR"},{"@type":"Organization","@id":"https:\/\/www.vicorquimia.com\/fr\/#organization","name":"VICORQUIMIA","url":"https:\/\/www.vicorquimia.com\/fr\/","logo":{"@type":"ImageObject","inLanguage":"fr-FR","@id":"https:\/\/www.vicorquimia.com\/fr\/#\/schema\/logo\/image\/","url":"https:\/\/www.vicorquimia.com\/wp-content\/uploads\/2025\/07\/2021_VQ_logo50Anys_transparent_alta.png","contentUrl":"https:\/\/www.vicorquimia.com\/wp-content\/uploads\/2025\/07\/2021_VQ_logo50Anys_transparent_alta.png","width":1295,"height":554,"caption":"VICORQUIMIA"},"image":{"@id":"https:\/\/www.vicorquimia.com\/fr\/#\/schema\/logo\/image\/"},"sameAs":["https:\/\/www.linkedin.com\/company\/vicorquimia\/"]}]}},"_links":{"self":[{"href":"https:\/\/www.vicorquimia.com\/fr\/wp-json\/wp\/v2\/pages\/1873","targetHints":{"allow":["GET"]}}],"collection":[{"href":"https:\/\/www.vicorquimia.com\/fr\/wp-json\/wp\/v2\/pages"}],"about":[{"href":"https:\/\/www.vicorquimia.com\/fr\/wp-json\/wp\/v2\/types\/page"}],"author":[{"embeddable":true,"href":"https:\/\/www.vicorquimia.com\/fr\/wp-json\/wp\/v2\/users\/1"}],"replies":[{"embeddable":true,"href":"https:\/\/www.vicorquimia.com\/fr\/wp-json\/wp\/v2\/comments?post=1873"}],"version-history":[{"count":1,"href":"https:\/\/www.vicorquimia.com\/fr\/wp-json\/wp\/v2\/pages\/1873\/revisions"}],"predecessor-version":[{"id":1874,"href":"https:\/\/www.vicorquimia.com\/fr\/wp-json\/wp\/v2\/pages\/1873\/revisions\/1874"}],"wp:attachment":[{"href":"https:\/\/www.vicorquimia.com\/fr\/wp-json\/wp\/v2\/media?parent=1873"}],"curies":[{"name":"wp","href":"https:\/\/api.w.org\/{rel}","templated":true}]}}