{"id":2164,"date":"2023-04-27T17:38:54","date_gmt":"2023-04-27T15:38:54","guid":{"rendered":"https:\/\/www.vicorquimia.com\/customized-solutions\/"},"modified":"2025-08-05T15:11:52","modified_gmt":"2025-08-05T13:11:52","slug":"customized-solutions","status":"publish","type":"page","link":"https:\/\/www.vicorquimia.com\/en\/customized-solutions\/","title":{"rendered":"Customized Solutions"},"content":{"rendered":"\t\t<div data-elementor-type=\"wp-page\" data-elementor-id=\"2164\" class=\"elementor elementor-2164 elementor-315\" data-elementor-post-type=\"page\">\n\t\t\t\t<div class=\"elementor-element elementor-element-d9c6232 e-flex e-con-boxed e-con e-parent\" data-id=\"d9c6232\" data-element_type=\"container\">\n\t\t\t\t\t<div class=\"e-con-inner\">\n\t\t\t\t<div class=\"elementor-element elementor-element-788262b elementor-widget elementor-widget-heading\" data-id=\"788262b\" data-element_type=\"widget\" data-widget_type=\"heading.default\">\n\t\t\t\t<div class=\"elementor-widget-container\">\n\t\t\t\t\t<h2 class=\"elementor-heading-title elementor-size-default\">Customized solutions and new trends<\/h2>\t\t\t\t<\/div>\n\t\t\t\t<\/div>\n\t\t\t\t<div class=\"elementor-element elementor-element-e5b4627 elementor-widget elementor-widget-text-editor\" data-id=\"e5b4627\" data-element_type=\"widget\" data-widget_type=\"text-editor.default\">\n\t\t\t\t<div class=\"elementor-widget-container\">\n\t\t\t\t\t\t\t\t\t<p>We respond to all your demands.<br>Are you interested in a specific application?  <\/p>\t\t\t\t\t\t\t\t<\/div>\n\t\t\t\t<\/div>\n\t\t\t\t\t<\/div>\n\t\t\t\t<\/div>\n\t\t<div class=\"elementor-element elementor-element-9d6cb7c e-flex e-con-boxed e-con e-parent\" data-id=\"9d6cb7c\" data-element_type=\"container\">\n\t\t\t\t\t<div class=\"e-con-inner\">\n\t\t<div class=\"elementor-element elementor-element-41ee0c7 e-con-full e-flex e-con e-child\" data-id=\"41ee0c7\" data-element_type=\"container\">\n\t\t\t\t<div class=\"elementor-element elementor-element-3fc7115 elementor-widget elementor-widget-text-editor\" data-id=\"3fc7115\" data-element_type=\"widget\" data-widget_type=\"text-editor.default\">\n\t\t\t\t<div class=\"elementor-widget-container\">\n\t\t\t\t\t\t\t\t\t<p>In our catalog you will find solutions for:<\/p><ul><li>Dairy Desserts, Cheeses and Ice Creams<\/li><li>Meat Industry and Prepared Meals<\/li><li>Aromas<\/li><li>Bakery, Pastry and Biscuits<\/li><li>Sweets and Chocolates<\/li><li>Infant Feeding, Dietetics and Sports Nutrition<\/li><li>Dehydrated Snacks and Preparations<\/li><\/ul>\t\t\t\t\t\t\t\t<\/div>\n\t\t\t\t<\/div>\n\t\t\t\t<div class=\"elementor-element elementor-element-39a4a06 elementor-widget elementor-widget-text-editor\" data-id=\"39a4a06\" data-element_type=\"widget\" data-widget_type=\"text-editor.default\">\n\t\t\t\t<div class=\"elementor-widget-container\">\n\t\t\t\t\t\t\t\t\t<p>We are attentive to new trends in global food production. To ensure a sustainable, balanced diet suitable for all. <\/p><p>Our team carries out market research to meet the most specific needs.<\/p><ul><li>Sugar-free products<\/li><li>Organic Products: dairy, cheese, meat and starch products<\/li><li>Products suitable for vegan food: potato starches<\/li><li>Infant formulae: lactose, caseinate and potato flakes<\/li><li>Sports Nutrition and Dietetics: proteins, meats and eggs<\/li><\/ul>\t\t\t\t\t\t\t\t<\/div>\n\t\t\t\t<\/div>\n\t\t\t\t<\/div>\n\t\t<div class=\"elementor-element elementor-element-048151b e-con-full e-flex e-con e-child\" data-id=\"048151b\" data-element_type=\"container\">\n\t\t\t\t<div class=\"elementor-element elementor-element-ca46d5d elementor-arrows-position-inside elementor-widget elementor-widget-image-carousel\" data-id=\"ca46d5d\" data-element_type=\"widget\" data-settings=\"{&quot;slides_to_show&quot;:&quot;1&quot;,&quot;navigation&quot;:&quot;arrows&quot;,&quot;autoplay_speed&quot;:3000,&quot;effect&quot;:&quot;fade&quot;,&quot;autoplay&quot;:&quot;yes&quot;,&quot;pause_on_hover&quot;:&quot;yes&quot;,&quot;pause_on_interaction&quot;:&quot;yes&quot;,&quot;infinite&quot;:&quot;yes&quot;,&quot;speed&quot;:500}\" data-widget_type=\"image-carousel.default\">\n\t\t\t\t<div class=\"elementor-widget-container\">\n\t\t\t\t\t\t\t<div class=\"elementor-image-carousel-wrapper swiper\" role=\"region\" aria-roledescription=\"carousel\" aria-label=\"Carrusel de im\u00e1genes\" dir=\"ltr\">\n\t\t\t<div class=\"elementor-image-carousel swiper-wrapper\" aria-live=\"off\">\n\t\t\t\t\t\t\t\t<div class=\"swiper-slide\" role=\"group\" aria-roledescription=\"slide\" aria-label=\"1 of 6\"><figure class=\"swiper-slide-inner\"><img decoding=\"async\" class=\"swiper-slide-image\" src=\"https:\/\/www.vicorquimia.com\/wp-content\/uploads\/2023\/05\/apliaciones_8.jpg\" alt=\"apliaciones_8\" \/><\/figure><\/div><div class=\"swiper-slide\" role=\"group\" aria-roledescription=\"slide\" aria-label=\"2 of 6\"><figure class=\"swiper-slide-inner\"><img decoding=\"async\" class=\"swiper-slide-image\" src=\"https:\/\/www.vicorquimia.com\/wp-content\/uploads\/2023\/05\/apliaciones_6.jpg\" alt=\"apliaciones_6\" \/><\/figure><\/div><div class=\"swiper-slide\" role=\"group\" aria-roledescription=\"slide\" aria-label=\"3 of 6\"><figure class=\"swiper-slide-inner\"><img decoding=\"async\" class=\"swiper-slide-image\" src=\"https:\/\/www.vicorquimia.com\/wp-content\/uploads\/2023\/05\/apliaciones_7.jpg\" alt=\"apliaciones_7\" \/><\/figure><\/div><div class=\"swiper-slide\" role=\"group\" aria-roledescription=\"slide\" aria-label=\"4 of 6\"><figure class=\"swiper-slide-inner\"><img decoding=\"async\" class=\"swiper-slide-image\" src=\"https:\/\/www.vicorquimia.com\/wp-content\/uploads\/2023\/05\/aplicaciones_5.jpg\" alt=\"aplicaciones_5\" \/><\/figure><\/div><div class=\"swiper-slide\" role=\"group\" aria-roledescription=\"slide\" aria-label=\"5 of 6\"><figure class=\"swiper-slide-inner\"><img decoding=\"async\" class=\"swiper-slide-image\" src=\"https:\/\/www.vicorquimia.com\/wp-content\/uploads\/2023\/04\/slide-aplicaciones-1.jpg\" alt=\"slide-aplicaciones-1\" \/><\/figure><\/div><div class=\"swiper-slide\" role=\"group\" aria-roledescription=\"slide\" aria-label=\"6 of 6\"><figure class=\"swiper-slide-inner\"><img decoding=\"async\" class=\"swiper-slide-image\" src=\"https:\/\/www.vicorquimia.com\/wp-content\/uploads\/2023\/04\/slide-aplicaciones-3.jpg\" alt=\"esto es alternativo\" \/><\/figure><\/div>\t\t\t<\/div>\n\t\t\t\t\t\t\t\t\t\t\t\t<div class=\"elementor-swiper-button elementor-swiper-button-prev\" role=\"button\" tabindex=\"0\">\n\t\t\t\t\t\t<i aria-hidden=\"true\" class=\"eicon-chevron-left\"><\/i>\t\t\t\t\t<\/div>\n\t\t\t\t\t<div class=\"elementor-swiper-button elementor-swiper-button-next\" role=\"button\" tabindex=\"0\">\n\t\t\t\t\t\t<i aria-hidden=\"true\" class=\"eicon-chevron-right\"><\/i>\t\t\t\t\t<\/div>\n\t\t\t\t\n\t\t\t\t\t\t\t\t\t<\/div>\n\t\t\t\t\t\t<\/div>\n\t\t\t\t<\/div>\n\t\t\t\t<\/div>\n\t\t\t\t\t<\/div>\n\t\t\t\t<\/div>\n\t\t\t\t<\/div>\n\t\t","protected":false},"excerpt":{"rendered":"<p>Customized solutions and new trends We respond to all your demands.Are you interested in a specific application? In our catalog you will find solutions for: Dairy Desserts, Cheeses and Ice Creams Meat Industry and Prepared Meals Aromas Bakery, Pastry and Biscuits Sweets and Chocolates Infant Feeding, Dietetics and Sports Nutrition Dehydrated Snacks and Preparations We [&hellip;]<\/p>\n","protected":false},"author":1,"featured_media":0,"parent":0,"menu_order":0,"comment_status":"closed","ping_status":"closed","template":"","meta":{"footnotes":""},"class_list":["post-2164","page","type-page","status-publish","hentry"],"yoast_head":"<!-- This site is optimized with the Yoast SEO plugin v25.9 - https:\/\/yoast.com\/wordpress\/plugins\/seo\/ -->\n<title>Customized Solutions - VICORQUIMIA - Distribuci\u00f3n de Ingredientes y Complementos Alimenticios en Espa\u00f1a | Trayectoria desde 1972<\/title>\n<meta name=\"robots\" content=\"index, follow, max-snippet:-1, max-image-preview:large, max-video-preview:-1\" \/>\n<link rel=\"canonical\" href=\"https:\/\/www.vicorquimia.com\/en\/customized-solutions\/\" \/>\n<meta property=\"og:locale\" content=\"en_US\" \/>\n<meta property=\"og:type\" content=\"article\" \/>\n<meta property=\"og:title\" content=\"Customized Solutions - VICORQUIMIA - Distribuci\u00f3n de Ingredientes y Complementos Alimenticios en Espa\u00f1a | Trayectoria desde 1972\" \/>\n<meta property=\"og:description\" content=\"Customized solutions and new trends We respond to all your demands.Are you interested in a specific application? In our catalog you will find solutions for: Dairy Desserts, Cheeses and Ice Creams Meat Industry and Prepared Meals Aromas Bakery, Pastry and Biscuits Sweets and Chocolates Infant Feeding, Dietetics and Sports Nutrition Dehydrated Snacks and Preparations We [&hellip;]\" \/>\n<meta property=\"og:url\" content=\"https:\/\/www.vicorquimia.com\/en\/customized-solutions\/\" \/>\n<meta property=\"og:site_name\" content=\"VICORQUIMIA - Distribuci\u00f3n de Ingredientes y Complementos Alimenticios en Espa\u00f1a | Trayectoria desde 1972\" \/>\n<meta property=\"article:modified_time\" content=\"2025-08-05T13:11:52+00:00\" \/>\n<meta property=\"og:image\" content=\"https:\/\/www.vicorquimia.com\/wp-content\/uploads\/2023\/05\/apliaciones_8.jpg\" \/>\n<meta name=\"twitter:card\" content=\"summary_large_image\" \/>\n<meta name=\"twitter:label1\" content=\"Est. reading time\" \/>\n\t<meta name=\"twitter:data1\" content=\"1 minute\" \/>\n<script type=\"application\/ld+json\" class=\"yoast-schema-graph\">{\"@context\":\"https:\/\/schema.org\",\"@graph\":[{\"@type\":\"WebPage\",\"@id\":\"https:\/\/www.vicorquimia.com\/en\/customized-solutions\/\",\"url\":\"https:\/\/www.vicorquimia.com\/en\/customized-solutions\/\",\"name\":\"Customized Solutions - VICORQUIMIA - Distribuci\u00f3n de Ingredientes y Complementos Alimenticios en Espa\u00f1a | Trayectoria desde 1972\",\"isPartOf\":{\"@id\":\"https:\/\/www.vicorquimia.com\/en\/#website\"},\"primaryImageOfPage\":{\"@id\":\"https:\/\/www.vicorquimia.com\/en\/customized-solutions\/#primaryimage\"},\"image\":{\"@id\":\"https:\/\/www.vicorquimia.com\/en\/customized-solutions\/#primaryimage\"},\"thumbnailUrl\":\"https:\/\/www.vicorquimia.com\/wp-content\/uploads\/2023\/05\/apliaciones_8.jpg\",\"datePublished\":\"2023-04-27T15:38:54+00:00\",\"dateModified\":\"2025-08-05T13:11:52+00:00\",\"breadcrumb\":{\"@id\":\"https:\/\/www.vicorquimia.com\/en\/customized-solutions\/#breadcrumb\"},\"inLanguage\":\"en-US\",\"potentialAction\":[{\"@type\":\"ReadAction\",\"target\":[\"https:\/\/www.vicorquimia.com\/en\/customized-solutions\/\"]}]},{\"@type\":\"ImageObject\",\"inLanguage\":\"en-US\",\"@id\":\"https:\/\/www.vicorquimia.com\/en\/customized-solutions\/#primaryimage\",\"url\":\"https:\/\/www.vicorquimia.com\/wp-content\/uploads\/2023\/05\/apliaciones_8.jpg\",\"contentUrl\":\"https:\/\/www.vicorquimia.com\/wp-content\/uploads\/2023\/05\/apliaciones_8.jpg\"},{\"@type\":\"BreadcrumbList\",\"@id\":\"https:\/\/www.vicorquimia.com\/en\/customized-solutions\/#breadcrumb\",\"itemListElement\":[{\"@type\":\"ListItem\",\"position\":1,\"name\":\"Portada\",\"item\":\"https:\/\/www.vicorquimia.com\/en\/\"},{\"@type\":\"ListItem\",\"position\":2,\"name\":\"Customized Solutions\"}]},{\"@type\":\"WebSite\",\"@id\":\"https:\/\/www.vicorquimia.com\/en\/#website\",\"url\":\"https:\/\/www.vicorquimia.com\/en\/\",\"name\":\"VICORQUIMIA\",\"description\":\"VICORQUIMIA es una de las principales compa\u00f1\u00edas de distribuci\u00f3n de ingredientes y complementos alimenticios en Espa\u00f1a con m\u00e1s de 40 a\u00f1os de trayectoria. Proveemos a las principales compa\u00f1\u00edas de alimentaci\u00f3n en todo el pa\u00eds, desde c\u00e1rnicas y queseras hasta pasteleras y especializadas en alimentaci\u00f3n ecol\u00f3gica, diet\u00e9tica y nutrici\u00f3n deportiva. Descubre nuestra experiencia y calidad en la distribuci\u00f3n de materias primas para la industria alimentaria.\",\"publisher\":{\"@id\":\"https:\/\/www.vicorquimia.com\/en\/#organization\"},\"potentialAction\":[{\"@type\":\"SearchAction\",\"target\":{\"@type\":\"EntryPoint\",\"urlTemplate\":\"https:\/\/www.vicorquimia.com\/en\/?s={search_term_string}\"},\"query-input\":{\"@type\":\"PropertyValueSpecification\",\"valueRequired\":true,\"valueName\":\"search_term_string\"}}],\"inLanguage\":\"en-US\"},{\"@type\":\"Organization\",\"@id\":\"https:\/\/www.vicorquimia.com\/en\/#organization\",\"name\":\"VICORQUIMIA\",\"url\":\"https:\/\/www.vicorquimia.com\/en\/\",\"logo\":{\"@type\":\"ImageObject\",\"inLanguage\":\"en-US\",\"@id\":\"https:\/\/www.vicorquimia.com\/en\/#\/schema\/logo\/image\/\",\"url\":\"https:\/\/www.vicorquimia.com\/wp-content\/uploads\/2025\/07\/2021_VQ_logo50Anys_transparent_alta.png\",\"contentUrl\":\"https:\/\/www.vicorquimia.com\/wp-content\/uploads\/2025\/07\/2021_VQ_logo50Anys_transparent_alta.png\",\"width\":1295,\"height\":554,\"caption\":\"VICORQUIMIA\"},\"image\":{\"@id\":\"https:\/\/www.vicorquimia.com\/en\/#\/schema\/logo\/image\/\"},\"sameAs\":[\"https:\/\/www.linkedin.com\/company\/vicorquimia\/\"]}]}<\/script>\n<!-- \/ Yoast SEO plugin. -->","yoast_head_json":{"title":"Customized Solutions - VICORQUIMIA - Distribuci\u00f3n de Ingredientes y Complementos Alimenticios en Espa\u00f1a | Trayectoria desde 1972","robots":{"index":"index","follow":"follow","max-snippet":"max-snippet:-1","max-image-preview":"max-image-preview:large","max-video-preview":"max-video-preview:-1"},"canonical":"https:\/\/www.vicorquimia.com\/en\/customized-solutions\/","og_locale":"en_US","og_type":"article","og_title":"Customized Solutions - VICORQUIMIA - Distribuci\u00f3n de Ingredientes y Complementos Alimenticios en Espa\u00f1a | Trayectoria desde 1972","og_description":"Customized solutions and new trends We respond to all your demands.Are you interested in a specific application? In our catalog you will find solutions for: Dairy Desserts, Cheeses and Ice Creams Meat Industry and Prepared Meals Aromas Bakery, Pastry and Biscuits Sweets and Chocolates Infant Feeding, Dietetics and Sports Nutrition Dehydrated Snacks and Preparations We [&hellip;]","og_url":"https:\/\/www.vicorquimia.com\/en\/customized-solutions\/","og_site_name":"VICORQUIMIA - Distribuci\u00f3n de Ingredientes y Complementos Alimenticios en Espa\u00f1a | Trayectoria desde 1972","article_modified_time":"2025-08-05T13:11:52+00:00","og_image":[{"url":"https:\/\/www.vicorquimia.com\/wp-content\/uploads\/2023\/05\/apliaciones_8.jpg","type":"","width":"","height":""}],"twitter_card":"summary_large_image","twitter_misc":{"Est. reading time":"1 minute"},"schema":{"@context":"https:\/\/schema.org","@graph":[{"@type":"WebPage","@id":"https:\/\/www.vicorquimia.com\/en\/customized-solutions\/","url":"https:\/\/www.vicorquimia.com\/en\/customized-solutions\/","name":"Customized Solutions - VICORQUIMIA - Distribuci\u00f3n de Ingredientes y Complementos Alimenticios en Espa\u00f1a | Trayectoria desde 1972","isPartOf":{"@id":"https:\/\/www.vicorquimia.com\/en\/#website"},"primaryImageOfPage":{"@id":"https:\/\/www.vicorquimia.com\/en\/customized-solutions\/#primaryimage"},"image":{"@id":"https:\/\/www.vicorquimia.com\/en\/customized-solutions\/#primaryimage"},"thumbnailUrl":"https:\/\/www.vicorquimia.com\/wp-content\/uploads\/2023\/05\/apliaciones_8.jpg","datePublished":"2023-04-27T15:38:54+00:00","dateModified":"2025-08-05T13:11:52+00:00","breadcrumb":{"@id":"https:\/\/www.vicorquimia.com\/en\/customized-solutions\/#breadcrumb"},"inLanguage":"en-US","potentialAction":[{"@type":"ReadAction","target":["https:\/\/www.vicorquimia.com\/en\/customized-solutions\/"]}]},{"@type":"ImageObject","inLanguage":"en-US","@id":"https:\/\/www.vicorquimia.com\/en\/customized-solutions\/#primaryimage","url":"https:\/\/www.vicorquimia.com\/wp-content\/uploads\/2023\/05\/apliaciones_8.jpg","contentUrl":"https:\/\/www.vicorquimia.com\/wp-content\/uploads\/2023\/05\/apliaciones_8.jpg"},{"@type":"BreadcrumbList","@id":"https:\/\/www.vicorquimia.com\/en\/customized-solutions\/#breadcrumb","itemListElement":[{"@type":"ListItem","position":1,"name":"Portada","item":"https:\/\/www.vicorquimia.com\/en\/"},{"@type":"ListItem","position":2,"name":"Customized Solutions"}]},{"@type":"WebSite","@id":"https:\/\/www.vicorquimia.com\/en\/#website","url":"https:\/\/www.vicorquimia.com\/en\/","name":"VICORQUIMIA","description":"VICORQUIMIA es una de las principales compa\u00f1\u00edas de distribuci\u00f3n de ingredientes y complementos alimenticios en Espa\u00f1a con m\u00e1s de 40 a\u00f1os de trayectoria. Proveemos a las principales compa\u00f1\u00edas de alimentaci\u00f3n en todo el pa\u00eds, desde c\u00e1rnicas y queseras hasta pasteleras y especializadas en alimentaci\u00f3n ecol\u00f3gica, diet\u00e9tica y nutrici\u00f3n deportiva. Descubre nuestra experiencia y calidad en la distribuci\u00f3n de materias primas para la industria alimentaria.","publisher":{"@id":"https:\/\/www.vicorquimia.com\/en\/#organization"},"potentialAction":[{"@type":"SearchAction","target":{"@type":"EntryPoint","urlTemplate":"https:\/\/www.vicorquimia.com\/en\/?s={search_term_string}"},"query-input":{"@type":"PropertyValueSpecification","valueRequired":true,"valueName":"search_term_string"}}],"inLanguage":"en-US"},{"@type":"Organization","@id":"https:\/\/www.vicorquimia.com\/en\/#organization","name":"VICORQUIMIA","url":"https:\/\/www.vicorquimia.com\/en\/","logo":{"@type":"ImageObject","inLanguage":"en-US","@id":"https:\/\/www.vicorquimia.com\/en\/#\/schema\/logo\/image\/","url":"https:\/\/www.vicorquimia.com\/wp-content\/uploads\/2025\/07\/2021_VQ_logo50Anys_transparent_alta.png","contentUrl":"https:\/\/www.vicorquimia.com\/wp-content\/uploads\/2025\/07\/2021_VQ_logo50Anys_transparent_alta.png","width":1295,"height":554,"caption":"VICORQUIMIA"},"image":{"@id":"https:\/\/www.vicorquimia.com\/en\/#\/schema\/logo\/image\/"},"sameAs":["https:\/\/www.linkedin.com\/company\/vicorquimia\/"]}]}},"_links":{"self":[{"href":"https:\/\/www.vicorquimia.com\/en\/wp-json\/wp\/v2\/pages\/2164","targetHints":{"allow":["GET"]}}],"collection":[{"href":"https:\/\/www.vicorquimia.com\/en\/wp-json\/wp\/v2\/pages"}],"about":[{"href":"https:\/\/www.vicorquimia.com\/en\/wp-json\/wp\/v2\/types\/page"}],"author":[{"embeddable":true,"href":"https:\/\/www.vicorquimia.com\/en\/wp-json\/wp\/v2\/users\/1"}],"replies":[{"embeddable":true,"href":"https:\/\/www.vicorquimia.com\/en\/wp-json\/wp\/v2\/comments?post=2164"}],"version-history":[{"count":1,"href":"https:\/\/www.vicorquimia.com\/en\/wp-json\/wp\/v2\/pages\/2164\/revisions"}],"predecessor-version":[{"id":2165,"href":"https:\/\/www.vicorquimia.com\/en\/wp-json\/wp\/v2\/pages\/2164\/revisions\/2165"}],"wp:attachment":[{"href":"https:\/\/www.vicorquimia.com\/en\/wp-json\/wp\/v2\/media?parent=2164"}],"curies":[{"name":"wp","href":"https:\/\/api.w.org\/{rel}","templated":true}]}}