{"id":2153,"date":"2023-04-27T16:46:31","date_gmt":"2023-04-27T14:46:31","guid":{"rendered":"https:\/\/www.vicorquimia.com\/contact\/"},"modified":"2026-01-02T12:50:04","modified_gmt":"2026-01-02T11:50:04","slug":"contact","status":"publish","type":"page","link":"https:\/\/www.vicorquimia.com\/en\/contact\/","title":{"rendered":"Contact"},"content":{"rendered":"\t\t<div data-elementor-type=\"wp-page\" data-elementor-id=\"2153\" class=\"elementor elementor-2153 elementor-284\" data-elementor-post-type=\"page\">\n\t\t\t\t<div class=\"elementor-element elementor-element-ef4f9e5 e-grid e-con-boxed e-con e-parent\" data-id=\"ef4f9e5\" data-element_type=\"container\">\n\t\t\t\t\t<div class=\"e-con-inner\">\n\t\t\t\t<div class=\"elementor-element elementor-element-7d7c13e elementor-widget elementor-widget-text-editor\" data-id=\"7d7c13e\" data-element_type=\"widget\" data-widget_type=\"text-editor.default\">\n\t\t\t\t<div class=\"elementor-widget-container\">\n\t\t\t\t\t\t\t\t\t<h4>CENTRAL OFFICES<\/h4><p>Av. dels Vents 9-13, Escalera A 6o 1a Badalona 08917 (Barcelona &#8211; ES)<\/p><p><strong>Tel.<\/strong>  (+34) 932 011 222<\/p><p><a href=\"mailto:info@vicorquimia.com\">info@vicorquimia.com<\/a><\/p><p><strong>Sales:<\/strong> <a href=\"mailto:comercial@vicorquimia.com\">comercial@vicorquimia.com<\/a><\/p><p><strong>Logistics:<\/strong> <a href=\"mailto:logistica@vicorquimia.com\">logistica@vicorquimia.com<\/a><\/p><p><strong>Accounting:<\/strong> <a href=\"mailto:contabilidad@vicorquimia.com\">contabilidad@vicorquimia.com<\/a><\/p>\t\t\t\t\t\t\t\t<\/div>\n\t\t\t\t<\/div>\n\t\t<div class=\"elementor-element elementor-element-eca547b e-con-full e-flex e-con e-child\" data-id=\"eca547b\" data-element_type=\"container\">\n\t\t\t\t<div class=\"elementor-element elementor-element-8728e65 elementor-widget elementor-widget-google_maps\" data-id=\"8728e65\" data-element_type=\"widget\" data-widget_type=\"google_maps.default\">\n\t\t\t\t<div class=\"elementor-widget-container\">\n\t\t\t\t\t\t\t<div class=\"elementor-custom-embed\">\n\t\t\t<iframe loading=\"lazy\"\n\t\t\t\t\tsrc=\"https:\/\/maps.google.com\/maps?q=Av.%20dels%20Vents%209%2C%20Badalona%2008917%20%28Barcelona%20%E2%80%93%20ES%29&#038;t=m&#038;z=18&#038;output=embed&#038;iwloc=near\"\n\t\t\t\t\ttitle=\"Av. dels Vents 9, Badalona 08917 (Barcelona \u2013 ES)\"\n\t\t\t\t\taria-label=\"Av. dels Vents 9, Badalona 08917 (Barcelona \u2013 ES)\"\n\t\t\t><\/iframe>\n\t\t<\/div>\n\t\t\t\t\t\t<\/div>\n\t\t\t\t<\/div>\n\t\t\t\t<\/div>\n\t\t\t\t\t<\/div>\n\t\t\t\t<\/div>\n\t\t<div class=\"elementor-element elementor-element-67d7642 e-grid e-con-full e-con e-parent\" data-id=\"67d7642\" data-element_type=\"container\">\n\t\t\t\t<div class=\"elementor-element elementor-element-f014fc2 elementor-widget elementor-widget-text-editor\" data-id=\"f014fc2\" data-element_type=\"widget\" data-widget_type=\"text-editor.default\">\n\t\t\t\t<div class=\"elementor-widget-container\">\n\t\t\t\t\t\t\t\t\t<div class=\"elementor-element elementor-element-c3cc164 elementor-widget elementor-widget-heading\" data-id=\"c3cc164\" data-element_type=\"widget\" data-widget_type=\"heading.default\"><div class=\"elementor-widget-container\"><h4>VICORQUIMIA WAREHOUSE<\/h4><p>Mol\u00ed de Vent Street 2-12, 08150 Parets del Vall\u00e8s (Barcelona &#8211; ES)<\/p><p>Tel. (+34) 932 201 188<\/p><p><a href=\"mailto:almacen@vicorquimia.com\">almacen@vicorquimia.com<\/a><\/p><\/div><\/div><div class=\"elementor-element elementor-element-df31b4a elementor-widget elementor-widget-text-editor\" data-id=\"df31b4a\" data-element_type=\"widget\" data-widget_type=\"text-editor.default\"><div class=\"elementor-widget-container\"> <\/div><\/div>\t\t\t\t\t\t\t\t<\/div>\n\t\t\t\t<\/div>\n\t\t<div class=\"elementor-element elementor-element-2219e76 e-con-full e-flex e-con e-child\" data-id=\"2219e76\" data-element_type=\"container\">\n\t\t\t\t<div class=\"elementor-element elementor-element-ab3774f elementor-widget elementor-widget-google_maps\" data-id=\"ab3774f\" data-element_type=\"widget\" data-widget_type=\"google_maps.default\">\n\t\t\t\t<div class=\"elementor-widget-container\">\n\t\t\t\t\t\t\t<div class=\"elementor-custom-embed\">\n\t\t\t<iframe loading=\"lazy\"\n\t\t\t\t\tsrc=\"https:\/\/maps.google.com\/maps?q=Calle%20del%20Mol%C3%AD%20de%20Vent%202-12%2C%2008150%20Parets%20del%20Vall%C3%A8s%20%28Barcelona%20%E2%80%93%20ES%29&#038;t=m&#038;z=16&#038;output=embed&#038;iwloc=near\"\n\t\t\t\t\ttitle=\"Calle del Mol\u00ed de Vent 2-12, 08150 Parets del Vall\u00e8s (Barcelona \u2013 ES)\"\n\t\t\t\t\taria-label=\"Calle del Mol\u00ed de Vent 2-12, 08150 Parets del Vall\u00e8s (Barcelona \u2013 ES)\"\n\t\t\t><\/iframe>\n\t\t<\/div>\n\t\t\t\t\t\t<\/div>\n\t\t\t\t<\/div>\n\t\t\t\t<\/div>\n\t\t\t\t<\/div>\n\t\t<div class=\"elementor-element elementor-element-2dd61c1 e-flex e-con-boxed e-con e-parent\" data-id=\"2dd61c1\" data-element_type=\"container\">\n\t\t\t\t\t<div class=\"e-con-inner\">\n\t\t<div class=\"elementor-element elementor-element-e386b96 e-con-full e-flex e-con e-child\" data-id=\"e386b96\" data-element_type=\"container\">\n\t\t<div class=\"elementor-element elementor-element-2208341 e-con-full e-flex e-con e-child\" data-id=\"2208341\" data-element_type=\"container\">\n\t\t\t\t<div class=\"elementor-element elementor-element-7964802 elementor-widget elementor-widget-heading\" data-id=\"7964802\" data-element_type=\"widget\" data-widget_type=\"heading.default\">\n\t\t\t\t<div class=\"elementor-widget-container\">\n\t\t\t\t\t<h2 class=\"elementor-heading-title elementor-size-default\">Send us your inquiry<\/h2>\t\t\t\t<\/div>\n\t\t\t\t<\/div>\n\t\t\t\t<div class=\"elementor-element elementor-element-0109ed1 elementor-widget elementor-widget-text-editor\" data-id=\"0109ed1\" data-element_type=\"widget\" data-widget_type=\"text-editor.default\">\n\t\t\t\t<div class=\"elementor-widget-container\">\n\t\t\t\t\t\t\t\t\t<p>Fill out the form and we will contact you shortly. We will be glad to help you. <\/p>\t\t\t\t\t\t\t\t<\/div>\n\t\t\t\t<\/div>\n\t\t\t\t<div class=\"elementor-element elementor-element-5e3bf96 elementor-button-align-stretch elementor-widget elementor-widget-form\" data-id=\"5e3bf96\" data-element_type=\"widget\" data-settings=\"{&quot;step_next_label&quot;:&quot;Next&quot;,&quot;step_previous_label&quot;:&quot;Previous&quot;,&quot;button_width&quot;:&quot;100&quot;,&quot;step_type&quot;:&quot;number_text&quot;,&quot;step_icon_shape&quot;:&quot;circle&quot;}\" data-widget_type=\"form.default\">\n\t\t\t\t<div class=\"elementor-widget-container\">\n\t\t\t\t\t\t\t<form class=\"elementor-form\" method=\"post\" name=\"General\" aria-label=\"General\">\n\t\t\t<input type=\"hidden\" name=\"post_id\" value=\"2153\"\/>\n\t\t\t<input type=\"hidden\" name=\"form_id\" value=\"5e3bf96\"\/>\n\t\t\t<input type=\"hidden\" name=\"referer_title\" value=\"Contact - VICORQUIMIA - Distribuci\u00f3n de Ingredientes y Complementos Alimenticios en Espa\u00f1a | Trayectoria desde 1972\" \/>\n\n\t\t\t\t\t\t\t<input type=\"hidden\" name=\"queried_id\" value=\"2153\"\/>\n\t\t\t\n\t\t\t<div class=\"elementor-form-fields-wrapper elementor-labels-\">\n\t\t\t\t\t\t\t\t<div class=\"elementor-field-type-text elementor-field-group elementor-column elementor-field-group-name elementor-col-100 elementor-field-required\">\n\t\t\t\t\t\t\t\t\t\t\t\t<label for=\"form-field-name\" class=\"elementor-field-label elementor-screen-only\">\n\t\t\t\t\t\t\t\tName\t\t\t\t\t\t\t<\/label>\n\t\t\t\t\t\t\t\t\t\t\t\t\t\t<input size=\"1\" type=\"text\" name=\"form_fields[name]\" id=\"form-field-name\" class=\"elementor-field elementor-size-md  elementor-field-textual\" placeholder=\"Name\" required=\"required\">\n\t\t\t\t\t\t\t\t\t\t\t<\/div>\n\t\t\t\t\t\t\t\t<div class=\"elementor-field-type-email elementor-field-group elementor-column elementor-field-group-email elementor-col-100 elementor-field-required\">\n\t\t\t\t\t\t\t\t\t\t\t\t<label for=\"form-field-email\" class=\"elementor-field-label elementor-screen-only\">\n\t\t\t\t\t\t\t\tEmail\t\t\t\t\t\t\t<\/label>\n\t\t\t\t\t\t\t\t\t\t\t\t\t\t<input size=\"1\" type=\"email\" name=\"form_fields[email]\" id=\"form-field-email\" class=\"elementor-field elementor-size-md  elementor-field-textual\" placeholder=\"Email\" required=\"required\">\n\t\t\t\t\t\t\t\t\t\t\t<\/div>\n\t\t\t\t\t\t\t\t<div class=\"elementor-field-type-textarea elementor-field-group elementor-column elementor-field-group-message elementor-col-100 elementor-field-required\">\n\t\t\t\t\t\t\t\t\t\t\t\t<label for=\"form-field-message\" class=\"elementor-field-label elementor-screen-only\">\n\t\t\t\t\t\t\t\tMessage\t\t\t\t\t\t\t<\/label>\n\t\t\t\t\t\t<textarea class=\"elementor-field-textual elementor-field  elementor-size-md\" name=\"form_fields[message]\" id=\"form-field-message\" rows=\"4\" placeholder=\"Message\" required=\"required\"><\/textarea>\t\t\t\t<\/div>\n\t\t\t\t\t\t\t\t<div class=\"elementor-field-type-acceptance elementor-field-group elementor-column elementor-field-group-field_4b0ac6d elementor-col-100 elementor-field-required\">\n\t\t\t\t\t\t\t<div class=\"elementor-field-subgroup\">\n\t\t\t<span class=\"elementor-field-option\">\n\t\t\t\t<input type=\"checkbox\" name=\"form_fields[field_4b0ac6d]\" id=\"form-field-field_4b0ac6d\" class=\"elementor-field elementor-size-md  elementor-acceptance-field\" required=\"required\">\n\t\t\t\t<label for=\"form-field-field_4b0ac6d\">I accept the <a href=\"https:\/\/www.vicorquimia.com\/en\/privacy-policy\/\">privacy policy<\/a><\/label>\t\t\t<\/span>\n\t\t<\/div>\n\t\t\t\t\t\t<\/div>\n\t\t\t\t\t\t\t\t<div class=\"elementor-field-type-recaptcha_v3 elementor-field-group elementor-column elementor-field-group-field_a8745b9 elementor-col-100 recaptcha_v3-bottomright\">\n\t\t\t\t\t<div class=\"elementor-field\" id=\"form-field-field_a8745b9\"><div class=\"elementor-g-recaptcha\" data-sitekey=\"6LfH5aQrAAAAAGLwu2224h7uCtmpEppfbeY5GYhg\" data-type=\"v3\" data-action=\"Form\" data-badge=\"bottomright\" data-size=\"invisible\"><\/div><\/div>\t\t\t\t<\/div>\n\t\t\t\t\t\t\t\t<div class=\"elementor-field-type-text\">\n\t\t\t\t\t<input size=\"1\" type=\"text\" name=\"form_fields[field_a8ac65d]\" id=\"form-field-field_a8ac65d\" class=\"elementor-field elementor-size-md \" style=\"display:none !important;\">\t\t\t\t<\/div>\n\t\t\t\t\t\t\t\t<div class=\"elementor-field-group elementor-column elementor-field-type-submit elementor-col-100 e-form__buttons\">\n\t\t\t\t\t<button class=\"elementor-button elementor-size-md\" type=\"submit\">\n\t\t\t\t\t\t<span class=\"elementor-button-content-wrapper\">\n\t\t\t\t\t\t\t\t\t\t\t\t\t\t\t\t\t\t\t\t\t\t<span class=\"elementor-button-text\">SEND<\/span>\n\t\t\t\t\t\t\t\t\t\t\t\t\t<\/span>\n\t\t\t\t\t<\/button>\n\t\t\t\t<\/div>\n\t\t\t<\/div>\n\t\t<\/form>\n\t\t\t\t\t\t<\/div>\n\t\t\t\t<\/div>\n\t\t\t\t<\/div>\n\t\t\t\t<\/div>\n\t\t\t\t\t<\/div>\n\t\t\t\t<\/div>\n\t\t\t\t<\/div>\n\t\t","protected":false},"excerpt":{"rendered":"<p>CENTRAL OFFICES Av. dels Vents 9-13, Escalera A 6o 1a Badalona 08917 (Barcelona &#8211; ES) Tel. (+34) 932 011 222 info@vicorquimia.com Sales: comercial@vicorquimia.com Logistics: logistica@vicorquimia.com Accounting: contabilidad@vicorquimia.com VICORQUIMIA WAREHOUSE Mol\u00ed de Vent Street 2-12, 08150 Parets del Vall\u00e8s (Barcelona &#8211; ES) Tel. (+34) 932 201 188 almacen@vicorquimia.com Send us your inquiry Fill out the form [&hellip;]<\/p>\n","protected":false},"author":1,"featured_media":0,"parent":0,"menu_order":0,"comment_status":"closed","ping_status":"closed","template":"","meta":{"footnotes":""},"class_list":["post-2153","page","type-page","status-publish","hentry"],"yoast_head":"<!-- This site is optimized with the Yoast SEO plugin v25.9 - https:\/\/yoast.com\/wordpress\/plugins\/seo\/ -->\n<title>Contact - VICORQUIMIA - Distribuci\u00f3n de Ingredientes y Complementos Alimenticios en Espa\u00f1a | Trayectoria desde 1972<\/title>\n<meta name=\"robots\" content=\"index, follow, max-snippet:-1, max-image-preview:large, max-video-preview:-1\" \/>\n<link rel=\"canonical\" href=\"https:\/\/www.vicorquimia.com\/en\/contact\/\" \/>\n<meta property=\"og:locale\" content=\"en_US\" \/>\n<meta property=\"og:type\" content=\"article\" \/>\n<meta property=\"og:title\" content=\"Contact - VICORQUIMIA - Distribuci\u00f3n de Ingredientes y Complementos Alimenticios en Espa\u00f1a | Trayectoria desde 1972\" \/>\n<meta property=\"og:description\" content=\"CENTRAL OFFICES Av. dels Vents 9-13, Escalera A 6o 1a Badalona 08917 (Barcelona &#8211; ES) Tel. (+34) 932 011 222 info@vicorquimia.com Sales: comercial@vicorquimia.com Logistics: logistica@vicorquimia.com Accounting: contabilidad@vicorquimia.com VICORQUIMIA WAREHOUSE Mol\u00ed de Vent Street 2-12, 08150 Parets del Vall\u00e8s (Barcelona &#8211; ES) Tel. (+34) 932 201 188 almacen@vicorquimia.com Send us your inquiry Fill out the form [&hellip;]\" \/>\n<meta property=\"og:url\" content=\"https:\/\/www.vicorquimia.com\/en\/contact\/\" \/>\n<meta property=\"og:site_name\" content=\"VICORQUIMIA - Distribuci\u00f3n de Ingredientes y Complementos Alimenticios en Espa\u00f1a | Trayectoria desde 1972\" \/>\n<meta property=\"article:modified_time\" content=\"2026-01-02T11:50:04+00:00\" \/>\n<meta name=\"twitter:card\" content=\"summary_large_image\" \/>\n<script type=\"application\/ld+json\" class=\"yoast-schema-graph\">{\"@context\":\"https:\/\/schema.org\",\"@graph\":[{\"@type\":\"WebPage\",\"@id\":\"https:\/\/www.vicorquimia.com\/en\/contact\/\",\"url\":\"https:\/\/www.vicorquimia.com\/en\/contact\/\",\"name\":\"Contact - VICORQUIMIA - Distribuci\u00f3n de Ingredientes y Complementos Alimenticios en Espa\u00f1a | Trayectoria desde 1972\",\"isPartOf\":{\"@id\":\"https:\/\/www.vicorquimia.com\/en\/#website\"},\"datePublished\":\"2023-04-27T14:46:31+00:00\",\"dateModified\":\"2026-01-02T11:50:04+00:00\",\"breadcrumb\":{\"@id\":\"https:\/\/www.vicorquimia.com\/en\/contact\/#breadcrumb\"},\"inLanguage\":\"en-US\",\"potentialAction\":[{\"@type\":\"ReadAction\",\"target\":[\"https:\/\/www.vicorquimia.com\/en\/contact\/\"]}]},{\"@type\":\"BreadcrumbList\",\"@id\":\"https:\/\/www.vicorquimia.com\/en\/contact\/#breadcrumb\",\"itemListElement\":[{\"@type\":\"ListItem\",\"position\":1,\"name\":\"Portada\",\"item\":\"https:\/\/www.vicorquimia.com\/en\/\"},{\"@type\":\"ListItem\",\"position\":2,\"name\":\"Contact\"}]},{\"@type\":\"WebSite\",\"@id\":\"https:\/\/www.vicorquimia.com\/en\/#website\",\"url\":\"https:\/\/www.vicorquimia.com\/en\/\",\"name\":\"VICORQUIMIA\",\"description\":\"VICORQUIMIA es una de las principales compa\u00f1\u00edas de distribuci\u00f3n de ingredientes y complementos alimenticios en Espa\u00f1a con m\u00e1s de 40 a\u00f1os de trayectoria. Proveemos a las principales compa\u00f1\u00edas de alimentaci\u00f3n en todo el pa\u00eds, desde c\u00e1rnicas y queseras hasta pasteleras y especializadas en alimentaci\u00f3n ecol\u00f3gica, diet\u00e9tica y nutrici\u00f3n deportiva. Descubre nuestra experiencia y calidad en la distribuci\u00f3n de materias primas para la industria alimentaria.\",\"publisher\":{\"@id\":\"https:\/\/www.vicorquimia.com\/en\/#organization\"},\"potentialAction\":[{\"@type\":\"SearchAction\",\"target\":{\"@type\":\"EntryPoint\",\"urlTemplate\":\"https:\/\/www.vicorquimia.com\/en\/?s={search_term_string}\"},\"query-input\":{\"@type\":\"PropertyValueSpecification\",\"valueRequired\":true,\"valueName\":\"search_term_string\"}}],\"inLanguage\":\"en-US\"},{\"@type\":\"Organization\",\"@id\":\"https:\/\/www.vicorquimia.com\/en\/#organization\",\"name\":\"VICORQUIMIA\",\"url\":\"https:\/\/www.vicorquimia.com\/en\/\",\"logo\":{\"@type\":\"ImageObject\",\"inLanguage\":\"en-US\",\"@id\":\"https:\/\/www.vicorquimia.com\/en\/#\/schema\/logo\/image\/\",\"url\":\"https:\/\/www.vicorquimia.com\/wp-content\/uploads\/2025\/07\/2021_VQ_logo50Anys_transparent_alta.png\",\"contentUrl\":\"https:\/\/www.vicorquimia.com\/wp-content\/uploads\/2025\/07\/2021_VQ_logo50Anys_transparent_alta.png\",\"width\":1295,\"height\":554,\"caption\":\"VICORQUIMIA\"},\"image\":{\"@id\":\"https:\/\/www.vicorquimia.com\/en\/#\/schema\/logo\/image\/\"},\"sameAs\":[\"https:\/\/www.linkedin.com\/company\/vicorquimia\/\"]}]}<\/script>\n<!-- \/ Yoast SEO plugin. -->","yoast_head_json":{"title":"Contact - VICORQUIMIA - Distribuci\u00f3n de Ingredientes y Complementos Alimenticios en Espa\u00f1a | Trayectoria desde 1972","robots":{"index":"index","follow":"follow","max-snippet":"max-snippet:-1","max-image-preview":"max-image-preview:large","max-video-preview":"max-video-preview:-1"},"canonical":"https:\/\/www.vicorquimia.com\/en\/contact\/","og_locale":"en_US","og_type":"article","og_title":"Contact - VICORQUIMIA - Distribuci\u00f3n de Ingredientes y Complementos Alimenticios en Espa\u00f1a | Trayectoria desde 1972","og_description":"CENTRAL OFFICES Av. dels Vents 9-13, Escalera A 6o 1a Badalona 08917 (Barcelona &#8211; ES) Tel. (+34) 932 011 222 info@vicorquimia.com Sales: comercial@vicorquimia.com Logistics: logistica@vicorquimia.com Accounting: contabilidad@vicorquimia.com VICORQUIMIA WAREHOUSE Mol\u00ed de Vent Street 2-12, 08150 Parets del Vall\u00e8s (Barcelona &#8211; ES) Tel. (+34) 932 201 188 almacen@vicorquimia.com Send us your inquiry Fill out the form [&hellip;]","og_url":"https:\/\/www.vicorquimia.com\/en\/contact\/","og_site_name":"VICORQUIMIA - Distribuci\u00f3n de Ingredientes y Complementos Alimenticios en Espa\u00f1a | Trayectoria desde 1972","article_modified_time":"2026-01-02T11:50:04+00:00","twitter_card":"summary_large_image","schema":{"@context":"https:\/\/schema.org","@graph":[{"@type":"WebPage","@id":"https:\/\/www.vicorquimia.com\/en\/contact\/","url":"https:\/\/www.vicorquimia.com\/en\/contact\/","name":"Contact - VICORQUIMIA - Distribuci\u00f3n de Ingredientes y Complementos Alimenticios en Espa\u00f1a | Trayectoria desde 1972","isPartOf":{"@id":"https:\/\/www.vicorquimia.com\/en\/#website"},"datePublished":"2023-04-27T14:46:31+00:00","dateModified":"2026-01-02T11:50:04+00:00","breadcrumb":{"@id":"https:\/\/www.vicorquimia.com\/en\/contact\/#breadcrumb"},"inLanguage":"en-US","potentialAction":[{"@type":"ReadAction","target":["https:\/\/www.vicorquimia.com\/en\/contact\/"]}]},{"@type":"BreadcrumbList","@id":"https:\/\/www.vicorquimia.com\/en\/contact\/#breadcrumb","itemListElement":[{"@type":"ListItem","position":1,"name":"Portada","item":"https:\/\/www.vicorquimia.com\/en\/"},{"@type":"ListItem","position":2,"name":"Contact"}]},{"@type":"WebSite","@id":"https:\/\/www.vicorquimia.com\/en\/#website","url":"https:\/\/www.vicorquimia.com\/en\/","name":"VICORQUIMIA","description":"VICORQUIMIA es una de las principales compa\u00f1\u00edas de distribuci\u00f3n de ingredientes y complementos alimenticios en Espa\u00f1a con m\u00e1s de 40 a\u00f1os de trayectoria. Proveemos a las principales compa\u00f1\u00edas de alimentaci\u00f3n en todo el pa\u00eds, desde c\u00e1rnicas y queseras hasta pasteleras y especializadas en alimentaci\u00f3n ecol\u00f3gica, diet\u00e9tica y nutrici\u00f3n deportiva. Descubre nuestra experiencia y calidad en la distribuci\u00f3n de materias primas para la industria alimentaria.","publisher":{"@id":"https:\/\/www.vicorquimia.com\/en\/#organization"},"potentialAction":[{"@type":"SearchAction","target":{"@type":"EntryPoint","urlTemplate":"https:\/\/www.vicorquimia.com\/en\/?s={search_term_string}"},"query-input":{"@type":"PropertyValueSpecification","valueRequired":true,"valueName":"search_term_string"}}],"inLanguage":"en-US"},{"@type":"Organization","@id":"https:\/\/www.vicorquimia.com\/en\/#organization","name":"VICORQUIMIA","url":"https:\/\/www.vicorquimia.com\/en\/","logo":{"@type":"ImageObject","inLanguage":"en-US","@id":"https:\/\/www.vicorquimia.com\/en\/#\/schema\/logo\/image\/","url":"https:\/\/www.vicorquimia.com\/wp-content\/uploads\/2025\/07\/2021_VQ_logo50Anys_transparent_alta.png","contentUrl":"https:\/\/www.vicorquimia.com\/wp-content\/uploads\/2025\/07\/2021_VQ_logo50Anys_transparent_alta.png","width":1295,"height":554,"caption":"VICORQUIMIA"},"image":{"@id":"https:\/\/www.vicorquimia.com\/en\/#\/schema\/logo\/image\/"},"sameAs":["https:\/\/www.linkedin.com\/company\/vicorquimia\/"]}]}},"_links":{"self":[{"href":"https:\/\/www.vicorquimia.com\/en\/wp-json\/wp\/v2\/pages\/2153","targetHints":{"allow":["GET"]}}],"collection":[{"href":"https:\/\/www.vicorquimia.com\/en\/wp-json\/wp\/v2\/pages"}],"about":[{"href":"https:\/\/www.vicorquimia.com\/en\/wp-json\/wp\/v2\/types\/page"}],"author":[{"embeddable":true,"href":"https:\/\/www.vicorquimia.com\/en\/wp-json\/wp\/v2\/users\/1"}],"replies":[{"embeddable":true,"href":"https:\/\/www.vicorquimia.com\/en\/wp-json\/wp\/v2\/comments?post=2153"}],"version-history":[{"count":7,"href":"https:\/\/www.vicorquimia.com\/en\/wp-json\/wp\/v2\/pages\/2153\/revisions"}],"predecessor-version":[{"id":3035,"href":"https:\/\/www.vicorquimia.com\/en\/wp-json\/wp\/v2\/pages\/2153\/revisions\/3035"}],"wp:attachment":[{"href":"https:\/\/www.vicorquimia.com\/en\/wp-json\/wp\/v2\/media?parent=2153"}],"curies":[{"name":"wp","href":"https:\/\/api.w.org\/{rel}","templated":true}]}}