{"id":2140,"date":"2023-04-27T17:34:13","date_gmt":"2023-04-27T15:34:13","guid":{"rendered":"https:\/\/www.vicorquimia.com\/represented-brands\/"},"modified":"2025-09-20T12:36:51","modified_gmt":"2025-09-20T10:36:51","slug":"represented-brands","status":"publish","type":"page","link":"https:\/\/www.vicorquimia.com\/en\/represented-brands\/","title":{"rendered":"Represented Brands"},"content":{"rendered":"\t\t<div data-elementor-type=\"wp-page\" data-elementor-id=\"2140\" class=\"elementor elementor-2140 elementor-310\" data-elementor-post-type=\"page\">\n\t\t\t\t<div class=\"elementor-element elementor-element-d9b9a9b e-flex e-con-boxed e-con e-parent\" data-id=\"d9b9a9b\" data-element_type=\"container\">\n\t\t\t\t\t<div class=\"e-con-inner\">\n\t\t<div class=\"elementor-element elementor-element-2688bbe e-con-full e-flex e-con e-child\" data-id=\"2688bbe\" data-element_type=\"container\">\n\t\t\t\t<div class=\"elementor-element elementor-element-3193f9b elementor-widget elementor-widget-image\" data-id=\"3193f9b\" data-element_type=\"widget\" data-widget_type=\"image.default\">\n\t\t\t\t<div class=\"elementor-widget-container\">\n\t\t\t\t\t\t\t\t\t\t\t\t\t\t\t\t<a href=\"http:\/\/www.eurial.eu\/\" target=\"_blank\">\n\t\t\t\t\t\t\t<img fetchpriority=\"high\" decoding=\"async\" width=\"350\" height=\"200\" src=\"https:\/\/www.vicorquimia.com\/wp-content\/uploads\/2023\/04\/logo-proveedor-Eurial.jpg\" class=\"attachment-large size-large wp-image-1215\" alt=\"\" srcset=\"https:\/\/www.vicorquimia.com\/wp-content\/uploads\/2023\/04\/logo-proveedor-Eurial.jpg 350w, https:\/\/www.vicorquimia.com\/wp-content\/uploads\/2023\/04\/logo-proveedor-Eurial-300x171.jpg 300w\" sizes=\"(max-width: 350px) 100vw, 350px\" \/>\t\t\t\t\t\t\t\t<\/a>\n\t\t\t\t\t\t\t\t\t\t\t\t\t\t\t<\/div>\n\t\t\t\t<\/div>\n\t\t\t\t<\/div>\n\t\t<div class=\"elementor-element elementor-element-c68d987 e-con-full e-flex e-con e-child\" data-id=\"c68d987\" data-element_type=\"container\">\n\t\t\t\t<div class=\"elementor-element elementor-element-ecf9d20 elementor-widget elementor-widget-image\" data-id=\"ecf9d20\" data-element_type=\"widget\" data-widget_type=\"image.default\">\n\t\t\t\t<div class=\"elementor-widget-container\">\n\t\t\t\t\t\t\t\t\t\t\t\t\t\t\t\t<a href=\"http:\/\/www.meggle.de\/\" target=\"_blank\">\n\t\t\t\t\t\t\t<img decoding=\"async\" width=\"350\" height=\"200\" src=\"https:\/\/www.vicorquimia.com\/wp-content\/uploads\/2023\/04\/logo-proveedor-meggel.jpg\" class=\"attachment-large size-large wp-image-1207\" alt=\"\" srcset=\"https:\/\/www.vicorquimia.com\/wp-content\/uploads\/2023\/04\/logo-proveedor-meggel.jpg 350w, https:\/\/www.vicorquimia.com\/wp-content\/uploads\/2023\/04\/logo-proveedor-meggel-300x171.jpg 300w\" sizes=\"(max-width: 350px) 100vw, 350px\" \/>\t\t\t\t\t\t\t\t<\/a>\n\t\t\t\t\t\t\t\t\t\t\t\t\t\t\t<\/div>\n\t\t\t\t<\/div>\n\t\t\t\t<\/div>\n\t\t<div class=\"elementor-element elementor-element-8006af0 e-con-full e-flex e-con e-child\" data-id=\"8006af0\" data-element_type=\"container\">\n\t\t\t\t<div class=\"elementor-element elementor-element-cecc8c4 elementor-widget elementor-widget-image\" data-id=\"cecc8c4\" data-element_type=\"widget\" data-widget_type=\"image.default\">\n\t\t\t\t<div class=\"elementor-widget-container\">\n\t\t\t\t\t\t\t\t\t\t\t\t\t\t\t\t<a href=\"https:\/\/whydrocolloids.com\/\" target=\"_blank\">\n\t\t\t\t\t\t\t<img decoding=\"async\" width=\"474\" height=\"269\" src=\"https:\/\/www.vicorquimia.com\/wp-content\/uploads\/2025\/09\/WHYDROCOLLOIDSINC-1.jpg\" class=\"attachment-large size-large wp-image-2994\" alt=\"\" srcset=\"https:\/\/www.vicorquimia.com\/wp-content\/uploads\/2025\/09\/WHYDROCOLLOIDSINC-1.jpg 474w, https:\/\/www.vicorquimia.com\/wp-content\/uploads\/2025\/09\/WHYDROCOLLOIDSINC-1-300x170.jpg 300w\" sizes=\"(max-width: 474px) 100vw, 474px\" \/>\t\t\t\t\t\t\t\t<\/a>\n\t\t\t\t\t\t\t\t\t\t\t\t\t\t\t<\/div>\n\t\t\t\t<\/div>\n\t\t\t\t<\/div>\n\t\t\t\t\t<\/div>\n\t\t\t\t<\/div>\n\t\t<div class=\"elementor-element elementor-element-83fedfa e-flex e-con-boxed e-con e-parent\" data-id=\"83fedfa\" data-element_type=\"container\">\n\t\t\t\t\t<div class=\"e-con-inner\">\n\t\t<div class=\"elementor-element elementor-element-fdee41b e-con-full e-flex e-con e-child\" data-id=\"fdee41b\" data-element_type=\"container\">\n\t\t\t\t<div class=\"elementor-element elementor-element-657dcc3 elementor-widget elementor-widget-image\" data-id=\"657dcc3\" data-element_type=\"widget\" data-widget_type=\"image.default\">\n\t\t\t\t<div class=\"elementor-widget-container\">\n\t\t\t\t\t\t\t\t\t\t\t\t\t\t\t\t<a href=\"http:\/\/www.kmc.dk\/\" target=\"_blank\">\n\t\t\t\t\t\t\t<img loading=\"lazy\" decoding=\"async\" width=\"350\" height=\"200\" src=\"https:\/\/www.vicorquimia.com\/wp-content\/uploads\/2023\/04\/logo-proveedor-KMC.jpg\" class=\"attachment-large size-large wp-image-1211\" alt=\"\" srcset=\"https:\/\/www.vicorquimia.com\/wp-content\/uploads\/2023\/04\/logo-proveedor-KMC.jpg 350w, https:\/\/www.vicorquimia.com\/wp-content\/uploads\/2023\/04\/logo-proveedor-KMC-300x171.jpg 300w\" sizes=\"(max-width: 350px) 100vw, 350px\" \/>\t\t\t\t\t\t\t\t<\/a>\n\t\t\t\t\t\t\t\t\t\t\t\t\t\t\t<\/div>\n\t\t\t\t<\/div>\n\t\t\t\t<\/div>\n\t\t<div class=\"elementor-element elementor-element-f673e4d e-con-full e-flex e-con e-child\" data-id=\"f673e4d\" data-element_type=\"container\">\n\t\t\t\t<div class=\"elementor-element elementor-element-4cbf01b elementor-widget elementor-widget-image\" data-id=\"4cbf01b\" data-element_type=\"widget\" data-widget_type=\"image.default\">\n\t\t\t\t<div class=\"elementor-widget-container\">\n\t\t\t\t\t\t\t\t\t\t\t\t\t\t\t\t<a href=\"https:\/\/www.mitsubishicorp.com\/\">\n\t\t\t\t\t\t\t<img loading=\"lazy\" decoding=\"async\" width=\"350\" height=\"200\" src=\"https:\/\/www.vicorquimia.com\/wp-content\/uploads\/2023\/04\/logo-proveedor-Mitsubishi.jpg\" class=\"attachment-large size-large wp-image-1221\" alt=\"\" srcset=\"https:\/\/www.vicorquimia.com\/wp-content\/uploads\/2023\/04\/logo-proveedor-Mitsubishi.jpg 350w, https:\/\/www.vicorquimia.com\/wp-content\/uploads\/2023\/04\/logo-proveedor-Mitsubishi-300x171.jpg 300w\" sizes=\"(max-width: 350px) 100vw, 350px\" \/>\t\t\t\t\t\t\t\t<\/a>\n\t\t\t\t\t\t\t\t\t\t\t\t\t\t\t<\/div>\n\t\t\t\t<\/div>\n\t\t\t\t<\/div>\n\t\t<div class=\"elementor-element elementor-element-a256983 e-con-full e-flex e-con e-child\" data-id=\"a256983\" data-element_type=\"container\">\n\t\t\t\t<div class=\"elementor-element elementor-element-2671c99 elementor-widget elementor-widget-image\" data-id=\"2671c99\" data-element_type=\"widget\" data-widget_type=\"image.default\">\n\t\t\t\t<div class=\"elementor-widget-container\">\n\t\t\t\t\t\t\t\t\t\t\t\t\t\t\t\t<a href=\"https:\/\/lactosan.com\/\" target=\"_blank\">\n\t\t\t\t\t\t\t<img loading=\"lazy\" decoding=\"async\" width=\"800\" height=\"266\" src=\"https:\/\/www.vicorquimia.com\/wp-content\/uploads\/2025\/09\/LACTOSAN-1024x340.png\" class=\"attachment-large size-large wp-image-2961\" alt=\"\" srcset=\"https:\/\/www.vicorquimia.com\/wp-content\/uploads\/2025\/09\/LACTOSAN-1024x340.png 1024w, https:\/\/www.vicorquimia.com\/wp-content\/uploads\/2025\/09\/LACTOSAN-300x100.png 300w, https:\/\/www.vicorquimia.com\/wp-content\/uploads\/2025\/09\/LACTOSAN-768x255.png 768w, https:\/\/www.vicorquimia.com\/wp-content\/uploads\/2025\/09\/LACTOSAN-1536x510.png 1536w, https:\/\/www.vicorquimia.com\/wp-content\/uploads\/2025\/09\/LACTOSAN.png 1600w\" sizes=\"(max-width: 800px) 100vw, 800px\" \/>\t\t\t\t\t\t\t\t<\/a>\n\t\t\t\t\t\t\t\t\t\t\t\t\t\t\t<\/div>\n\t\t\t\t<\/div>\n\t\t\t\t<\/div>\n\t\t\t\t\t<\/div>\n\t\t\t\t<\/div>\n\t\t<div class=\"elementor-element elementor-element-a6ed9eb e-flex e-con-boxed e-con e-parent\" data-id=\"a6ed9eb\" data-element_type=\"container\">\n\t\t\t\t\t<div class=\"e-con-inner\">\n\t\t<div class=\"elementor-element elementor-element-d6fabdd e-con-full e-flex e-con e-child\" data-id=\"d6fabdd\" data-element_type=\"container\">\n\t\t\t\t<div class=\"elementor-element elementor-element-31cf0a8 elementor-widget elementor-widget-image\" data-id=\"31cf0a8\" data-element_type=\"widget\" data-widget_type=\"image.default\">\n\t\t\t\t<div class=\"elementor-widget-container\">\n\t\t\t\t\t\t\t\t\t\t\t\t\t\t\t\t<a href=\"http:\/\/www.henningsen.nl\/\" target=\"_blank\">\n\t\t\t\t\t\t\t<img loading=\"lazy\" decoding=\"async\" width=\"350\" height=\"200\" src=\"https:\/\/www.vicorquimia.com\/wp-content\/uploads\/2023\/04\/logo-proveedor-Henningsen.jpg\" class=\"attachment-large size-large wp-image-1213\" alt=\"\" srcset=\"https:\/\/www.vicorquimia.com\/wp-content\/uploads\/2023\/04\/logo-proveedor-Henningsen.jpg 350w, https:\/\/www.vicorquimia.com\/wp-content\/uploads\/2023\/04\/logo-proveedor-Henningsen-300x171.jpg 300w\" sizes=\"(max-width: 350px) 100vw, 350px\" \/>\t\t\t\t\t\t\t\t<\/a>\n\t\t\t\t\t\t\t\t\t\t\t\t\t\t\t<\/div>\n\t\t\t\t<\/div>\n\t\t\t\t<\/div>\n\t\t<div class=\"elementor-element elementor-element-5aafc37 e-con-full e-flex e-con e-child\" data-id=\"5aafc37\" data-element_type=\"container\">\n\t\t\t\t<div class=\"elementor-element elementor-element-888ec5c elementor-widget elementor-widget-image\" data-id=\"888ec5c\" data-element_type=\"widget\" data-widget_type=\"image.default\">\n\t\t\t\t<div class=\"elementor-widget-container\">\n\t\t\t\t\t\t\t\t\t\t\t\t\t\t\t\t<a href=\"http:\/\/www.vedaninternational.com\/\" target=\"_blank\">\n\t\t\t\t\t\t\t<img loading=\"lazy\" decoding=\"async\" width=\"350\" height=\"200\" src=\"https:\/\/www.vicorquimia.com\/wp-content\/uploads\/2023\/04\/logo-proveedor-Vedan.jpg\" class=\"attachment-large size-large wp-image-1223\" alt=\"\" srcset=\"https:\/\/www.vicorquimia.com\/wp-content\/uploads\/2023\/04\/logo-proveedor-Vedan.jpg 350w, https:\/\/www.vicorquimia.com\/wp-content\/uploads\/2023\/04\/logo-proveedor-Vedan-300x171.jpg 300w\" sizes=\"(max-width: 350px) 100vw, 350px\" \/>\t\t\t\t\t\t\t\t<\/a>\n\t\t\t\t\t\t\t\t\t\t\t\t\t\t\t<\/div>\n\t\t\t\t<\/div>\n\t\t\t\t<\/div>\n\t\t<div class=\"elementor-element elementor-element-905eea8 e-con-full e-flex e-con e-child\" data-id=\"905eea8\" data-element_type=\"container\">\n\t\t\t\t<div class=\"elementor-element elementor-element-9a22810 elementor-widget elementor-widget-image\" data-id=\"9a22810\" data-element_type=\"widget\" data-widget_type=\"image.default\">\n\t\t\t\t<div class=\"elementor-widget-container\">\n\t\t\t\t\t\t\t\t\t\t\t\t\t\t\t\t<a href=\"http:\/\/dossaguar.com\/\" target=\"_blank\">\n\t\t\t\t\t\t\t<img loading=\"lazy\" decoding=\"async\" width=\"350\" height=\"200\" src=\"https:\/\/www.vicorquimia.com\/wp-content\/uploads\/2023\/04\/logo-proveedor-dg.jpg\" class=\"attachment-large size-large wp-image-1219\" alt=\"\" srcset=\"https:\/\/www.vicorquimia.com\/wp-content\/uploads\/2023\/04\/logo-proveedor-dg.jpg 350w, https:\/\/www.vicorquimia.com\/wp-content\/uploads\/2023\/04\/logo-proveedor-dg-300x171.jpg 300w\" sizes=\"(max-width: 350px) 100vw, 350px\" \/>\t\t\t\t\t\t\t\t<\/a>\n\t\t\t\t\t\t\t\t\t\t\t\t\t\t\t<\/div>\n\t\t\t\t<\/div>\n\t\t\t\t<\/div>\n\t\t\t\t\t<\/div>\n\t\t\t\t<\/div>\n\t\t\t\t<\/div>\n\t\t","protected":false},"excerpt":{"rendered":"","protected":false},"author":1,"featured_media":0,"parent":0,"menu_order":0,"comment_status":"closed","ping_status":"closed","template":"","meta":{"footnotes":""},"class_list":["post-2140","page","type-page","status-publish","hentry"],"yoast_head":"<!-- This site is optimized with the Yoast SEO plugin v25.9 - https:\/\/yoast.com\/wordpress\/plugins\/seo\/ -->\n<title>Represented Brands - VICORQUIMIA - Distribuci\u00f3n de Ingredientes y Complementos Alimenticios en Espa\u00f1a | Trayectoria desde 1972<\/title>\n<meta name=\"robots\" content=\"index, follow, max-snippet:-1, max-image-preview:large, max-video-preview:-1\" \/>\n<link rel=\"canonical\" href=\"https:\/\/www.vicorquimia.com\/en\/represented-brands\/\" \/>\n<meta property=\"og:locale\" content=\"en_US\" \/>\n<meta property=\"og:type\" content=\"article\" \/>\n<meta property=\"og:title\" content=\"Represented Brands - VICORQUIMIA - Distribuci\u00f3n de Ingredientes y Complementos Alimenticios en Espa\u00f1a | Trayectoria desde 1972\" \/>\n<meta property=\"og:url\" content=\"https:\/\/www.vicorquimia.com\/en\/represented-brands\/\" \/>\n<meta property=\"og:site_name\" content=\"VICORQUIMIA - Distribuci\u00f3n de Ingredientes y Complementos Alimenticios en Espa\u00f1a | Trayectoria desde 1972\" \/>\n<meta property=\"article:modified_time\" content=\"2025-09-20T10:36:51+00:00\" \/>\n<meta property=\"og:image\" content=\"https:\/\/www.vicorquimia.com\/wp-content\/uploads\/2023\/04\/logo-proveedor-Eurial.jpg\" \/>\n\t<meta property=\"og:image:width\" content=\"350\" \/>\n\t<meta property=\"og:image:height\" content=\"200\" \/>\n\t<meta property=\"og:image:type\" content=\"image\/jpeg\" \/>\n<meta name=\"twitter:card\" content=\"summary_large_image\" \/>\n<script type=\"application\/ld+json\" class=\"yoast-schema-graph\">{\"@context\":\"https:\/\/schema.org\",\"@graph\":[{\"@type\":\"WebPage\",\"@id\":\"https:\/\/www.vicorquimia.com\/en\/represented-brands\/\",\"url\":\"https:\/\/www.vicorquimia.com\/en\/represented-brands\/\",\"name\":\"Represented Brands - VICORQUIMIA - Distribuci\u00f3n de Ingredientes y Complementos Alimenticios en Espa\u00f1a | Trayectoria desde 1972\",\"isPartOf\":{\"@id\":\"https:\/\/www.vicorquimia.com\/en\/#website\"},\"primaryImageOfPage\":{\"@id\":\"https:\/\/www.vicorquimia.com\/en\/represented-brands\/#primaryimage\"},\"image\":{\"@id\":\"https:\/\/www.vicorquimia.com\/en\/represented-brands\/#primaryimage\"},\"thumbnailUrl\":\"https:\/\/www.vicorquimia.com\/wp-content\/uploads\/2023\/04\/logo-proveedor-Eurial.jpg\",\"datePublished\":\"2023-04-27T15:34:13+00:00\",\"dateModified\":\"2025-09-20T10:36:51+00:00\",\"breadcrumb\":{\"@id\":\"https:\/\/www.vicorquimia.com\/en\/represented-brands\/#breadcrumb\"},\"inLanguage\":\"en-US\",\"potentialAction\":[{\"@type\":\"ReadAction\",\"target\":[\"https:\/\/www.vicorquimia.com\/en\/represented-brands\/\"]}]},{\"@type\":\"ImageObject\",\"inLanguage\":\"en-US\",\"@id\":\"https:\/\/www.vicorquimia.com\/en\/represented-brands\/#primaryimage\",\"url\":\"https:\/\/www.vicorquimia.com\/wp-content\/uploads\/2023\/04\/logo-proveedor-Eurial.jpg\",\"contentUrl\":\"https:\/\/www.vicorquimia.com\/wp-content\/uploads\/2023\/04\/logo-proveedor-Eurial.jpg\"},{\"@type\":\"BreadcrumbList\",\"@id\":\"https:\/\/www.vicorquimia.com\/en\/represented-brands\/#breadcrumb\",\"itemListElement\":[{\"@type\":\"ListItem\",\"position\":1,\"name\":\"Portada\",\"item\":\"https:\/\/www.vicorquimia.com\/en\/\"},{\"@type\":\"ListItem\",\"position\":2,\"name\":\"Represented Brands\"}]},{\"@type\":\"WebSite\",\"@id\":\"https:\/\/www.vicorquimia.com\/en\/#website\",\"url\":\"https:\/\/www.vicorquimia.com\/en\/\",\"name\":\"VICORQUIMIA\",\"description\":\"VICORQUIMIA es una de las principales compa\u00f1\u00edas de distribuci\u00f3n de ingredientes y complementos alimenticios en Espa\u00f1a con m\u00e1s de 40 a\u00f1os de trayectoria. Proveemos a las principales compa\u00f1\u00edas de alimentaci\u00f3n en todo el pa\u00eds, desde c\u00e1rnicas y queseras hasta pasteleras y especializadas en alimentaci\u00f3n ecol\u00f3gica, diet\u00e9tica y nutrici\u00f3n deportiva. Descubre nuestra experiencia y calidad en la distribuci\u00f3n de materias primas para la industria alimentaria.\",\"publisher\":{\"@id\":\"https:\/\/www.vicorquimia.com\/en\/#organization\"},\"potentialAction\":[{\"@type\":\"SearchAction\",\"target\":{\"@type\":\"EntryPoint\",\"urlTemplate\":\"https:\/\/www.vicorquimia.com\/en\/?s={search_term_string}\"},\"query-input\":{\"@type\":\"PropertyValueSpecification\",\"valueRequired\":true,\"valueName\":\"search_term_string\"}}],\"inLanguage\":\"en-US\"},{\"@type\":\"Organization\",\"@id\":\"https:\/\/www.vicorquimia.com\/en\/#organization\",\"name\":\"VICORQUIMIA\",\"url\":\"https:\/\/www.vicorquimia.com\/en\/\",\"logo\":{\"@type\":\"ImageObject\",\"inLanguage\":\"en-US\",\"@id\":\"https:\/\/www.vicorquimia.com\/en\/#\/schema\/logo\/image\/\",\"url\":\"https:\/\/www.vicorquimia.com\/wp-content\/uploads\/2025\/07\/2021_VQ_logo50Anys_transparent_alta.png\",\"contentUrl\":\"https:\/\/www.vicorquimia.com\/wp-content\/uploads\/2025\/07\/2021_VQ_logo50Anys_transparent_alta.png\",\"width\":1295,\"height\":554,\"caption\":\"VICORQUIMIA\"},\"image\":{\"@id\":\"https:\/\/www.vicorquimia.com\/en\/#\/schema\/logo\/image\/\"},\"sameAs\":[\"https:\/\/www.linkedin.com\/company\/vicorquimia\/\"]}]}<\/script>\n<!-- \/ Yoast SEO plugin. -->","yoast_head_json":{"title":"Represented Brands - VICORQUIMIA - Distribuci\u00f3n de Ingredientes y Complementos Alimenticios en Espa\u00f1a | Trayectoria desde 1972","robots":{"index":"index","follow":"follow","max-snippet":"max-snippet:-1","max-image-preview":"max-image-preview:large","max-video-preview":"max-video-preview:-1"},"canonical":"https:\/\/www.vicorquimia.com\/en\/represented-brands\/","og_locale":"en_US","og_type":"article","og_title":"Represented Brands - VICORQUIMIA - Distribuci\u00f3n de Ingredientes y Complementos Alimenticios en Espa\u00f1a | Trayectoria desde 1972","og_url":"https:\/\/www.vicorquimia.com\/en\/represented-brands\/","og_site_name":"VICORQUIMIA - Distribuci\u00f3n de Ingredientes y Complementos Alimenticios en Espa\u00f1a | Trayectoria desde 1972","article_modified_time":"2025-09-20T10:36:51+00:00","og_image":[{"width":350,"height":200,"url":"https:\/\/www.vicorquimia.com\/wp-content\/uploads\/2023\/04\/logo-proveedor-Eurial.jpg","type":"image\/jpeg"}],"twitter_card":"summary_large_image","schema":{"@context":"https:\/\/schema.org","@graph":[{"@type":"WebPage","@id":"https:\/\/www.vicorquimia.com\/en\/represented-brands\/","url":"https:\/\/www.vicorquimia.com\/en\/represented-brands\/","name":"Represented Brands - VICORQUIMIA - Distribuci\u00f3n de Ingredientes y Complementos Alimenticios en Espa\u00f1a | Trayectoria desde 1972","isPartOf":{"@id":"https:\/\/www.vicorquimia.com\/en\/#website"},"primaryImageOfPage":{"@id":"https:\/\/www.vicorquimia.com\/en\/represented-brands\/#primaryimage"},"image":{"@id":"https:\/\/www.vicorquimia.com\/en\/represented-brands\/#primaryimage"},"thumbnailUrl":"https:\/\/www.vicorquimia.com\/wp-content\/uploads\/2023\/04\/logo-proveedor-Eurial.jpg","datePublished":"2023-04-27T15:34:13+00:00","dateModified":"2025-09-20T10:36:51+00:00","breadcrumb":{"@id":"https:\/\/www.vicorquimia.com\/en\/represented-brands\/#breadcrumb"},"inLanguage":"en-US","potentialAction":[{"@type":"ReadAction","target":["https:\/\/www.vicorquimia.com\/en\/represented-brands\/"]}]},{"@type":"ImageObject","inLanguage":"en-US","@id":"https:\/\/www.vicorquimia.com\/en\/represented-brands\/#primaryimage","url":"https:\/\/www.vicorquimia.com\/wp-content\/uploads\/2023\/04\/logo-proveedor-Eurial.jpg","contentUrl":"https:\/\/www.vicorquimia.com\/wp-content\/uploads\/2023\/04\/logo-proveedor-Eurial.jpg"},{"@type":"BreadcrumbList","@id":"https:\/\/www.vicorquimia.com\/en\/represented-brands\/#breadcrumb","itemListElement":[{"@type":"ListItem","position":1,"name":"Portada","item":"https:\/\/www.vicorquimia.com\/en\/"},{"@type":"ListItem","position":2,"name":"Represented Brands"}]},{"@type":"WebSite","@id":"https:\/\/www.vicorquimia.com\/en\/#website","url":"https:\/\/www.vicorquimia.com\/en\/","name":"VICORQUIMIA","description":"VICORQUIMIA es una de las principales compa\u00f1\u00edas de distribuci\u00f3n de ingredientes y complementos alimenticios en Espa\u00f1a con m\u00e1s de 40 a\u00f1os de trayectoria. Proveemos a las principales compa\u00f1\u00edas de alimentaci\u00f3n en todo el pa\u00eds, desde c\u00e1rnicas y queseras hasta pasteleras y especializadas en alimentaci\u00f3n ecol\u00f3gica, diet\u00e9tica y nutrici\u00f3n deportiva. Descubre nuestra experiencia y calidad en la distribuci\u00f3n de materias primas para la industria alimentaria.","publisher":{"@id":"https:\/\/www.vicorquimia.com\/en\/#organization"},"potentialAction":[{"@type":"SearchAction","target":{"@type":"EntryPoint","urlTemplate":"https:\/\/www.vicorquimia.com\/en\/?s={search_term_string}"},"query-input":{"@type":"PropertyValueSpecification","valueRequired":true,"valueName":"search_term_string"}}],"inLanguage":"en-US"},{"@type":"Organization","@id":"https:\/\/www.vicorquimia.com\/en\/#organization","name":"VICORQUIMIA","url":"https:\/\/www.vicorquimia.com\/en\/","logo":{"@type":"ImageObject","inLanguage":"en-US","@id":"https:\/\/www.vicorquimia.com\/en\/#\/schema\/logo\/image\/","url":"https:\/\/www.vicorquimia.com\/wp-content\/uploads\/2025\/07\/2021_VQ_logo50Anys_transparent_alta.png","contentUrl":"https:\/\/www.vicorquimia.com\/wp-content\/uploads\/2025\/07\/2021_VQ_logo50Anys_transparent_alta.png","width":1295,"height":554,"caption":"VICORQUIMIA"},"image":{"@id":"https:\/\/www.vicorquimia.com\/en\/#\/schema\/logo\/image\/"},"sameAs":["https:\/\/www.linkedin.com\/company\/vicorquimia\/"]}]}},"_links":{"self":[{"href":"https:\/\/www.vicorquimia.com\/en\/wp-json\/wp\/v2\/pages\/2140","targetHints":{"allow":["GET"]}}],"collection":[{"href":"https:\/\/www.vicorquimia.com\/en\/wp-json\/wp\/v2\/pages"}],"about":[{"href":"https:\/\/www.vicorquimia.com\/en\/wp-json\/wp\/v2\/types\/page"}],"author":[{"embeddable":true,"href":"https:\/\/www.vicorquimia.com\/en\/wp-json\/wp\/v2\/users\/1"}],"replies":[{"embeddable":true,"href":"https:\/\/www.vicorquimia.com\/en\/wp-json\/wp\/v2\/comments?post=2140"}],"version-history":[{"count":9,"href":"https:\/\/www.vicorquimia.com\/en\/wp-json\/wp\/v2\/pages\/2140\/revisions"}],"predecessor-version":[{"id":3009,"href":"https:\/\/www.vicorquimia.com\/en\/wp-json\/wp\/v2\/pages\/2140\/revisions\/3009"}],"wp:attachment":[{"href":"https:\/\/www.vicorquimia.com\/en\/wp-json\/wp\/v2\/media?parent=2140"}],"curies":[{"name":"wp","href":"https:\/\/api.w.org\/{rel}","templated":true}]}}