{"id":2095,"date":"2023-04-27T17:11:17","date_gmt":"2023-04-27T15:11:17","guid":{"rendered":"https:\/\/www.vicorquimia.com\/cookies-policy\/"},"modified":"2025-08-22T13:44:41","modified_gmt":"2025-08-22T11:44:41","slug":"cookies-policy","status":"publish","type":"page","link":"https:\/\/www.vicorquimia.com\/en\/cookies-policy\/","title":{"rendered":"Cookies Policy"},"content":{"rendered":"\t\t<div data-elementor-type=\"wp-page\" data-elementor-id=\"2095\" class=\"elementor elementor-2095 elementor-300\" data-elementor-post-type=\"page\">\n\t\t\t\t<div class=\"elementor-element elementor-element-4b501604 e-flex e-con-boxed e-con e-parent\" data-id=\"4b501604\" data-element_type=\"container\">\n\t\t\t\t\t<div class=\"e-con-inner\">\n\t\t\t\t<div class=\"elementor-element elementor-element-9219075 elementor-widget elementor-widget-text-editor\" data-id=\"9219075\" data-element_type=\"widget\" data-widget_type=\"text-editor.default\">\n\t\t\t\t<div class=\"elementor-widget-container\">\n\t\t\t\t\t\t\t\t\t<p><strong>COOKIES POLICY<\/strong><\/p><p>In accordance with the provisions of Article 22.2 of Law 34\/2002, of July 11, 2002, on Information Society Services and Electronic Commerce (LSSI-CE) in force, <strong>VICORQUIMIA SA<\/strong> must comply with the obligation to inform about the cookies it uses and their purposes.<\/p><p>This website uses cookies and\/or similar technologies that store and retrieve information when you browse. Cookies allow a website, among other things, to store and retrieve information about the browsing habits of a User or their equipment and, depending on the information it contains and the way they use their equipment, can be used to recognize the User. <\/p><p>Cookies are essential for the operation of the Internet, providing countless advantages in the provision of interactive services, facilitating the user navigation and usability of our website.<\/p><p>The user can modify the customized configuration <strong><a href=\"#\" data-cky-tag=\"revisit-consent\">HERE<\/a><\/strong>.<\/p><p>The information provided below will help you understand the different types of cookies:<\/p><ul><li><strong>TYPES OF COOKIES  <\/strong><ul><li><strong>DEPENDING ON THE ENTITY THAT MANAGES THEM  <\/strong><\/li><\/ul><\/li><\/ul><p style=\"padding-left: 120px;\"><strong>OWN COOKIES:<\/strong> These are those that are sent to the user&#8217;s terminal equipment from a computer or domain managed by the editor itself and from which the service requested by the user is provided.<\/p><p style=\"padding-left: 120px;\"><strong>THIRD PARTY COOKIES:<\/strong> These are those that are sent to the user&#8217;s terminal equipment from a computer or domain that is not managed by the editor, but by another entity that processes the data obtained through the cookies.<\/p><ul><li style=\"list-style-type: none;\"><ul><li><strong>DEPENDING ON THE LENGTH OF TIME THEY REMAIN ACTIVE<\/strong><\/li><\/ul><\/li><\/ul><p style=\"padding-left: 120px;\"><strong>SESSION COOKIES:<\/strong> These are those designed to collect and store data while the user accesses a web page. They are usually used to store information that is only of interest to keep for the provision of the service requested by the user on a single occasion (for example, a list of products purchased) and disappear at the end of the session. <\/p><p style=\"padding-left: 120px;\"><strong>PERSISTENT COOKIES:<\/strong> These are those in which the data are still stored in the terminal and can be accessed and processed for a period defined by the person responsible for the cookie, which can range from a few minutes to several years.<\/p><ul><li style=\"list-style-type: none;\"><ul><li><strong>BY PURPOSE  <\/strong><\/li><\/ul><\/li><\/ul><p style=\"padding-left: 120px;\"><strong>TECHNICAL COOKIES:<\/strong> These are those that allow the user to navigate through a website, platform or application and the use of the different options or services that exist in it.<\/p><p style=\"padding-left: 120px;\"><strong>COOKIES OF CUSTOMIZATION:<\/strong> They allow to apply own characteristics for the user&#8217;s navigation through the website (e.g. language).<\/p><p style=\"padding-left: 120px;\"><strong>ANALYSIS COOKIES:<\/strong> These cookies allow the party responsible for them to monitor and analyze the behavior of the users of the websites to which they are linked, including the quantification of the impacts of advertisements. The information collected through this type of cookies is used in the measurement of the activity of the websites, application or platform, in order to make improvements based on the analysis of the usage data made by users of the service. <\/p><p style=\"padding-left: 120px;\"><strong>ADVERTISING COOKIES:<\/strong> Allow the editor to include advertising space on the website, according to the content of the website itself.<\/p><p style=\"padding-left: 120px;\"><strong>BEHAVIORAL ADVERTISING COOKIES:<\/strong> These are those that store information on user behavior obtained through the continuous observation of their browsing habits, which allows the development of a specific profile to display advertising based on the same.<\/p><p> <\/p><p>We inform you of the types of cookies used on this website and their purpose:<\/p><p><strong>OWN COOKIES<\/strong><\/p><p>Among the cookies we use are:<\/p><p>&#8211; Session cookies, which expire when the user leaves the page or closes the browser; that is, they are active for the duration of the visit to the website and are therefore deleted from our computer when the user leaves it (for example: PHPSESSIONID, session cookie essential to manage navigation to the site). <\/p><p>&#8211; Own cookies are those sent to your computer and managed exclusively by us for the better functioning of the website. The information we collect is used to improve the quality of our service and your user experience. <\/p><p>&#8211; Geolocation cookies are used to store location data and provide individualized content and services.<\/p><p>&#8211; Analytical cookies are Google Analytics cookies that collect information about user navigation (previous pages, time spent on a page, links visited, etc.).<\/p><p><b>Use of third-party plug-ins and cookies<\/b><\/p><p class=\"text-secondary-dark text-md font-semibold mb-2\">Necessary Cookies<\/p><div class=\"text-secondary-dark text-md mb-2\" data-testid=\"category-description\"><p>Necessary cookies are crucial to the basic functions of the website and the website will not function as intended without them.these cookies do not store any personally identifiable data.<\/p><\/div><p>The plug-ins and cookies used include:<\/p><table style=\"height: 278px;\" width=\"617\" cellspacing=\"0\" cellpadding=\"0\"><tbody><tr><td valign=\"bottom\">Cookie<\/td><td valign=\"bottom\">Duration<\/td><td valign=\"bottom\">Description<\/td><\/tr><tr><td valign=\"bottom\">elementor<\/td><td valign=\"bottom\">Never expires<\/td><td valign=\"bottom\">This cookie is set by the WordPress theme of the website. It allows the website owner to deploy or change the website content in real time. <\/td><\/tr><tr><td valign=\"bottom\">wpEmojiSettingsSupports<\/td><td valign=\"bottom\">session<\/td><td valign=\"bottom\">WordPress sets this cookie when a user interacts with emojis on a WordPress site. It helps determine if the user&#8217;s browser can display emojis correctly. <\/td><\/tr><tr><td valign=\"bottom\">cookieyes-consent<\/td><td valign=\"bottom\">1 year<\/td><td valign=\"bottom\">CookieYes sets this cookie to remember users&#8217; consent preferences so that their preferences are respected on subsequent visits to this site. It does not collect or store any personal information about site visitors. <\/td><\/tr><tr><td valign=\"bottom\">rc::a<\/td><td valign=\"bottom\">Never expires<\/td><td valign=\"bottom\">This cookie is set by the Google reCAPTCHA service to identify bots and protect the website against malicious spam attacks.<\/td><\/tr><tr><td valign=\"bottom\">rc::c<\/td><td valign=\"bottom\">session<\/td><td valign=\"bottom\">This cookie is set by the Google reCAPTCHA service to identify bots and protect the website against malicious spam attacks.<\/td><\/tr><\/tbody><\/table><p><i>This information table will be updated as quickly as possible as the services offered on this website change. However, occasionally during such an update, it may happen that the information table will no longer include a cookie, tag or other similar systems that allow the traceability of a user or his device, although these systems will always have the same purposes as those contained in this table. <\/i><\/p><p><b>Disabling cookies<\/b><\/p><p>The user can freely decide about the implantation or not in his hard disk of our cookies as well as their elimination, following the procedure established in the help section of his browser. The user can also configure his browser to accept or reject by default all cookies or to receive an on-screen warning of the reception of each cookie and decide at that time whether or not to place it on his hard drive. <\/p><p>Below, we provide links to various browsers, through which you can modify the settings of your browser on the use of cookies:<\/p><p><strong>Firefox:  <\/strong><\/p><p><a href=\"https:\/\/support.mozilla.org\/es\/kb\/cookies-informacion-que-los-sitios-web-guardan-en\">https:\/\/support.mozilla.org\/es\/kb\/cookies-informacion-que-los-sitios-web-guardan-en<\/a><\/p><p><strong>Chrome:  <\/strong><\/p><p><a href=\"http:\/\/support.google.com\/chrome\/bin\/answer.py?hl=es&amp;answer=95647\">http:\/\/support.google.com\/chrome\/bin\/answer.py?hl=es&amp;answer=95647<\/a><\/p><p><strong>Internet Explorer:<\/strong><\/p><p><a href=\"http:\/\/windows.microsoft.com\/es-es\/internet-explorer\/delete-manage-cookies#ie=ie-10\">http:\/\/windows.microsoft.com\/es-es\/internet-explorer\/delete-manage-cookies#ie=ie-10<\/a><\/p><p><strong>Microsoft Edge:  <\/strong><\/p><p><a href=\"https:\/\/support.microsoft.com\/es-es\/microsoft-edge\/eliminar-las-cookies-en-microsoft-edge-63947406-40ac-c3b8-57b9-2a946a29ae09\">https:\/\/support.microsoft.com\/es-es\/microsoft-edge\/eliminar-las-cookies-en-microsoft-edge-63947406-40ac-c3b8-57b9-2a946a29ae09<\/a><\/p><p><strong>Safari:  <\/strong><\/p><p><a href=\"https:\/\/support.apple.com\/kb\/ph17191?locale=es_ES\">https:\/\/support.apple.com\/kb\/ph17191?locale=es_ES<\/a><\/p><p><strong>Opera:  <\/strong><\/p><p><a href=\"https:\/\/help.opera.com\/en\/latest\/web-preferences\/#cookies\">https:\/\/help.opera.com\/en\/latest\/web-preferences\/#cookies<\/a><\/p><p>For more information on the processing of personal data, we recommend you visit our &#8220;Privacy Policy&#8221; section.<\/p><p>The fact that the user configures his browser to reject all cookies or expressly our cookies may mean that it is not possible to access some of the services and that your experience on our website may be less satisfactory.<\/p><p><strong>Last update:<\/strong> December 11, 2024<\/p>\t\t\t\t\t\t\t\t<\/div>\n\t\t\t\t<\/div>\n\t\t\t\t\t<\/div>\n\t\t\t\t<\/div>\n\t\t\t\t<\/div>\n\t\t","protected":false},"excerpt":{"rendered":"<p>COOKIES POLICY In accordance with the provisions of Article 22.2 of Law 34\/2002, of July 11, 2002, on Information Society Services and Electronic Commerce (LSSI-CE) in force, VICORQUIMIA SA must comply with the obligation to inform about the cookies it uses and their purposes. This website uses cookies and\/or similar technologies that store and retrieve [&hellip;]<\/p>\n","protected":false},"author":1,"featured_media":0,"parent":0,"menu_order":0,"comment_status":"closed","ping_status":"closed","template":"","meta":{"footnotes":""},"class_list":["post-2095","page","type-page","status-publish","hentry"],"yoast_head":"<!-- This site is optimized with the Yoast SEO plugin v25.9 - https:\/\/yoast.com\/wordpress\/plugins\/seo\/ -->\n<title>Cookies Policy - VICORQUIMIA - Distribuci\u00f3n de Ingredientes y Complementos Alimenticios en Espa\u00f1a | Trayectoria desde 1972<\/title>\n<meta name=\"description\" content=\"Find out about the use of cookies on the VICORQUIMIA SA website: types, purpose, consent and how to manage them from your browser.\" \/>\n<meta name=\"robots\" content=\"index, follow, max-snippet:-1, max-image-preview:large, max-video-preview:-1\" \/>\n<link rel=\"canonical\" href=\"https:\/\/www.vicorquimia.com\/en\/cookies-policy\/\" \/>\n<meta property=\"og:locale\" content=\"en_US\" \/>\n<meta property=\"og:type\" content=\"article\" \/>\n<meta property=\"og:title\" content=\"Cookies Policy - VICORQUIMIA - Distribuci\u00f3n de Ingredientes y Complementos Alimenticios en Espa\u00f1a | Trayectoria desde 1972\" \/>\n<meta property=\"og:description\" content=\"Find out about the use of cookies on the VICORQUIMIA SA website: types, purpose, consent and how to manage them from your browser.\" \/>\n<meta property=\"og:url\" content=\"https:\/\/www.vicorquimia.com\/en\/cookies-policy\/\" \/>\n<meta property=\"og:site_name\" content=\"VICORQUIMIA - Distribuci\u00f3n de Ingredientes y Complementos Alimenticios en Espa\u00f1a | Trayectoria desde 1972\" \/>\n<meta property=\"article:modified_time\" content=\"2025-08-22T11:44:41+00:00\" \/>\n<meta name=\"twitter:card\" content=\"summary_large_image\" \/>\n<meta name=\"twitter:label1\" content=\"Est. reading time\" \/>\n\t<meta name=\"twitter:data1\" content=\"6 minutes\" \/>\n<script type=\"application\/ld+json\" class=\"yoast-schema-graph\">{\"@context\":\"https:\/\/schema.org\",\"@graph\":[{\"@type\":\"WebPage\",\"@id\":\"https:\/\/www.vicorquimia.com\/en\/cookies-policy\/\",\"url\":\"https:\/\/www.vicorquimia.com\/en\/cookies-policy\/\",\"name\":\"Cookies Policy - VICORQUIMIA - Distribuci\u00f3n de Ingredientes y Complementos Alimenticios en Espa\u00f1a | Trayectoria desde 1972\",\"isPartOf\":{\"@id\":\"https:\/\/www.vicorquimia.com\/en\/#website\"},\"datePublished\":\"2023-04-27T15:11:17+00:00\",\"dateModified\":\"2025-08-22T11:44:41+00:00\",\"description\":\"Find out about the use of cookies on the VICORQUIMIA SA website: types, purpose, consent and how to manage them from your browser.\",\"breadcrumb\":{\"@id\":\"https:\/\/www.vicorquimia.com\/en\/cookies-policy\/#breadcrumb\"},\"inLanguage\":\"en-US\",\"potentialAction\":[{\"@type\":\"ReadAction\",\"target\":[\"https:\/\/www.vicorquimia.com\/en\/cookies-policy\/\"]}]},{\"@type\":\"BreadcrumbList\",\"@id\":\"https:\/\/www.vicorquimia.com\/en\/cookies-policy\/#breadcrumb\",\"itemListElement\":[{\"@type\":\"ListItem\",\"position\":1,\"name\":\"Portada\",\"item\":\"https:\/\/www.vicorquimia.com\/en\/\"},{\"@type\":\"ListItem\",\"position\":2,\"name\":\"Cookies Policy\"}]},{\"@type\":\"WebSite\",\"@id\":\"https:\/\/www.vicorquimia.com\/en\/#website\",\"url\":\"https:\/\/www.vicorquimia.com\/en\/\",\"name\":\"VICORQUIMIA\",\"description\":\"VICORQUIMIA es una de las principales compa\u00f1\u00edas de distribuci\u00f3n de ingredientes y complementos alimenticios en Espa\u00f1a con m\u00e1s de 40 a\u00f1os de trayectoria. Proveemos a las principales compa\u00f1\u00edas de alimentaci\u00f3n en todo el pa\u00eds, desde c\u00e1rnicas y queseras hasta pasteleras y especializadas en alimentaci\u00f3n ecol\u00f3gica, diet\u00e9tica y nutrici\u00f3n deportiva. Descubre nuestra experiencia y calidad en la distribuci\u00f3n de materias primas para la industria alimentaria.\",\"publisher\":{\"@id\":\"https:\/\/www.vicorquimia.com\/en\/#organization\"},\"potentialAction\":[{\"@type\":\"SearchAction\",\"target\":{\"@type\":\"EntryPoint\",\"urlTemplate\":\"https:\/\/www.vicorquimia.com\/en\/?s={search_term_string}\"},\"query-input\":{\"@type\":\"PropertyValueSpecification\",\"valueRequired\":true,\"valueName\":\"search_term_string\"}}],\"inLanguage\":\"en-US\"},{\"@type\":\"Organization\",\"@id\":\"https:\/\/www.vicorquimia.com\/en\/#organization\",\"name\":\"VICORQUIMIA\",\"url\":\"https:\/\/www.vicorquimia.com\/en\/\",\"logo\":{\"@type\":\"ImageObject\",\"inLanguage\":\"en-US\",\"@id\":\"https:\/\/www.vicorquimia.com\/en\/#\/schema\/logo\/image\/\",\"url\":\"https:\/\/www.vicorquimia.com\/wp-content\/uploads\/2025\/07\/2021_VQ_logo50Anys_transparent_alta.png\",\"contentUrl\":\"https:\/\/www.vicorquimia.com\/wp-content\/uploads\/2025\/07\/2021_VQ_logo50Anys_transparent_alta.png\",\"width\":1295,\"height\":554,\"caption\":\"VICORQUIMIA\"},\"image\":{\"@id\":\"https:\/\/www.vicorquimia.com\/en\/#\/schema\/logo\/image\/\"},\"sameAs\":[\"https:\/\/www.linkedin.com\/company\/vicorquimia\/\"]}]}<\/script>\n<!-- \/ Yoast SEO plugin. -->","yoast_head_json":{"title":"Cookies Policy - VICORQUIMIA - Distribuci\u00f3n de Ingredientes y Complementos Alimenticios en Espa\u00f1a | Trayectoria desde 1972","description":"Find out about the use of cookies on the VICORQUIMIA SA website: types, purpose, consent and how to manage them from your browser.","robots":{"index":"index","follow":"follow","max-snippet":"max-snippet:-1","max-image-preview":"max-image-preview:large","max-video-preview":"max-video-preview:-1"},"canonical":"https:\/\/www.vicorquimia.com\/en\/cookies-policy\/","og_locale":"en_US","og_type":"article","og_title":"Cookies Policy - VICORQUIMIA - Distribuci\u00f3n de Ingredientes y Complementos Alimenticios en Espa\u00f1a | Trayectoria desde 1972","og_description":"Find out about the use of cookies on the VICORQUIMIA SA website: types, purpose, consent and how to manage them from your browser.","og_url":"https:\/\/www.vicorquimia.com\/en\/cookies-policy\/","og_site_name":"VICORQUIMIA - Distribuci\u00f3n de Ingredientes y Complementos Alimenticios en Espa\u00f1a | Trayectoria desde 1972","article_modified_time":"2025-08-22T11:44:41+00:00","twitter_card":"summary_large_image","twitter_misc":{"Est. reading time":"6 minutes"},"schema":{"@context":"https:\/\/schema.org","@graph":[{"@type":"WebPage","@id":"https:\/\/www.vicorquimia.com\/en\/cookies-policy\/","url":"https:\/\/www.vicorquimia.com\/en\/cookies-policy\/","name":"Cookies Policy - VICORQUIMIA - Distribuci\u00f3n de Ingredientes y Complementos Alimenticios en Espa\u00f1a | Trayectoria desde 1972","isPartOf":{"@id":"https:\/\/www.vicorquimia.com\/en\/#website"},"datePublished":"2023-04-27T15:11:17+00:00","dateModified":"2025-08-22T11:44:41+00:00","description":"Find out about the use of cookies on the VICORQUIMIA SA website: types, purpose, consent and how to manage them from your browser.","breadcrumb":{"@id":"https:\/\/www.vicorquimia.com\/en\/cookies-policy\/#breadcrumb"},"inLanguage":"en-US","potentialAction":[{"@type":"ReadAction","target":["https:\/\/www.vicorquimia.com\/en\/cookies-policy\/"]}]},{"@type":"BreadcrumbList","@id":"https:\/\/www.vicorquimia.com\/en\/cookies-policy\/#breadcrumb","itemListElement":[{"@type":"ListItem","position":1,"name":"Portada","item":"https:\/\/www.vicorquimia.com\/en\/"},{"@type":"ListItem","position":2,"name":"Cookies Policy"}]},{"@type":"WebSite","@id":"https:\/\/www.vicorquimia.com\/en\/#website","url":"https:\/\/www.vicorquimia.com\/en\/","name":"VICORQUIMIA","description":"VICORQUIMIA es una de las principales compa\u00f1\u00edas de distribuci\u00f3n de ingredientes y complementos alimenticios en Espa\u00f1a con m\u00e1s de 40 a\u00f1os de trayectoria. Proveemos a las principales compa\u00f1\u00edas de alimentaci\u00f3n en todo el pa\u00eds, desde c\u00e1rnicas y queseras hasta pasteleras y especializadas en alimentaci\u00f3n ecol\u00f3gica, diet\u00e9tica y nutrici\u00f3n deportiva. Descubre nuestra experiencia y calidad en la distribuci\u00f3n de materias primas para la industria alimentaria.","publisher":{"@id":"https:\/\/www.vicorquimia.com\/en\/#organization"},"potentialAction":[{"@type":"SearchAction","target":{"@type":"EntryPoint","urlTemplate":"https:\/\/www.vicorquimia.com\/en\/?s={search_term_string}"},"query-input":{"@type":"PropertyValueSpecification","valueRequired":true,"valueName":"search_term_string"}}],"inLanguage":"en-US"},{"@type":"Organization","@id":"https:\/\/www.vicorquimia.com\/en\/#organization","name":"VICORQUIMIA","url":"https:\/\/www.vicorquimia.com\/en\/","logo":{"@type":"ImageObject","inLanguage":"en-US","@id":"https:\/\/www.vicorquimia.com\/en\/#\/schema\/logo\/image\/","url":"https:\/\/www.vicorquimia.com\/wp-content\/uploads\/2025\/07\/2021_VQ_logo50Anys_transparent_alta.png","contentUrl":"https:\/\/www.vicorquimia.com\/wp-content\/uploads\/2025\/07\/2021_VQ_logo50Anys_transparent_alta.png","width":1295,"height":554,"caption":"VICORQUIMIA"},"image":{"@id":"https:\/\/www.vicorquimia.com\/en\/#\/schema\/logo\/image\/"},"sameAs":["https:\/\/www.linkedin.com\/company\/vicorquimia\/"]}]}},"_links":{"self":[{"href":"https:\/\/www.vicorquimia.com\/en\/wp-json\/wp\/v2\/pages\/2095","targetHints":{"allow":["GET"]}}],"collection":[{"href":"https:\/\/www.vicorquimia.com\/en\/wp-json\/wp\/v2\/pages"}],"about":[{"href":"https:\/\/www.vicorquimia.com\/en\/wp-json\/wp\/v2\/types\/page"}],"author":[{"embeddable":true,"href":"https:\/\/www.vicorquimia.com\/en\/wp-json\/wp\/v2\/users\/1"}],"replies":[{"embeddable":true,"href":"https:\/\/www.vicorquimia.com\/en\/wp-json\/wp\/v2\/comments?post=2095"}],"version-history":[{"count":6,"href":"https:\/\/www.vicorquimia.com\/en\/wp-json\/wp\/v2\/pages\/2095\/revisions"}],"predecessor-version":[{"id":2902,"href":"https:\/\/www.vicorquimia.com\/en\/wp-json\/wp\/v2\/pages\/2095\/revisions\/2902"}],"wp:attachment":[{"href":"https:\/\/www.vicorquimia.com\/en\/wp-json\/wp\/v2\/media?parent=2095"}],"curies":[{"name":"wp","href":"https:\/\/api.w.org\/{rel}","templated":true}]}}