{"id":1883,"date":"2023-04-27T16:23:54","date_gmt":"2023-04-27T14:23:54","guid":{"rendered":"https:\/\/www.vicorquimia.com\/logistics-and-distribution\/"},"modified":"2025-08-05T15:08:43","modified_gmt":"2025-08-05T13:08:43","slug":"logistics-and-distribution","status":"publish","type":"page","link":"https:\/\/www.vicorquimia.com\/en\/logistics-and-distribution\/","title":{"rendered":"Logistics and Distribution"},"content":{"rendered":"\t\t<div data-elementor-type=\"wp-page\" data-elementor-id=\"1883\" class=\"elementor elementor-1883 elementor-258\" data-elementor-post-type=\"page\">\n\t\t\t\t<div class=\"elementor-element elementor-element-45af55a e-flex e-con-boxed e-con e-parent\" data-id=\"45af55a\" data-element_type=\"container\">\n\t\t\t\t\t<div class=\"e-con-inner\">\n\t\t<div class=\"elementor-element elementor-element-84b3a42 e-con-full e-flex e-con e-child\" data-id=\"84b3a42\" data-element_type=\"container\">\n\t\t\t\t<div class=\"elementor-element elementor-element-1e2094f elementor-widget elementor-widget-heading\" data-id=\"1e2094f\" data-element_type=\"widget\" data-widget_type=\"heading.default\">\n\t\t\t\t<div class=\"elementor-widget-container\">\n\t\t\t\t\t<h2 class=\"elementor-heading-title elementor-size-default\">Committed to flexible, fast and reliable service<\/h2>\t\t\t\t<\/div>\n\t\t\t\t<\/div>\n\t\t\t\t<div class=\"elementor-element elementor-element-18fd428 elementor-widget elementor-widget-text-editor\" data-id=\"18fd428\" data-element_type=\"widget\" data-widget_type=\"text-editor.default\">\n\t\t\t\t<div class=\"elementor-widget-container\">\n\t\t\t\t\t\t\t\t\t<p>At <strong>Vicorquimia<\/strong>, we know that punctuality is as essential as the quality of the products we supply. Therefore, we make sure that our customers always have the necessary supplies to maintain the continuity of their production. <\/p><p>To achieve this, we have an isolated <strong>Class A<\/strong> warehouse, with a <strong>12,000 m\u00b2<\/strong> plot and an operational area of <strong>5,561 m\u00b2<\/strong>, equipped with all the necessary safety and control measures to comply with the strictest hygiene and safety regulations.<\/p>\t\t\t\t\t\t\t\t<\/div>\n\t\t\t\t<\/div>\n\t\t\t\t<\/div>\n\t\t\t\t\t<\/div>\n\t\t\t\t<\/div>\n\t\t<div class=\"elementor-element elementor-element-ebd4938 e-flex e-con-boxed e-con e-parent\" data-id=\"ebd4938\" data-element_type=\"container\">\n\t\t\t\t\t<div class=\"e-con-inner\">\n\t\t<div class=\"elementor-element elementor-element-45f1835 e-con-full e-flex e-con e-child\" data-id=\"45f1835\" data-element_type=\"container\">\n\t\t\t\t<div class=\"elementor-element elementor-element-3fd400a elementor-widget elementor-widget-gallery\" data-id=\"3fd400a\" data-element_type=\"widget\" data-settings=\"{&quot;columns&quot;:2,&quot;gap&quot;:{&quot;unit&quot;:&quot;px&quot;,&quot;size&quot;:8,&quot;sizes&quot;:[]},&quot;lazyload&quot;:&quot;yes&quot;,&quot;gallery_layout&quot;:&quot;grid&quot;,&quot;columns_tablet&quot;:2,&quot;columns_mobile&quot;:1,&quot;gap_tablet&quot;:{&quot;unit&quot;:&quot;px&quot;,&quot;size&quot;:10,&quot;sizes&quot;:[]},&quot;gap_mobile&quot;:{&quot;unit&quot;:&quot;px&quot;,&quot;size&quot;:10,&quot;sizes&quot;:[]},&quot;link_to&quot;:&quot;file&quot;,&quot;aspect_ratio&quot;:&quot;3:2&quot;,&quot;overlay_background&quot;:&quot;yes&quot;,&quot;content_hover_animation&quot;:&quot;fade-in&quot;}\" data-widget_type=\"gallery.default\">\n\t\t\t\t<div class=\"elementor-widget-container\">\n\t\t\t\t\t\t\t<div class=\"elementor-gallery__container\">\n\t\t\t\t\t\t\t<a class=\"e-gallery-item elementor-gallery-item elementor-animated-content\" href=\"https:\/\/www.vicorquimia.com\/wp-content\/uploads\/2025\/07\/VQ-almacen-fv-frontal.png\" data-elementor-open-lightbox=\"yes\" data-elementor-lightbox-slideshow=\"3fd400a\" data-elementor-lightbox-title=\"VQ-almacen-fv-frontal\" data-e-action-hash=\"#elementor-action%3Aaction%3Dlightbox%26settings%3DeyJpZCI6MTExNiwidXJsIjoiaHR0cHM6XC9cL3d3dy52aWNvcnF1aW1pYS5jb21cL3dwLWNvbnRlbnRcL3VwbG9hZHNcLzIwMjVcLzA3XC9WUS1hbG1hY2VuLWZ2LWZyb250YWwucG5nIiwic2xpZGVzaG93IjoiM2ZkNDAwYSJ9\">\n\t\t\t\t\t<div class=\"e-gallery-image elementor-gallery-item__image\" data-thumbnail=\"https:\/\/www.vicorquimia.com\/wp-content\/uploads\/2025\/07\/VQ-almacen-fv-frontal-300x275.png\" data-width=\"300\" data-height=\"275\" aria-label=\"\" role=\"img\" ><\/div>\n\t\t\t\t\t\t\t\t\t\t\t<div class=\"elementor-gallery-item__overlay\"><\/div>\n\t\t\t\t\t\t\t\t\t\t\t\t\t\t<\/a>\n\t\t\t\t\t\t\t<a class=\"e-gallery-item elementor-gallery-item elementor-animated-content\" href=\"https:\/\/www.vicorquimia.com\/wp-content\/uploads\/2025\/07\/2023-09-23_Vicorquimia_158-scaled.jpg\" data-elementor-open-lightbox=\"yes\" data-elementor-lightbox-slideshow=\"3fd400a\" data-elementor-lightbox-title=\"2023-09-23_Vicorquimia_158\" data-e-action-hash=\"#elementor-action%3Aaction%3Dlightbox%26settings%3DeyJpZCI6Njc1LCJ1cmwiOiJodHRwczpcL1wvd3d3LnZpY29ycXVpbWlhLmNvbVwvd3AtY29udGVudFwvdXBsb2Fkc1wvMjAyNVwvMDdcLzIwMjMtMDktMjNfVmljb3JxdWltaWFfMTU4LXNjYWxlZC5qcGciLCJzbGlkZXNob3ciOiIzZmQ0MDBhIn0%3D\">\n\t\t\t\t\t<div class=\"e-gallery-image elementor-gallery-item__image\" data-thumbnail=\"https:\/\/www.vicorquimia.com\/wp-content\/uploads\/2025\/07\/2023-09-23_Vicorquimia_158-300x200.jpg\" data-width=\"300\" data-height=\"200\" aria-label=\"\" role=\"img\" ><\/div>\n\t\t\t\t\t\t\t\t\t\t\t<div class=\"elementor-gallery-item__overlay\"><\/div>\n\t\t\t\t\t\t\t\t\t\t\t\t\t\t<\/a>\n\t\t\t\t\t\t\t<a class=\"e-gallery-item elementor-gallery-item elementor-animated-content\" href=\"https:\/\/www.vicorquimia.com\/wp-content\/uploads\/2023\/04\/logistica-final-17.jpg\" data-elementor-open-lightbox=\"yes\" data-elementor-lightbox-slideshow=\"3fd400a\" data-elementor-lightbox-title=\"logistica-final-17\" data-e-action-hash=\"#elementor-action%3Aaction%3Dlightbox%26settings%3DeyJpZCI6MjI0LCJ1cmwiOiJodHRwczpcL1wvd3d3LnZpY29ycXVpbWlhLmNvbVwvd3AtY29udGVudFwvdXBsb2Fkc1wvMjAyM1wvMDRcL2xvZ2lzdGljYS1maW5hbC0xNy5qcGciLCJzbGlkZXNob3ciOiIzZmQ0MDBhIn0%3D\">\n\t\t\t\t\t<div class=\"e-gallery-image elementor-gallery-item__image\" data-thumbnail=\"https:\/\/www.vicorquimia.com\/wp-content\/uploads\/2023\/04\/logistica-final-17-300x200.jpg\" data-width=\"300\" data-height=\"200\" aria-label=\"\" role=\"img\" ><\/div>\n\t\t\t\t\t\t\t\t\t\t\t<div class=\"elementor-gallery-item__overlay\"><\/div>\n\t\t\t\t\t\t\t\t\t\t\t\t\t\t<\/a>\n\t\t\t\t\t\t\t<a class=\"e-gallery-item elementor-gallery-item elementor-animated-content\" href=\"https:\/\/www.vicorquimia.com\/wp-content\/uploads\/2023\/04\/logistica-final-1.jpg\" data-elementor-open-lightbox=\"yes\" data-elementor-lightbox-slideshow=\"3fd400a\" data-elementor-lightbox-title=\"logistica-final-1\" data-e-action-hash=\"#elementor-action%3Aaction%3Dlightbox%26settings%3DeyJpZCI6MjMwLCJ1cmwiOiJodHRwczpcL1wvd3d3LnZpY29ycXVpbWlhLmNvbVwvd3AtY29udGVudFwvdXBsb2Fkc1wvMjAyM1wvMDRcL2xvZ2lzdGljYS1maW5hbC0xLmpwZyIsInNsaWRlc2hvdyI6IjNmZDQwMGEifQ%3D%3D\">\n\t\t\t\t\t<div class=\"e-gallery-image elementor-gallery-item__image\" data-thumbnail=\"https:\/\/www.vicorquimia.com\/wp-content\/uploads\/2023\/04\/logistica-final-1-300x169.jpg\" data-width=\"300\" data-height=\"169\" aria-label=\"\" role=\"img\" ><\/div>\n\t\t\t\t\t\t\t\t\t\t\t<div class=\"elementor-gallery-item__overlay\"><\/div>\n\t\t\t\t\t\t\t\t\t\t\t\t\t\t<\/a>\n\t\t\t\t\t\t\t<a class=\"e-gallery-item elementor-gallery-item elementor-animated-content\" href=\"https:\/\/www.vicorquimia.com\/wp-content\/uploads\/2025\/07\/2023-09-23_Vicorquimia_173-scaled.jpg\" data-elementor-open-lightbox=\"yes\" data-elementor-lightbox-slideshow=\"3fd400a\" data-elementor-lightbox-title=\"2023-09-23_Vicorquimia_173\" data-e-action-hash=\"#elementor-action%3Aaction%3Dlightbox%26settings%3DeyJpZCI6Njc2LCJ1cmwiOiJodHRwczpcL1wvd3d3LnZpY29ycXVpbWlhLmNvbVwvd3AtY29udGVudFwvdXBsb2Fkc1wvMjAyNVwvMDdcLzIwMjMtMDktMjNfVmljb3JxdWltaWFfMTczLXNjYWxlZC5qcGciLCJzbGlkZXNob3ciOiIzZmQ0MDBhIn0%3D\">\n\t\t\t\t\t<div class=\"e-gallery-image elementor-gallery-item__image\" data-thumbnail=\"https:\/\/www.vicorquimia.com\/wp-content\/uploads\/2025\/07\/2023-09-23_Vicorquimia_173-300x200.jpg\" data-width=\"300\" data-height=\"200\" aria-label=\"\" role=\"img\" ><\/div>\n\t\t\t\t\t\t\t\t\t\t\t<div class=\"elementor-gallery-item__overlay\"><\/div>\n\t\t\t\t\t\t\t\t\t\t\t\t\t\t<\/a>\n\t\t\t\t\t\t\t<a class=\"e-gallery-item elementor-gallery-item elementor-animated-content\" href=\"https:\/\/www.vicorquimia.com\/wp-content\/uploads\/2023\/04\/logistica-final-14.jpg\" data-elementor-open-lightbox=\"yes\" data-elementor-lightbox-slideshow=\"3fd400a\" data-elementor-lightbox-title=\"logistica-final-14\" data-e-action-hash=\"#elementor-action%3Aaction%3Dlightbox%26settings%3DeyJpZCI6MjIwLCJ1cmwiOiJodHRwczpcL1wvd3d3LnZpY29ycXVpbWlhLmNvbVwvd3AtY29udGVudFwvdXBsb2Fkc1wvMjAyM1wvMDRcL2xvZ2lzdGljYS1maW5hbC0xNC5qcGciLCJzbGlkZXNob3ciOiIzZmQ0MDBhIn0%3D\">\n\t\t\t\t\t<div class=\"e-gallery-image elementor-gallery-item__image\" data-thumbnail=\"https:\/\/www.vicorquimia.com\/wp-content\/uploads\/2023\/04\/logistica-final-14-300x200.jpg\" data-width=\"300\" data-height=\"200\" aria-label=\"\" role=\"img\" ><\/div>\n\t\t\t\t\t\t\t\t\t\t\t<div class=\"elementor-gallery-item__overlay\"><\/div>\n\t\t\t\t\t\t\t\t\t\t\t\t\t\t<\/a>\n\t\t\t\t\t<\/div>\n\t\t\t\t\t<\/div>\n\t\t\t\t<\/div>\n\t\t\t\t<\/div>\n\t\t<div class=\"elementor-element elementor-element-d74198f e-con-full e-flex e-con e-child\" data-id=\"d74198f\" data-element_type=\"container\">\n\t\t<div class=\"elementor-element elementor-element-86de17d e-con-full e-flex e-con e-child\" data-id=\"86de17d\" data-element_type=\"container\">\n\t\t\t\t<div class=\"elementor-element elementor-element-dc82c0d elementor-widget__width-initial elementor-widget elementor-widget-text-editor\" data-id=\"dc82c0d\" data-element_type=\"widget\" data-widget_type=\"text-editor.default\">\n\t\t\t\t<div class=\"elementor-widget-container\">\n\t\t\t\t\t\t\t\t\t<p>Our facilities include:<\/p>\n<ul>\n<li>\n<p>More than <strong>5,000 m\u00b2<\/strong> of storage space.<\/p>\n<\/li>\n<li>\n<p><strong>6<\/strong> loading and unloading <strong>docks<\/strong>.<\/p>\n<\/li>\n<li>\n<p><strong>Clean room<\/strong> for handling sensitive products.<\/p>\n<\/li>\n<li>\n<p>High security racks with capacity for more than <strong>5,000 pallets<\/strong>.<\/p>\n<\/li>\n<li>\n<p><strong>WMS (Warehouse Management System)<\/strong> controlled by radio frequency.<\/p>\n<\/li>\n<li>\n<p>Indoor temperature continuously monitored.<\/p>\n<\/li>\n<li>\n<p>Strict compliance with current health and safety regulations.<\/p>\n<\/li>\n<li>\n<p>High fire safety measures, with advanced protection systems.<\/p>\n<\/li>\n<li>\n<p>Access control with <strong>video surveillance<\/strong> and <strong>video analysis<\/strong>, guaranteeing maximum security of the facilities.<\/p>\n<\/li>\n<\/ul>\t\t\t\t\t\t\t\t<\/div>\n\t\t\t\t<\/div>\n\t\t\t\t<\/div>\n\t\t\t\t<\/div>\n\t\t<div class=\"elementor-element elementor-element-0597f52 e-con-full e-flex e-con e-child\" data-id=\"0597f52\" data-element_type=\"container\">\n\t\t<div class=\"elementor-element elementor-element-78fb924 e-con-full e-flex e-con e-child\" data-id=\"78fb924\" data-element_type=\"container\">\n\t\t\t\t<div class=\"elementor-element elementor-element-f2bb6aa elementor-widget elementor-widget-text-editor\" data-id=\"f2bb6aa\" data-element_type=\"widget\" data-widget_type=\"text-editor.default\">\n\t\t\t\t<div class=\"elementor-widget-container\">\n\t\t\t\t\t\t\t\t\t<p>Our strict focus on <strong>safety<\/strong> and <strong>traceability<\/strong> guarantees that each product can be monitored from its origin to its final destination, ensuring total transparency at every stage of the logistics process.<\/p><p>In addition to our own resources, our warehouse and our expert logistics team, we have strategic agreements with the <strong>best transportation, shipping and logistics companies<\/strong>. This allows us to offer the best possible logistics, ensuring the efficient and timely delivery of products to our customers anywhere in the country. <\/p><p>We offer a highly efficient service, with an order preparation time of less than <strong>5 hours<\/strong> from receipt to loading on the transport truck. Thanks to this infrastructure and our logistics partners, we can ship products to any point in Spain within <strong>24 hours<\/strong>. <\/p><p>This approach allows us to guarantee a reliable and agile logistics service tailored to the needs of each customer, with the peace of mind that all processes are carried out under the highest standards of safety and control.<\/p>\t\t\t\t\t\t\t\t<\/div>\n\t\t\t\t<\/div>\n\t\t\t\t<\/div>\n\t\t\t\t<\/div>\n\t\t\t\t\t<\/div>\n\t\t\t\t<\/div>\n\t\t\t\t<\/div>\n\t\t","protected":false},"excerpt":{"rendered":"<p>Committed to flexible, fast and reliable service At Vicorquimia, we know that punctuality is as essential as the quality of the products we supply. Therefore, we make sure that our customers always have the necessary supplies to maintain the continuity of their production. To achieve this, we have an isolated Class A warehouse, with a [&hellip;]<\/p>\n","protected":false},"author":1,"featured_media":0,"parent":0,"menu_order":0,"comment_status":"closed","ping_status":"closed","template":"","meta":{"footnotes":""},"class_list":["post-1883","page","type-page","status-publish","hentry"],"yoast_head":"<!-- This site is optimized with the Yoast SEO plugin v25.9 - https:\/\/yoast.com\/wordpress\/plugins\/seo\/ -->\n<title>Logistics and Distribution - VICORQUIMIA - Distribuci\u00f3n de Ingredientes y Complementos Alimenticios en Espa\u00f1a | Trayectoria desde 1972<\/title>\n<meta name=\"description\" content=\"At Vicorquimia we guarantee a flexible, fast and safe logistics service, with 24-hour delivery, high security facilities and total traceability control.\" \/>\n<meta name=\"robots\" content=\"index, follow, max-snippet:-1, max-image-preview:large, max-video-preview:-1\" \/>\n<link rel=\"canonical\" href=\"https:\/\/www.vicorquimia.com\/en\/logistics-and-distribution\/\" \/>\n<meta property=\"og:locale\" content=\"en_US\" \/>\n<meta property=\"og:type\" content=\"article\" \/>\n<meta property=\"og:title\" content=\"Logistics and Distribution - VICORQUIMIA - Distribuci\u00f3n de Ingredientes y Complementos Alimenticios en Espa\u00f1a | Trayectoria desde 1972\" \/>\n<meta property=\"og:description\" content=\"At Vicorquimia we guarantee a flexible, fast and safe logistics service, with 24-hour delivery, high security facilities and total traceability control.\" \/>\n<meta property=\"og:url\" content=\"https:\/\/www.vicorquimia.com\/en\/logistics-and-distribution\/\" \/>\n<meta property=\"og:site_name\" content=\"VICORQUIMIA - Distribuci\u00f3n de Ingredientes y Complementos Alimenticios en Espa\u00f1a | Trayectoria desde 1972\" \/>\n<meta property=\"article:modified_time\" content=\"2025-08-05T13:08:43+00:00\" \/>\n<meta name=\"twitter:card\" content=\"summary_large_image\" \/>\n<meta name=\"twitter:label1\" content=\"Est. reading time\" \/>\n\t<meta name=\"twitter:data1\" content=\"2 minutes\" \/>\n<script type=\"application\/ld+json\" class=\"yoast-schema-graph\">{\"@context\":\"https:\/\/schema.org\",\"@graph\":[{\"@type\":\"WebPage\",\"@id\":\"https:\/\/www.vicorquimia.com\/en\/logistics-and-distribution\/\",\"url\":\"https:\/\/www.vicorquimia.com\/en\/logistics-and-distribution\/\",\"name\":\"Logistics and Distribution - VICORQUIMIA - Distribuci\u00f3n de Ingredientes y Complementos Alimenticios en Espa\u00f1a | Trayectoria desde 1972\",\"isPartOf\":{\"@id\":\"https:\/\/www.vicorquimia.com\/en\/#website\"},\"datePublished\":\"2023-04-27T14:23:54+00:00\",\"dateModified\":\"2025-08-05T13:08:43+00:00\",\"description\":\"At Vicorquimia we guarantee a flexible, fast and safe logistics service, with 24-hour delivery, high security facilities and total traceability control.\",\"breadcrumb\":{\"@id\":\"https:\/\/www.vicorquimia.com\/en\/logistics-and-distribution\/#breadcrumb\"},\"inLanguage\":\"en-US\",\"potentialAction\":[{\"@type\":\"ReadAction\",\"target\":[\"https:\/\/www.vicorquimia.com\/en\/logistics-and-distribution\/\"]}]},{\"@type\":\"BreadcrumbList\",\"@id\":\"https:\/\/www.vicorquimia.com\/en\/logistics-and-distribution\/#breadcrumb\",\"itemListElement\":[{\"@type\":\"ListItem\",\"position\":1,\"name\":\"Portada\",\"item\":\"https:\/\/www.vicorquimia.com\/en\/\"},{\"@type\":\"ListItem\",\"position\":2,\"name\":\"Logistics and Distribution\"}]},{\"@type\":\"WebSite\",\"@id\":\"https:\/\/www.vicorquimia.com\/en\/#website\",\"url\":\"https:\/\/www.vicorquimia.com\/en\/\",\"name\":\"VICORQUIMIA\",\"description\":\"VICORQUIMIA es una de las principales compa\u00f1\u00edas de distribuci\u00f3n de ingredientes y complementos alimenticios en Espa\u00f1a con m\u00e1s de 40 a\u00f1os de trayectoria. Proveemos a las principales compa\u00f1\u00edas de alimentaci\u00f3n en todo el pa\u00eds, desde c\u00e1rnicas y queseras hasta pasteleras y especializadas en alimentaci\u00f3n ecol\u00f3gica, diet\u00e9tica y nutrici\u00f3n deportiva. Descubre nuestra experiencia y calidad en la distribuci\u00f3n de materias primas para la industria alimentaria.\",\"publisher\":{\"@id\":\"https:\/\/www.vicorquimia.com\/en\/#organization\"},\"potentialAction\":[{\"@type\":\"SearchAction\",\"target\":{\"@type\":\"EntryPoint\",\"urlTemplate\":\"https:\/\/www.vicorquimia.com\/en\/?s={search_term_string}\"},\"query-input\":{\"@type\":\"PropertyValueSpecification\",\"valueRequired\":true,\"valueName\":\"search_term_string\"}}],\"inLanguage\":\"en-US\"},{\"@type\":\"Organization\",\"@id\":\"https:\/\/www.vicorquimia.com\/en\/#organization\",\"name\":\"VICORQUIMIA\",\"url\":\"https:\/\/www.vicorquimia.com\/en\/\",\"logo\":{\"@type\":\"ImageObject\",\"inLanguage\":\"en-US\",\"@id\":\"https:\/\/www.vicorquimia.com\/en\/#\/schema\/logo\/image\/\",\"url\":\"https:\/\/www.vicorquimia.com\/wp-content\/uploads\/2025\/07\/2021_VQ_logo50Anys_transparent_alta.png\",\"contentUrl\":\"https:\/\/www.vicorquimia.com\/wp-content\/uploads\/2025\/07\/2021_VQ_logo50Anys_transparent_alta.png\",\"width\":1295,\"height\":554,\"caption\":\"VICORQUIMIA\"},\"image\":{\"@id\":\"https:\/\/www.vicorquimia.com\/en\/#\/schema\/logo\/image\/\"},\"sameAs\":[\"https:\/\/www.linkedin.com\/company\/vicorquimia\/\"]}]}<\/script>\n<!-- \/ Yoast SEO plugin. -->","yoast_head_json":{"title":"Logistics and Distribution - VICORQUIMIA - Distribuci\u00f3n de Ingredientes y Complementos Alimenticios en Espa\u00f1a | Trayectoria desde 1972","description":"At Vicorquimia we guarantee a flexible, fast and safe logistics service, with 24-hour delivery, high security facilities and total traceability control.","robots":{"index":"index","follow":"follow","max-snippet":"max-snippet:-1","max-image-preview":"max-image-preview:large","max-video-preview":"max-video-preview:-1"},"canonical":"https:\/\/www.vicorquimia.com\/en\/logistics-and-distribution\/","og_locale":"en_US","og_type":"article","og_title":"Logistics and Distribution - VICORQUIMIA - Distribuci\u00f3n de Ingredientes y Complementos Alimenticios en Espa\u00f1a | Trayectoria desde 1972","og_description":"At Vicorquimia we guarantee a flexible, fast and safe logistics service, with 24-hour delivery, high security facilities and total traceability control.","og_url":"https:\/\/www.vicorquimia.com\/en\/logistics-and-distribution\/","og_site_name":"VICORQUIMIA - Distribuci\u00f3n de Ingredientes y Complementos Alimenticios en Espa\u00f1a | Trayectoria desde 1972","article_modified_time":"2025-08-05T13:08:43+00:00","twitter_card":"summary_large_image","twitter_misc":{"Est. reading time":"2 minutes"},"schema":{"@context":"https:\/\/schema.org","@graph":[{"@type":"WebPage","@id":"https:\/\/www.vicorquimia.com\/en\/logistics-and-distribution\/","url":"https:\/\/www.vicorquimia.com\/en\/logistics-and-distribution\/","name":"Logistics and Distribution - VICORQUIMIA - Distribuci\u00f3n de Ingredientes y Complementos Alimenticios en Espa\u00f1a | Trayectoria desde 1972","isPartOf":{"@id":"https:\/\/www.vicorquimia.com\/en\/#website"},"datePublished":"2023-04-27T14:23:54+00:00","dateModified":"2025-08-05T13:08:43+00:00","description":"At Vicorquimia we guarantee a flexible, fast and safe logistics service, with 24-hour delivery, high security facilities and total traceability control.","breadcrumb":{"@id":"https:\/\/www.vicorquimia.com\/en\/logistics-and-distribution\/#breadcrumb"},"inLanguage":"en-US","potentialAction":[{"@type":"ReadAction","target":["https:\/\/www.vicorquimia.com\/en\/logistics-and-distribution\/"]}]},{"@type":"BreadcrumbList","@id":"https:\/\/www.vicorquimia.com\/en\/logistics-and-distribution\/#breadcrumb","itemListElement":[{"@type":"ListItem","position":1,"name":"Portada","item":"https:\/\/www.vicorquimia.com\/en\/"},{"@type":"ListItem","position":2,"name":"Logistics and Distribution"}]},{"@type":"WebSite","@id":"https:\/\/www.vicorquimia.com\/en\/#website","url":"https:\/\/www.vicorquimia.com\/en\/","name":"VICORQUIMIA","description":"VICORQUIMIA es una de las principales compa\u00f1\u00edas de distribuci\u00f3n de ingredientes y complementos alimenticios en Espa\u00f1a con m\u00e1s de 40 a\u00f1os de trayectoria. Proveemos a las principales compa\u00f1\u00edas de alimentaci\u00f3n en todo el pa\u00eds, desde c\u00e1rnicas y queseras hasta pasteleras y especializadas en alimentaci\u00f3n ecol\u00f3gica, diet\u00e9tica y nutrici\u00f3n deportiva. Descubre nuestra experiencia y calidad en la distribuci\u00f3n de materias primas para la industria alimentaria.","publisher":{"@id":"https:\/\/www.vicorquimia.com\/en\/#organization"},"potentialAction":[{"@type":"SearchAction","target":{"@type":"EntryPoint","urlTemplate":"https:\/\/www.vicorquimia.com\/en\/?s={search_term_string}"},"query-input":{"@type":"PropertyValueSpecification","valueRequired":true,"valueName":"search_term_string"}}],"inLanguage":"en-US"},{"@type":"Organization","@id":"https:\/\/www.vicorquimia.com\/en\/#organization","name":"VICORQUIMIA","url":"https:\/\/www.vicorquimia.com\/en\/","logo":{"@type":"ImageObject","inLanguage":"en-US","@id":"https:\/\/www.vicorquimia.com\/en\/#\/schema\/logo\/image\/","url":"https:\/\/www.vicorquimia.com\/wp-content\/uploads\/2025\/07\/2021_VQ_logo50Anys_transparent_alta.png","contentUrl":"https:\/\/www.vicorquimia.com\/wp-content\/uploads\/2025\/07\/2021_VQ_logo50Anys_transparent_alta.png","width":1295,"height":554,"caption":"VICORQUIMIA"},"image":{"@id":"https:\/\/www.vicorquimia.com\/en\/#\/schema\/logo\/image\/"},"sameAs":["https:\/\/www.linkedin.com\/company\/vicorquimia\/"]}]}},"_links":{"self":[{"href":"https:\/\/www.vicorquimia.com\/en\/wp-json\/wp\/v2\/pages\/1883","targetHints":{"allow":["GET"]}}],"collection":[{"href":"https:\/\/www.vicorquimia.com\/en\/wp-json\/wp\/v2\/pages"}],"about":[{"href":"https:\/\/www.vicorquimia.com\/en\/wp-json\/wp\/v2\/types\/page"}],"author":[{"embeddable":true,"href":"https:\/\/www.vicorquimia.com\/en\/wp-json\/wp\/v2\/users\/1"}],"replies":[{"embeddable":true,"href":"https:\/\/www.vicorquimia.com\/en\/wp-json\/wp\/v2\/comments?post=1883"}],"version-history":[{"count":1,"href":"https:\/\/www.vicorquimia.com\/en\/wp-json\/wp\/v2\/pages\/1883\/revisions"}],"predecessor-version":[{"id":1884,"href":"https:\/\/www.vicorquimia.com\/en\/wp-json\/wp\/v2\/pages\/1883\/revisions\/1884"}],"wp:attachment":[{"href":"https:\/\/www.vicorquimia.com\/en\/wp-json\/wp\/v2\/media?parent=1883"}],"curies":[{"name":"wp","href":"https:\/\/api.w.org\/{rel}","templated":true}]}}