{"id":2128,"date":"2023-04-27T16:23:54","date_gmt":"2023-04-27T14:23:54","guid":{"rendered":"https:\/\/www.vicorquimia.com\/logistica-i-distribucio\/"},"modified":"2025-08-05T15:10:30","modified_gmt":"2025-08-05T13:10:30","slug":"logistica-i-distribucio","status":"publish","type":"page","link":"https:\/\/www.vicorquimia.com\/ca\/logistica-i-distribucio\/","title":{"rendered":"Log\u00edstica i Distribuci\u00f3"},"content":{"rendered":"\t\t<div data-elementor-type=\"wp-page\" data-elementor-id=\"2128\" class=\"elementor elementor-2128 elementor-258\" data-elementor-post-type=\"page\">\n\t\t\t\t<div class=\"elementor-element elementor-element-45af55a e-flex e-con-boxed e-con e-parent\" data-id=\"45af55a\" data-element_type=\"container\">\n\t\t\t\t\t<div class=\"e-con-inner\">\n\t\t<div class=\"elementor-element elementor-element-84b3a42 e-con-full e-flex e-con e-child\" data-id=\"84b3a42\" data-element_type=\"container\">\n\t\t\t\t<div class=\"elementor-element elementor-element-1e2094f elementor-widget elementor-widget-heading\" data-id=\"1e2094f\" data-element_type=\"widget\" data-widget_type=\"heading.default\">\n\t\t\t\t<div class=\"elementor-widget-container\">\n\t\t\t\t\t<h2 class=\"elementor-heading-title elementor-size-default\">Compromesos amb un servei flexible, r\u00e0pid i fiable<\/h2>\t\t\t\t<\/div>\n\t\t\t\t<\/div>\n\t\t\t\t<div class=\"elementor-element elementor-element-18fd428 elementor-widget elementor-widget-text-editor\" data-id=\"18fd428\" data-element_type=\"widget\" data-widget_type=\"text-editor.default\">\n\t\t\t\t<div class=\"elementor-widget-container\">\n\t\t\t\t\t\t\t\t\t<p>A <strong>Vicorqu\u00edmia<\/strong> , sabem que la puntualitat \u00e9s tan essencial com la qualitat dels productes que subministrem. Per aix\u00f2, ens assegurem que els nostres clients tinguin sempre els insums necessaris per mantenir la continu\u00eftat de la seva producci\u00f3. <\/p><p>Per aconseguir-ho, disposem d&#8217;una nau a\u00efllada de <strong>classe A<\/strong> , amb una parcel\u00b7la de <strong>12.000 m2<\/strong> i una superf\u00edcie operativa de <strong>5.561 m2<\/strong> , equipada amb totes les mesures de seguretat i control necess\u00e0ries per complir les normatives m\u00e9s estrictes d&#8217;higiene i seguretat.<\/p>\t\t\t\t\t\t\t\t<\/div>\n\t\t\t\t<\/div>\n\t\t\t\t<\/div>\n\t\t\t\t\t<\/div>\n\t\t\t\t<\/div>\n\t\t<div class=\"elementor-element elementor-element-ebd4938 e-flex e-con-boxed e-con e-parent\" data-id=\"ebd4938\" data-element_type=\"container\">\n\t\t\t\t\t<div class=\"e-con-inner\">\n\t\t<div class=\"elementor-element elementor-element-45f1835 e-con-full e-flex e-con e-child\" data-id=\"45f1835\" data-element_type=\"container\">\n\t\t\t\t<div class=\"elementor-element elementor-element-3fd400a elementor-widget elementor-widget-gallery\" data-id=\"3fd400a\" data-element_type=\"widget\" data-settings=\"{&quot;columns&quot;:2,&quot;gap&quot;:{&quot;unit&quot;:&quot;px&quot;,&quot;size&quot;:8,&quot;sizes&quot;:[]},&quot;lazyload&quot;:&quot;yes&quot;,&quot;gallery_layout&quot;:&quot;grid&quot;,&quot;columns_tablet&quot;:2,&quot;columns_mobile&quot;:1,&quot;gap_tablet&quot;:{&quot;unit&quot;:&quot;px&quot;,&quot;size&quot;:10,&quot;sizes&quot;:[]},&quot;gap_mobile&quot;:{&quot;unit&quot;:&quot;px&quot;,&quot;size&quot;:10,&quot;sizes&quot;:[]},&quot;link_to&quot;:&quot;file&quot;,&quot;aspect_ratio&quot;:&quot;3:2&quot;,&quot;overlay_background&quot;:&quot;yes&quot;,&quot;content_hover_animation&quot;:&quot;fade-in&quot;}\" data-widget_type=\"gallery.default\">\n\t\t\t\t<div class=\"elementor-widget-container\">\n\t\t\t\t\t\t\t<div class=\"elementor-gallery__container\">\n\t\t\t\t\t\t\t<a class=\"e-gallery-item elementor-gallery-item elementor-animated-content\" href=\"https:\/\/www.vicorquimia.com\/wp-content\/uploads\/2025\/07\/VQ-almacen-fv-frontal.png\" data-elementor-open-lightbox=\"yes\" data-elementor-lightbox-slideshow=\"3fd400a\" data-elementor-lightbox-title=\"VQ-almacen-fv-frontal\" data-e-action-hash=\"#elementor-action%3Aaction%3Dlightbox%26settings%3DeyJpZCI6MTExNiwidXJsIjoiaHR0cHM6XC9cL3d3dy52aWNvcnF1aW1pYS5jb21cL3dwLWNvbnRlbnRcL3VwbG9hZHNcLzIwMjVcLzA3XC9WUS1hbG1hY2VuLWZ2LWZyb250YWwucG5nIiwic2xpZGVzaG93IjoiM2ZkNDAwYSJ9\">\n\t\t\t\t\t<div class=\"e-gallery-image elementor-gallery-item__image\" data-thumbnail=\"https:\/\/www.vicorquimia.com\/wp-content\/uploads\/2025\/07\/VQ-almacen-fv-frontal-300x275.png\" data-width=\"300\" data-height=\"275\" aria-label=\"\" role=\"img\" ><\/div>\n\t\t\t\t\t\t\t\t\t\t\t<div class=\"elementor-gallery-item__overlay\"><\/div>\n\t\t\t\t\t\t\t\t\t\t\t\t\t\t<\/a>\n\t\t\t\t\t\t\t<a class=\"e-gallery-item elementor-gallery-item elementor-animated-content\" href=\"https:\/\/www.vicorquimia.com\/wp-content\/uploads\/2025\/07\/2023-09-23_Vicorquimia_158-scaled.jpg\" data-elementor-open-lightbox=\"yes\" data-elementor-lightbox-slideshow=\"3fd400a\" data-elementor-lightbox-title=\"2023-09-23_Vicorquimia_158\" data-e-action-hash=\"#elementor-action%3Aaction%3Dlightbox%26settings%3DeyJpZCI6Njc1LCJ1cmwiOiJodHRwczpcL1wvd3d3LnZpY29ycXVpbWlhLmNvbVwvd3AtY29udGVudFwvdXBsb2Fkc1wvMjAyNVwvMDdcLzIwMjMtMDktMjNfVmljb3JxdWltaWFfMTU4LXNjYWxlZC5qcGciLCJzbGlkZXNob3ciOiIzZmQ0MDBhIn0%3D\">\n\t\t\t\t\t<div class=\"e-gallery-image elementor-gallery-item__image\" data-thumbnail=\"https:\/\/www.vicorquimia.com\/wp-content\/uploads\/2025\/07\/2023-09-23_Vicorquimia_158-300x200.jpg\" data-width=\"300\" data-height=\"200\" aria-label=\"\" role=\"img\" ><\/div>\n\t\t\t\t\t\t\t\t\t\t\t<div class=\"elementor-gallery-item__overlay\"><\/div>\n\t\t\t\t\t\t\t\t\t\t\t\t\t\t<\/a>\n\t\t\t\t\t\t\t<a class=\"e-gallery-item elementor-gallery-item elementor-animated-content\" href=\"https:\/\/www.vicorquimia.com\/wp-content\/uploads\/2023\/04\/logistica-final-17.jpg\" data-elementor-open-lightbox=\"yes\" data-elementor-lightbox-slideshow=\"3fd400a\" data-elementor-lightbox-title=\"logistica-final-17\" data-e-action-hash=\"#elementor-action%3Aaction%3Dlightbox%26settings%3DeyJpZCI6MjI0LCJ1cmwiOiJodHRwczpcL1wvd3d3LnZpY29ycXVpbWlhLmNvbVwvd3AtY29udGVudFwvdXBsb2Fkc1wvMjAyM1wvMDRcL2xvZ2lzdGljYS1maW5hbC0xNy5qcGciLCJzbGlkZXNob3ciOiIzZmQ0MDBhIn0%3D\">\n\t\t\t\t\t<div class=\"e-gallery-image elementor-gallery-item__image\" data-thumbnail=\"https:\/\/www.vicorquimia.com\/wp-content\/uploads\/2023\/04\/logistica-final-17-300x200.jpg\" data-width=\"300\" data-height=\"200\" aria-label=\"\" role=\"img\" ><\/div>\n\t\t\t\t\t\t\t\t\t\t\t<div class=\"elementor-gallery-item__overlay\"><\/div>\n\t\t\t\t\t\t\t\t\t\t\t\t\t\t<\/a>\n\t\t\t\t\t\t\t<a class=\"e-gallery-item elementor-gallery-item elementor-animated-content\" href=\"https:\/\/www.vicorquimia.com\/wp-content\/uploads\/2023\/04\/logistica-final-1.jpg\" data-elementor-open-lightbox=\"yes\" data-elementor-lightbox-slideshow=\"3fd400a\" data-elementor-lightbox-title=\"logistica-final-1\" data-e-action-hash=\"#elementor-action%3Aaction%3Dlightbox%26settings%3DeyJpZCI6MjMwLCJ1cmwiOiJodHRwczpcL1wvd3d3LnZpY29ycXVpbWlhLmNvbVwvd3AtY29udGVudFwvdXBsb2Fkc1wvMjAyM1wvMDRcL2xvZ2lzdGljYS1maW5hbC0xLmpwZyIsInNsaWRlc2hvdyI6IjNmZDQwMGEifQ%3D%3D\">\n\t\t\t\t\t<div class=\"e-gallery-image elementor-gallery-item__image\" data-thumbnail=\"https:\/\/www.vicorquimia.com\/wp-content\/uploads\/2023\/04\/logistica-final-1-300x169.jpg\" data-width=\"300\" data-height=\"169\" aria-label=\"\" role=\"img\" ><\/div>\n\t\t\t\t\t\t\t\t\t\t\t<div class=\"elementor-gallery-item__overlay\"><\/div>\n\t\t\t\t\t\t\t\t\t\t\t\t\t\t<\/a>\n\t\t\t\t\t\t\t<a class=\"e-gallery-item elementor-gallery-item elementor-animated-content\" href=\"https:\/\/www.vicorquimia.com\/wp-content\/uploads\/2025\/07\/2023-09-23_Vicorquimia_173-scaled.jpg\" data-elementor-open-lightbox=\"yes\" data-elementor-lightbox-slideshow=\"3fd400a\" data-elementor-lightbox-title=\"2023-09-23_Vicorquimia_173\" data-e-action-hash=\"#elementor-action%3Aaction%3Dlightbox%26settings%3DeyJpZCI6Njc2LCJ1cmwiOiJodHRwczpcL1wvd3d3LnZpY29ycXVpbWlhLmNvbVwvd3AtY29udGVudFwvdXBsb2Fkc1wvMjAyNVwvMDdcLzIwMjMtMDktMjNfVmljb3JxdWltaWFfMTczLXNjYWxlZC5qcGciLCJzbGlkZXNob3ciOiIzZmQ0MDBhIn0%3D\">\n\t\t\t\t\t<div class=\"e-gallery-image elementor-gallery-item__image\" data-thumbnail=\"https:\/\/www.vicorquimia.com\/wp-content\/uploads\/2025\/07\/2023-09-23_Vicorquimia_173-300x200.jpg\" data-width=\"300\" data-height=\"200\" aria-label=\"\" role=\"img\" ><\/div>\n\t\t\t\t\t\t\t\t\t\t\t<div class=\"elementor-gallery-item__overlay\"><\/div>\n\t\t\t\t\t\t\t\t\t\t\t\t\t\t<\/a>\n\t\t\t\t\t\t\t<a class=\"e-gallery-item elementor-gallery-item elementor-animated-content\" href=\"https:\/\/www.vicorquimia.com\/wp-content\/uploads\/2023\/04\/logistica-final-14.jpg\" data-elementor-open-lightbox=\"yes\" data-elementor-lightbox-slideshow=\"3fd400a\" data-elementor-lightbox-title=\"logistica-final-14\" data-e-action-hash=\"#elementor-action%3Aaction%3Dlightbox%26settings%3DeyJpZCI6MjIwLCJ1cmwiOiJodHRwczpcL1wvd3d3LnZpY29ycXVpbWlhLmNvbVwvd3AtY29udGVudFwvdXBsb2Fkc1wvMjAyM1wvMDRcL2xvZ2lzdGljYS1maW5hbC0xNC5qcGciLCJzbGlkZXNob3ciOiIzZmQ0MDBhIn0%3D\">\n\t\t\t\t\t<div class=\"e-gallery-image elementor-gallery-item__image\" data-thumbnail=\"https:\/\/www.vicorquimia.com\/wp-content\/uploads\/2023\/04\/logistica-final-14-300x200.jpg\" data-width=\"300\" data-height=\"200\" aria-label=\"\" role=\"img\" ><\/div>\n\t\t\t\t\t\t\t\t\t\t\t<div class=\"elementor-gallery-item__overlay\"><\/div>\n\t\t\t\t\t\t\t\t\t\t\t\t\t\t<\/a>\n\t\t\t\t\t<\/div>\n\t\t\t\t\t<\/div>\n\t\t\t\t<\/div>\n\t\t\t\t<\/div>\n\t\t<div class=\"elementor-element elementor-element-d74198f e-con-full e-flex e-con e-child\" data-id=\"d74198f\" data-element_type=\"container\">\n\t\t<div class=\"elementor-element elementor-element-86de17d e-con-full e-flex e-con e-child\" data-id=\"86de17d\" data-element_type=\"container\">\n\t\t\t\t<div class=\"elementor-element elementor-element-dc82c0d elementor-widget__width-initial elementor-widget elementor-widget-text-editor\" data-id=\"dc82c0d\" data-element_type=\"widget\" data-widget_type=\"text-editor.default\">\n\t\t\t\t<div class=\"elementor-widget-container\">\n\t\t\t\t\t\t\t\t\t<p>Les nostres instal\u00b7lacions compten amb:<\/p>\n<ul>\n<li>\n<p>M\u00e9s de <strong>5.000 m2<\/strong> de superf\u00edcie d&#8217;emmagatzematge.<\/p>\n<\/li>\n<li>\n<p><strong>6 molls<\/strong> de c\u00e0rrega i desc\u00e0rrega.<\/p>\n<\/li>\n<li>\n<p><strong>Sala Blanca<\/strong> per al maneig de productes sensibles.<\/p>\n<\/li>\n<li>\n<p>Prestatgeries d&#8217;alta seguretat amb capacitat per a m\u00e9s de <strong>5.000 palets<\/strong> .<\/p>\n<\/li>\n<li>\n<p><strong>SGA (Sistema de Gesti\u00f3 de Magatzem)<\/strong> controlat per radiofreq\u00fc\u00e8ncia.<\/p>\n<\/li>\n<li>\n<p>Temperatura interior monitoritzada cont\u00ednuament.<\/p>\n<\/li>\n<li>\n<p>Compliment rigor\u00f3s de les normatives vigents de seguretat i higiene.<\/p>\n<\/li>\n<li>\n<p>Altes mesures de seguretat antiincendis, amb sistemes avan\u00e7ats de protecci\u00f3.<\/p>\n<\/li>\n<li>\n<p>Control d&#8217;accessos amb <strong>videovigil\u00e0ncia<\/strong> i <strong>videoan\u00e0lisi<\/strong> , garantint la m\u00e0xima seguretat de les instal\u00b7lacions.<\/p>\n<\/li>\n<\/ul>\t\t\t\t\t\t\t\t<\/div>\n\t\t\t\t<\/div>\n\t\t\t\t<\/div>\n\t\t\t\t<\/div>\n\t\t<div class=\"elementor-element elementor-element-0597f52 e-con-full e-flex e-con e-child\" data-id=\"0597f52\" data-element_type=\"container\">\n\t\t<div class=\"elementor-element elementor-element-78fb924 e-con-full e-flex e-con e-child\" data-id=\"78fb924\" data-element_type=\"container\">\n\t\t\t\t<div class=\"elementor-element elementor-element-f2bb6aa elementor-widget elementor-widget-text-editor\" data-id=\"f2bb6aa\" data-element_type=\"widget\" data-widget_type=\"text-editor.default\">\n\t\t\t\t<div class=\"elementor-widget-container\">\n\t\t\t\t\t\t\t\t\t<p>El nostre estricte enfocament en la <strong>seguretat<\/strong> i <strong>tra\u00e7abilitat<\/strong> garanteix que cada producte pugui ser monitoritzat des del seu origen fins a la destinaci\u00f3 final, assegurant total transpar\u00e8ncia en cada etapa del proc\u00e9s log\u00edstic.<\/p><p>A m\u00e9s dels nostres recursos propis, el nostre magatzem i el nostre equip expert en log\u00edstica, comptem amb acords estrat\u00e8gics amb les <strong>millors empreses de transport, navilieres i log\u00edstiques<\/strong> . Aix\u00f2 ens permet oferir la millor log\u00edstica possible, assegurant el lliurament eficient i puntual dels productes als nostres clients a qualsevol punt del territori. <\/p><p>Oferim un servei d&#8217;alta efici\u00e8ncia, amb un temps de preparaci\u00f3 de comandes inferior a <strong>5 hores<\/strong> des de la recepci\u00f3 fins a la c\u00e0rrega al cami\u00f3 de transport. Gr\u00e0cies a aquesta infraestructura i als nostres socis log\u00edstics, podem enviar productes a qualsevol punt del territori espanyol en un termini de <strong>24 hores<\/strong> . <\/p><p>Aquest enfocament ens permet garantir un servei log\u00edstic fiable, \u00e0gil i adaptat a les necessitats de cada client, amb la tranquil\u00b7litat que tots els processos es duen a terme sota els est\u00e0ndards de seguretat i control m\u00e9s alts.<\/p>\t\t\t\t\t\t\t\t<\/div>\n\t\t\t\t<\/div>\n\t\t\t\t<\/div>\n\t\t\t\t<\/div>\n\t\t\t\t\t<\/div>\n\t\t\t\t<\/div>\n\t\t\t\t<\/div>\n\t\t","protected":false},"excerpt":{"rendered":"<p>Compromesos amb un servei flexible, r\u00e0pid i fiable A Vicorqu\u00edmia , sabem que la puntualitat \u00e9s tan essencial com la qualitat dels productes que subministrem. Per aix\u00f2, ens assegurem que els nostres clients tinguin sempre els insums necessaris per mantenir la continu\u00eftat de la seva producci\u00f3. Per aconseguir-ho, disposem d&#8217;una nau a\u00efllada de classe A [&hellip;]<\/p>\n","protected":false},"author":1,"featured_media":0,"parent":0,"menu_order":0,"comment_status":"closed","ping_status":"closed","template":"","meta":{"footnotes":""},"class_list":["post-2128","page","type-page","status-publish","hentry"],"yoast_head":"<!-- This site is optimized with the Yoast SEO plugin v25.9 - https:\/\/yoast.com\/wordpress\/plugins\/seo\/ -->\n<title>Log\u00edstica i Distribuci\u00f3 - VICORQUIMIA - Distribuci\u00f3n de Ingredientes y Complementos Alimenticios en Espa\u00f1a | Trayectoria desde 1972<\/title>\n<meta name=\"description\" content=\"A Vicorquimia garantim un servei log\u00edstic flexible, r\u00e0pid i segur, amb lliuraments a 24 h, instal\u00b7lacions d&#039;alta seguretat i control total de tra\u00e7abilitat.\" \/>\n<meta name=\"robots\" content=\"index, follow, max-snippet:-1, max-image-preview:large, max-video-preview:-1\" \/>\n<link rel=\"canonical\" href=\"https:\/\/www.vicorquimia.com\/ca\/logistica-i-distribucio\/\" \/>\n<meta property=\"og:locale\" content=\"ca_ES\" \/>\n<meta property=\"og:type\" content=\"article\" \/>\n<meta property=\"og:title\" content=\"Log\u00edstica i Distribuci\u00f3 - VICORQUIMIA - Distribuci\u00f3n de Ingredientes y Complementos Alimenticios en Espa\u00f1a | Trayectoria desde 1972\" \/>\n<meta property=\"og:description\" content=\"A Vicorquimia garantim un servei log\u00edstic flexible, r\u00e0pid i segur, amb lliuraments a 24 h, instal\u00b7lacions d&#039;alta seguretat i control total de tra\u00e7abilitat.\" \/>\n<meta property=\"og:url\" content=\"https:\/\/www.vicorquimia.com\/ca\/logistica-i-distribucio\/\" \/>\n<meta property=\"og:site_name\" content=\"VICORQUIMIA - Distribuci\u00f3n de Ingredientes y Complementos Alimenticios en Espa\u00f1a | Trayectoria desde 1972\" \/>\n<meta property=\"article:modified_time\" content=\"2025-08-05T13:10:30+00:00\" \/>\n<meta name=\"twitter:card\" content=\"summary_large_image\" \/>\n<meta name=\"twitter:label1\" content=\"Temps estimat de lectura\" \/>\n\t<meta name=\"twitter:data1\" content=\"2 minuts\" \/>\n<script type=\"application\/ld+json\" class=\"yoast-schema-graph\">{\"@context\":\"https:\/\/schema.org\",\"@graph\":[{\"@type\":\"WebPage\",\"@id\":\"https:\/\/www.vicorquimia.com\/ca\/logistica-i-distribucio\/\",\"url\":\"https:\/\/www.vicorquimia.com\/ca\/logistica-i-distribucio\/\",\"name\":\"Log\u00edstica i Distribuci\u00f3 - VICORQUIMIA - Distribuci\u00f3n de Ingredientes y Complementos Alimenticios en Espa\u00f1a | Trayectoria desde 1972\",\"isPartOf\":{\"@id\":\"https:\/\/www.vicorquimia.com\/ca\/#website\"},\"datePublished\":\"2023-04-27T14:23:54+00:00\",\"dateModified\":\"2025-08-05T13:10:30+00:00\",\"description\":\"A Vicorquimia garantim un servei log\u00edstic flexible, r\u00e0pid i segur, amb lliuraments a 24 h, instal\u00b7lacions d'alta seguretat i control total de tra\u00e7abilitat.\",\"breadcrumb\":{\"@id\":\"https:\/\/www.vicorquimia.com\/ca\/logistica-i-distribucio\/#breadcrumb\"},\"inLanguage\":\"ca\",\"potentialAction\":[{\"@type\":\"ReadAction\",\"target\":[\"https:\/\/www.vicorquimia.com\/ca\/logistica-i-distribucio\/\"]}]},{\"@type\":\"BreadcrumbList\",\"@id\":\"https:\/\/www.vicorquimia.com\/ca\/logistica-i-distribucio\/#breadcrumb\",\"itemListElement\":[{\"@type\":\"ListItem\",\"position\":1,\"name\":\"Portada\",\"item\":\"https:\/\/www.vicorquimia.com\/ca\/\"},{\"@type\":\"ListItem\",\"position\":2,\"name\":\"Log\u00edstica i Distribuci\u00f3\"}]},{\"@type\":\"WebSite\",\"@id\":\"https:\/\/www.vicorquimia.com\/ca\/#website\",\"url\":\"https:\/\/www.vicorquimia.com\/ca\/\",\"name\":\"VICORQUIMIA\",\"description\":\"VICORQUIMIA es una de las principales compa\u00f1\u00edas de distribuci\u00f3n de ingredientes y complementos alimenticios en Espa\u00f1a con m\u00e1s de 40 a\u00f1os de trayectoria. Proveemos a las principales compa\u00f1\u00edas de alimentaci\u00f3n en todo el pa\u00eds, desde c\u00e1rnicas y queseras hasta pasteleras y especializadas en alimentaci\u00f3n ecol\u00f3gica, diet\u00e9tica y nutrici\u00f3n deportiva. Descubre nuestra experiencia y calidad en la distribuci\u00f3n de materias primas para la industria alimentaria.\",\"publisher\":{\"@id\":\"https:\/\/www.vicorquimia.com\/ca\/#organization\"},\"potentialAction\":[{\"@type\":\"SearchAction\",\"target\":{\"@type\":\"EntryPoint\",\"urlTemplate\":\"https:\/\/www.vicorquimia.com\/ca\/?s={search_term_string}\"},\"query-input\":{\"@type\":\"PropertyValueSpecification\",\"valueRequired\":true,\"valueName\":\"search_term_string\"}}],\"inLanguage\":\"ca\"},{\"@type\":\"Organization\",\"@id\":\"https:\/\/www.vicorquimia.com\/ca\/#organization\",\"name\":\"VICORQUIMIA\",\"url\":\"https:\/\/www.vicorquimia.com\/ca\/\",\"logo\":{\"@type\":\"ImageObject\",\"inLanguage\":\"ca\",\"@id\":\"https:\/\/www.vicorquimia.com\/ca\/#\/schema\/logo\/image\/\",\"url\":\"https:\/\/www.vicorquimia.com\/wp-content\/uploads\/2025\/07\/2021_VQ_logo50Anys_transparent_alta.png\",\"contentUrl\":\"https:\/\/www.vicorquimia.com\/wp-content\/uploads\/2025\/07\/2021_VQ_logo50Anys_transparent_alta.png\",\"width\":1295,\"height\":554,\"caption\":\"VICORQUIMIA\"},\"image\":{\"@id\":\"https:\/\/www.vicorquimia.com\/ca\/#\/schema\/logo\/image\/\"},\"sameAs\":[\"https:\/\/www.linkedin.com\/company\/vicorquimia\/\"]}]}<\/script>\n<!-- \/ Yoast SEO plugin. -->","yoast_head_json":{"title":"Log\u00edstica i Distribuci\u00f3 - VICORQUIMIA - Distribuci\u00f3n de Ingredientes y Complementos Alimenticios en Espa\u00f1a | Trayectoria desde 1972","description":"A Vicorquimia garantim un servei log\u00edstic flexible, r\u00e0pid i segur, amb lliuraments a 24 h, instal\u00b7lacions d'alta seguretat i control total de tra\u00e7abilitat.","robots":{"index":"index","follow":"follow","max-snippet":"max-snippet:-1","max-image-preview":"max-image-preview:large","max-video-preview":"max-video-preview:-1"},"canonical":"https:\/\/www.vicorquimia.com\/ca\/logistica-i-distribucio\/","og_locale":"ca_ES","og_type":"article","og_title":"Log\u00edstica i Distribuci\u00f3 - VICORQUIMIA - Distribuci\u00f3n de Ingredientes y Complementos Alimenticios en Espa\u00f1a | Trayectoria desde 1972","og_description":"A Vicorquimia garantim un servei log\u00edstic flexible, r\u00e0pid i segur, amb lliuraments a 24 h, instal\u00b7lacions d'alta seguretat i control total de tra\u00e7abilitat.","og_url":"https:\/\/www.vicorquimia.com\/ca\/logistica-i-distribucio\/","og_site_name":"VICORQUIMIA - Distribuci\u00f3n de Ingredientes y Complementos Alimenticios en Espa\u00f1a | Trayectoria desde 1972","article_modified_time":"2025-08-05T13:10:30+00:00","twitter_card":"summary_large_image","twitter_misc":{"Temps estimat de lectura":"2 minuts"},"schema":{"@context":"https:\/\/schema.org","@graph":[{"@type":"WebPage","@id":"https:\/\/www.vicorquimia.com\/ca\/logistica-i-distribucio\/","url":"https:\/\/www.vicorquimia.com\/ca\/logistica-i-distribucio\/","name":"Log\u00edstica i Distribuci\u00f3 - VICORQUIMIA - Distribuci\u00f3n de Ingredientes y Complementos Alimenticios en Espa\u00f1a | Trayectoria desde 1972","isPartOf":{"@id":"https:\/\/www.vicorquimia.com\/ca\/#website"},"datePublished":"2023-04-27T14:23:54+00:00","dateModified":"2025-08-05T13:10:30+00:00","description":"A Vicorquimia garantim un servei log\u00edstic flexible, r\u00e0pid i segur, amb lliuraments a 24 h, instal\u00b7lacions d'alta seguretat i control total de tra\u00e7abilitat.","breadcrumb":{"@id":"https:\/\/www.vicorquimia.com\/ca\/logistica-i-distribucio\/#breadcrumb"},"inLanguage":"ca","potentialAction":[{"@type":"ReadAction","target":["https:\/\/www.vicorquimia.com\/ca\/logistica-i-distribucio\/"]}]},{"@type":"BreadcrumbList","@id":"https:\/\/www.vicorquimia.com\/ca\/logistica-i-distribucio\/#breadcrumb","itemListElement":[{"@type":"ListItem","position":1,"name":"Portada","item":"https:\/\/www.vicorquimia.com\/ca\/"},{"@type":"ListItem","position":2,"name":"Log\u00edstica i Distribuci\u00f3"}]},{"@type":"WebSite","@id":"https:\/\/www.vicorquimia.com\/ca\/#website","url":"https:\/\/www.vicorquimia.com\/ca\/","name":"VICORQUIMIA","description":"VICORQUIMIA es una de las principales compa\u00f1\u00edas de distribuci\u00f3n de ingredientes y complementos alimenticios en Espa\u00f1a con m\u00e1s de 40 a\u00f1os de trayectoria. Proveemos a las principales compa\u00f1\u00edas de alimentaci\u00f3n en todo el pa\u00eds, desde c\u00e1rnicas y queseras hasta pasteleras y especializadas en alimentaci\u00f3n ecol\u00f3gica, diet\u00e9tica y nutrici\u00f3n deportiva. Descubre nuestra experiencia y calidad en la distribuci\u00f3n de materias primas para la industria alimentaria.","publisher":{"@id":"https:\/\/www.vicorquimia.com\/ca\/#organization"},"potentialAction":[{"@type":"SearchAction","target":{"@type":"EntryPoint","urlTemplate":"https:\/\/www.vicorquimia.com\/ca\/?s={search_term_string}"},"query-input":{"@type":"PropertyValueSpecification","valueRequired":true,"valueName":"search_term_string"}}],"inLanguage":"ca"},{"@type":"Organization","@id":"https:\/\/www.vicorquimia.com\/ca\/#organization","name":"VICORQUIMIA","url":"https:\/\/www.vicorquimia.com\/ca\/","logo":{"@type":"ImageObject","inLanguage":"ca","@id":"https:\/\/www.vicorquimia.com\/ca\/#\/schema\/logo\/image\/","url":"https:\/\/www.vicorquimia.com\/wp-content\/uploads\/2025\/07\/2021_VQ_logo50Anys_transparent_alta.png","contentUrl":"https:\/\/www.vicorquimia.com\/wp-content\/uploads\/2025\/07\/2021_VQ_logo50Anys_transparent_alta.png","width":1295,"height":554,"caption":"VICORQUIMIA"},"image":{"@id":"https:\/\/www.vicorquimia.com\/ca\/#\/schema\/logo\/image\/"},"sameAs":["https:\/\/www.linkedin.com\/company\/vicorquimia\/"]}]}},"_links":{"self":[{"href":"https:\/\/www.vicorquimia.com\/ca\/wp-json\/wp\/v2\/pages\/2128","targetHints":{"allow":["GET"]}}],"collection":[{"href":"https:\/\/www.vicorquimia.com\/ca\/wp-json\/wp\/v2\/pages"}],"about":[{"href":"https:\/\/www.vicorquimia.com\/ca\/wp-json\/wp\/v2\/types\/page"}],"author":[{"embeddable":true,"href":"https:\/\/www.vicorquimia.com\/ca\/wp-json\/wp\/v2\/users\/1"}],"replies":[{"embeddable":true,"href":"https:\/\/www.vicorquimia.com\/ca\/wp-json\/wp\/v2\/comments?post=2128"}],"version-history":[{"count":1,"href":"https:\/\/www.vicorquimia.com\/ca\/wp-json\/wp\/v2\/pages\/2128\/revisions"}],"predecessor-version":[{"id":2129,"href":"https:\/\/www.vicorquimia.com\/ca\/wp-json\/wp\/v2\/pages\/2128\/revisions\/2129"}],"wp:attachment":[{"href":"https:\/\/www.vicorquimia.com\/ca\/wp-json\/wp\/v2\/media?parent=2128"}],"curies":[{"name":"wp","href":"https:\/\/api.w.org\/{rel}","templated":true}]}}