{"id":2041,"date":"2023-04-27T17:38:54","date_gmt":"2023-04-27T15:38:54","guid":{"rendered":"https:\/\/www.vicorquimia.com\/solucions-personalitzades\/"},"modified":"2025-08-05T15:10:13","modified_gmt":"2025-08-05T13:10:13","slug":"solucions-personalitzades","status":"publish","type":"page","link":"https:\/\/www.vicorquimia.com\/ca\/solucions-personalitzades\/","title":{"rendered":"Solucions Personalitzades"},"content":{"rendered":"\t\t<div data-elementor-type=\"wp-page\" data-elementor-id=\"2041\" class=\"elementor elementor-2041 elementor-315\" data-elementor-post-type=\"page\">\n\t\t\t\t<div class=\"elementor-element elementor-element-d9c6232 e-flex e-con-boxed e-con e-parent\" data-id=\"d9c6232\" data-element_type=\"container\">\n\t\t\t\t\t<div class=\"e-con-inner\">\n\t\t\t\t<div class=\"elementor-element elementor-element-788262b elementor-widget elementor-widget-heading\" data-id=\"788262b\" data-element_type=\"widget\" data-widget_type=\"heading.default\">\n\t\t\t\t<div class=\"elementor-widget-container\">\n\t\t\t\t\t<h2 class=\"elementor-heading-title elementor-size-default\">Solucions personalitzades i noves tend\u00e8ncies<\/h2>\t\t\t\t<\/div>\n\t\t\t\t<\/div>\n\t\t\t\t<div class=\"elementor-element elementor-element-e5b4627 elementor-widget elementor-widget-text-editor\" data-id=\"e5b4627\" data-element_type=\"widget\" data-widget_type=\"text-editor.default\">\n\t\t\t\t<div class=\"elementor-widget-container\">\n\t\t\t\t\t\t\t\t\t<p>Responem totes les seves demandes.<br>Estan interessats en una aplicaci\u00f3 espec\u00edfica?  <\/p>\t\t\t\t\t\t\t\t<\/div>\n\t\t\t\t<\/div>\n\t\t\t\t\t<\/div>\n\t\t\t\t<\/div>\n\t\t<div class=\"elementor-element elementor-element-9d6cb7c e-flex e-con-boxed e-con e-parent\" data-id=\"9d6cb7c\" data-element_type=\"container\">\n\t\t\t\t\t<div class=\"e-con-inner\">\n\t\t<div class=\"elementor-element elementor-element-41ee0c7 e-con-full e-flex e-con e-child\" data-id=\"41ee0c7\" data-element_type=\"container\">\n\t\t\t\t<div class=\"elementor-element elementor-element-3fc7115 elementor-widget elementor-widget-text-editor\" data-id=\"3fc7115\" data-element_type=\"widget\" data-widget_type=\"text-editor.default\">\n\t\t\t\t<div class=\"elementor-widget-container\">\n\t\t\t\t\t\t\t\t\t<p>Al nostre cat\u00e0leg trobareu solucions per:<\/p><ul><li>Postres lactis, Formatges i Gelats<\/li><li>Ind\u00fastria c\u00e0rnia i Plats preparats<\/li><li>Aromes<\/li><li>Fleca, Pastisseria i Galetes<\/li><li>Dol\u00e7os i Xocolates<\/li><li>Alimentaci\u00f3 Infantil, Diet\u00e8tica i Nutrici\u00f3 Esportiva<\/li><li>Snacks i Preparats deshidratats<\/li><\/ul>\t\t\t\t\t\t\t\t<\/div>\n\t\t\t\t<\/div>\n\t\t\t\t<div class=\"elementor-element elementor-element-39a4a06 elementor-widget elementor-widget-text-editor\" data-id=\"39a4a06\" data-element_type=\"widget\" data-widget_type=\"text-editor.default\">\n\t\t\t\t<div class=\"elementor-widget-container\">\n\t\t\t\t\t\t\t\t\t<p>Estem atents a les noves tend\u00e8ncies a la producci\u00f3 mundial d&#8217;aliments. Per garantir una alimentaci\u00f3 sostenible, equilibrada i apta per a tothom. <\/p><p>El nostre equip desenvolupa tasques de recerca de mercat per atendre les necessitats m\u00e9s espec\u00edfiques.<\/p><ul><li>Productes sense sucre<\/li><li>Productes Ecol\u00f2gics: lactis, Formatges, Carnis i f\u00e8cules<\/li><li>Productes aptes per a l&#8217;alimentaci\u00f3 vegana: midons de patata<\/li><li>Preparats Infantils: lactosa, case\u00efnat i flocs de patata<\/li><li>Nutrici\u00f3 Esportiva i Diet\u00e8tica: prote\u00efnes, carns i ou<\/li><\/ul>\t\t\t\t\t\t\t\t<\/div>\n\t\t\t\t<\/div>\n\t\t\t\t<\/div>\n\t\t<div class=\"elementor-element elementor-element-048151b e-con-full e-flex e-con e-child\" data-id=\"048151b\" data-element_type=\"container\">\n\t\t\t\t<div class=\"elementor-element elementor-element-ca46d5d elementor-arrows-position-inside elementor-widget elementor-widget-image-carousel\" data-id=\"ca46d5d\" data-element_type=\"widget\" data-settings=\"{&quot;slides_to_show&quot;:&quot;1&quot;,&quot;navigation&quot;:&quot;arrows&quot;,&quot;autoplay_speed&quot;:3000,&quot;effect&quot;:&quot;fade&quot;,&quot;autoplay&quot;:&quot;yes&quot;,&quot;pause_on_hover&quot;:&quot;yes&quot;,&quot;pause_on_interaction&quot;:&quot;yes&quot;,&quot;infinite&quot;:&quot;yes&quot;,&quot;speed&quot;:500}\" data-widget_type=\"image-carousel.default\">\n\t\t\t\t<div class=\"elementor-widget-container\">\n\t\t\t\t\t\t\t<div class=\"elementor-image-carousel-wrapper swiper\" role=\"region\" aria-roledescription=\"carousel\" aria-label=\"Carrusel de im\u00e1genes\" dir=\"ltr\">\n\t\t\t<div class=\"elementor-image-carousel swiper-wrapper\" aria-live=\"off\">\n\t\t\t\t\t\t\t\t<div class=\"swiper-slide\" role=\"group\" aria-roledescription=\"slide\" aria-label=\"1 de 6\"><figure class=\"swiper-slide-inner\"><img decoding=\"async\" class=\"swiper-slide-image\" src=\"https:\/\/www.vicorquimia.com\/wp-content\/uploads\/2023\/05\/apliaciones_8.jpg\" alt=\"apliaciones_8\" \/><\/figure><\/div><div class=\"swiper-slide\" role=\"group\" aria-roledescription=\"slide\" aria-label=\"2 de 6\"><figure class=\"swiper-slide-inner\"><img decoding=\"async\" class=\"swiper-slide-image\" src=\"https:\/\/www.vicorquimia.com\/wp-content\/uploads\/2023\/05\/apliaciones_6.jpg\" alt=\"apliaciones_6\" \/><\/figure><\/div><div class=\"swiper-slide\" role=\"group\" aria-roledescription=\"slide\" aria-label=\"3 de 6\"><figure class=\"swiper-slide-inner\"><img decoding=\"async\" class=\"swiper-slide-image\" src=\"https:\/\/www.vicorquimia.com\/wp-content\/uploads\/2023\/05\/apliaciones_7.jpg\" alt=\"apliaciones_7\" \/><\/figure><\/div><div class=\"swiper-slide\" role=\"group\" aria-roledescription=\"slide\" aria-label=\"4 de 6\"><figure class=\"swiper-slide-inner\"><img decoding=\"async\" class=\"swiper-slide-image\" src=\"https:\/\/www.vicorquimia.com\/wp-content\/uploads\/2023\/05\/aplicaciones_5.jpg\" alt=\"aplicaciones_5\" \/><\/figure><\/div><div class=\"swiper-slide\" role=\"group\" aria-roledescription=\"slide\" aria-label=\"5 de 6\"><figure class=\"swiper-slide-inner\"><img decoding=\"async\" class=\"swiper-slide-image\" src=\"https:\/\/www.vicorquimia.com\/wp-content\/uploads\/2023\/04\/slide-aplicaciones-1.jpg\" alt=\"slide-aplicaciones-1\" \/><\/figure><\/div><div class=\"swiper-slide\" role=\"group\" aria-roledescription=\"slide\" aria-label=\"6 de 6\"><figure class=\"swiper-slide-inner\"><img decoding=\"async\" class=\"swiper-slide-image\" src=\"https:\/\/www.vicorquimia.com\/wp-content\/uploads\/2023\/04\/slide-aplicaciones-3.jpg\" alt=\"esto es alternativo\" \/><\/figure><\/div>\t\t\t<\/div>\n\t\t\t\t\t\t\t\t\t\t\t\t<div class=\"elementor-swiper-button elementor-swiper-button-prev\" role=\"button\" tabindex=\"0\">\n\t\t\t\t\t\t<i aria-hidden=\"true\" class=\"eicon-chevron-left\"><\/i>\t\t\t\t\t<\/div>\n\t\t\t\t\t<div class=\"elementor-swiper-button elementor-swiper-button-next\" role=\"button\" tabindex=\"0\">\n\t\t\t\t\t\t<i aria-hidden=\"true\" class=\"eicon-chevron-right\"><\/i>\t\t\t\t\t<\/div>\n\t\t\t\t\n\t\t\t\t\t\t\t\t\t<\/div>\n\t\t\t\t\t\t<\/div>\n\t\t\t\t<\/div>\n\t\t\t\t<\/div>\n\t\t\t\t\t<\/div>\n\t\t\t\t<\/div>\n\t\t\t\t<\/div>\n\t\t","protected":false},"excerpt":{"rendered":"<p>Solucions personalitzades i noves tend\u00e8ncies Responem totes les seves demandes.Estan interessats en una aplicaci\u00f3 espec\u00edfica? Al nostre cat\u00e0leg trobareu solucions per: Postres lactis, Formatges i Gelats Ind\u00fastria c\u00e0rnia i Plats preparats Aromes Fleca, Pastisseria i Galetes Dol\u00e7os i Xocolates Alimentaci\u00f3 Infantil, Diet\u00e8tica i Nutrici\u00f3 Esportiva Snacks i Preparats deshidratats Estem atents a les noves tend\u00e8ncies [&hellip;]<\/p>\n","protected":false},"author":1,"featured_media":0,"parent":0,"menu_order":0,"comment_status":"closed","ping_status":"closed","template":"","meta":{"footnotes":""},"class_list":["post-2041","page","type-page","status-publish","hentry"],"yoast_head":"<!-- This site is optimized with the Yoast SEO plugin v25.9 - https:\/\/yoast.com\/wordpress\/plugins\/seo\/ -->\n<title>Solucions Personalitzades - VICORQUIMIA - Distribuci\u00f3n de Ingredientes y Complementos Alimenticios en Espa\u00f1a | Trayectoria desde 1972<\/title>\n<meta name=\"robots\" content=\"index, follow, max-snippet:-1, max-image-preview:large, max-video-preview:-1\" \/>\n<link rel=\"canonical\" href=\"https:\/\/www.vicorquimia.com\/ca\/solucions-personalitzades\/\" \/>\n<meta property=\"og:locale\" content=\"ca_ES\" \/>\n<meta property=\"og:type\" content=\"article\" \/>\n<meta property=\"og:title\" content=\"Solucions Personalitzades - VICORQUIMIA - Distribuci\u00f3n de Ingredientes y Complementos Alimenticios en Espa\u00f1a | Trayectoria desde 1972\" \/>\n<meta property=\"og:description\" content=\"Solucions personalitzades i noves tend\u00e8ncies Responem totes les seves demandes.Estan interessats en una aplicaci\u00f3 espec\u00edfica? Al nostre cat\u00e0leg trobareu solucions per: Postres lactis, Formatges i Gelats Ind\u00fastria c\u00e0rnia i Plats preparats Aromes Fleca, Pastisseria i Galetes Dol\u00e7os i Xocolates Alimentaci\u00f3 Infantil, Diet\u00e8tica i Nutrici\u00f3 Esportiva Snacks i Preparats deshidratats Estem atents a les noves tend\u00e8ncies [&hellip;]\" \/>\n<meta property=\"og:url\" content=\"https:\/\/www.vicorquimia.com\/ca\/solucions-personalitzades\/\" \/>\n<meta property=\"og:site_name\" content=\"VICORQUIMIA - Distribuci\u00f3n de Ingredientes y Complementos Alimenticios en Espa\u00f1a | Trayectoria desde 1972\" \/>\n<meta property=\"article:modified_time\" content=\"2025-08-05T13:10:13+00:00\" \/>\n<meta property=\"og:image\" content=\"https:\/\/www.vicorquimia.com\/wp-content\/uploads\/2023\/05\/apliaciones_8.jpg\" \/>\n<meta name=\"twitter:card\" content=\"summary_large_image\" \/>\n<meta name=\"twitter:label1\" content=\"Temps estimat de lectura\" \/>\n\t<meta name=\"twitter:data1\" content=\"1 minut\" \/>\n<script type=\"application\/ld+json\" class=\"yoast-schema-graph\">{\"@context\":\"https:\/\/schema.org\",\"@graph\":[{\"@type\":\"WebPage\",\"@id\":\"https:\/\/www.vicorquimia.com\/ca\/solucions-personalitzades\/\",\"url\":\"https:\/\/www.vicorquimia.com\/ca\/solucions-personalitzades\/\",\"name\":\"Solucions Personalitzades - VICORQUIMIA - Distribuci\u00f3n de Ingredientes y Complementos Alimenticios en Espa\u00f1a | Trayectoria desde 1972\",\"isPartOf\":{\"@id\":\"https:\/\/www.vicorquimia.com\/ca\/#website\"},\"primaryImageOfPage\":{\"@id\":\"https:\/\/www.vicorquimia.com\/ca\/solucions-personalitzades\/#primaryimage\"},\"image\":{\"@id\":\"https:\/\/www.vicorquimia.com\/ca\/solucions-personalitzades\/#primaryimage\"},\"thumbnailUrl\":\"https:\/\/www.vicorquimia.com\/wp-content\/uploads\/2023\/05\/apliaciones_8.jpg\",\"datePublished\":\"2023-04-27T15:38:54+00:00\",\"dateModified\":\"2025-08-05T13:10:13+00:00\",\"breadcrumb\":{\"@id\":\"https:\/\/www.vicorquimia.com\/ca\/solucions-personalitzades\/#breadcrumb\"},\"inLanguage\":\"ca\",\"potentialAction\":[{\"@type\":\"ReadAction\",\"target\":[\"https:\/\/www.vicorquimia.com\/ca\/solucions-personalitzades\/\"]}]},{\"@type\":\"ImageObject\",\"inLanguage\":\"ca\",\"@id\":\"https:\/\/www.vicorquimia.com\/ca\/solucions-personalitzades\/#primaryimage\",\"url\":\"https:\/\/www.vicorquimia.com\/wp-content\/uploads\/2023\/05\/apliaciones_8.jpg\",\"contentUrl\":\"https:\/\/www.vicorquimia.com\/wp-content\/uploads\/2023\/05\/apliaciones_8.jpg\"},{\"@type\":\"BreadcrumbList\",\"@id\":\"https:\/\/www.vicorquimia.com\/ca\/solucions-personalitzades\/#breadcrumb\",\"itemListElement\":[{\"@type\":\"ListItem\",\"position\":1,\"name\":\"Portada\",\"item\":\"https:\/\/www.vicorquimia.com\/ca\/\"},{\"@type\":\"ListItem\",\"position\":2,\"name\":\"Solucions Personalitzades\"}]},{\"@type\":\"WebSite\",\"@id\":\"https:\/\/www.vicorquimia.com\/ca\/#website\",\"url\":\"https:\/\/www.vicorquimia.com\/ca\/\",\"name\":\"VICORQUIMIA\",\"description\":\"VICORQUIMIA es una de las principales compa\u00f1\u00edas de distribuci\u00f3n de ingredientes y complementos alimenticios en Espa\u00f1a con m\u00e1s de 40 a\u00f1os de trayectoria. Proveemos a las principales compa\u00f1\u00edas de alimentaci\u00f3n en todo el pa\u00eds, desde c\u00e1rnicas y queseras hasta pasteleras y especializadas en alimentaci\u00f3n ecol\u00f3gica, diet\u00e9tica y nutrici\u00f3n deportiva. Descubre nuestra experiencia y calidad en la distribuci\u00f3n de materias primas para la industria alimentaria.\",\"publisher\":{\"@id\":\"https:\/\/www.vicorquimia.com\/ca\/#organization\"},\"potentialAction\":[{\"@type\":\"SearchAction\",\"target\":{\"@type\":\"EntryPoint\",\"urlTemplate\":\"https:\/\/www.vicorquimia.com\/ca\/?s={search_term_string}\"},\"query-input\":{\"@type\":\"PropertyValueSpecification\",\"valueRequired\":true,\"valueName\":\"search_term_string\"}}],\"inLanguage\":\"ca\"},{\"@type\":\"Organization\",\"@id\":\"https:\/\/www.vicorquimia.com\/ca\/#organization\",\"name\":\"VICORQUIMIA\",\"url\":\"https:\/\/www.vicorquimia.com\/ca\/\",\"logo\":{\"@type\":\"ImageObject\",\"inLanguage\":\"ca\",\"@id\":\"https:\/\/www.vicorquimia.com\/ca\/#\/schema\/logo\/image\/\",\"url\":\"https:\/\/www.vicorquimia.com\/wp-content\/uploads\/2025\/07\/2021_VQ_logo50Anys_transparent_alta.png\",\"contentUrl\":\"https:\/\/www.vicorquimia.com\/wp-content\/uploads\/2025\/07\/2021_VQ_logo50Anys_transparent_alta.png\",\"width\":1295,\"height\":554,\"caption\":\"VICORQUIMIA\"},\"image\":{\"@id\":\"https:\/\/www.vicorquimia.com\/ca\/#\/schema\/logo\/image\/\"},\"sameAs\":[\"https:\/\/www.linkedin.com\/company\/vicorquimia\/\"]}]}<\/script>\n<!-- \/ Yoast SEO plugin. -->","yoast_head_json":{"title":"Solucions Personalitzades - VICORQUIMIA - Distribuci\u00f3n de Ingredientes y Complementos Alimenticios en Espa\u00f1a | Trayectoria desde 1972","robots":{"index":"index","follow":"follow","max-snippet":"max-snippet:-1","max-image-preview":"max-image-preview:large","max-video-preview":"max-video-preview:-1"},"canonical":"https:\/\/www.vicorquimia.com\/ca\/solucions-personalitzades\/","og_locale":"ca_ES","og_type":"article","og_title":"Solucions Personalitzades - VICORQUIMIA - Distribuci\u00f3n de Ingredientes y Complementos Alimenticios en Espa\u00f1a | Trayectoria desde 1972","og_description":"Solucions personalitzades i noves tend\u00e8ncies Responem totes les seves demandes.Estan interessats en una aplicaci\u00f3 espec\u00edfica? Al nostre cat\u00e0leg trobareu solucions per: Postres lactis, Formatges i Gelats Ind\u00fastria c\u00e0rnia i Plats preparats Aromes Fleca, Pastisseria i Galetes Dol\u00e7os i Xocolates Alimentaci\u00f3 Infantil, Diet\u00e8tica i Nutrici\u00f3 Esportiva Snacks i Preparats deshidratats Estem atents a les noves tend\u00e8ncies [&hellip;]","og_url":"https:\/\/www.vicorquimia.com\/ca\/solucions-personalitzades\/","og_site_name":"VICORQUIMIA - Distribuci\u00f3n de Ingredientes y Complementos Alimenticios en Espa\u00f1a | Trayectoria desde 1972","article_modified_time":"2025-08-05T13:10:13+00:00","og_image":[{"url":"https:\/\/www.vicorquimia.com\/wp-content\/uploads\/2023\/05\/apliaciones_8.jpg","type":"","width":"","height":""}],"twitter_card":"summary_large_image","twitter_misc":{"Temps estimat de lectura":"1 minut"},"schema":{"@context":"https:\/\/schema.org","@graph":[{"@type":"WebPage","@id":"https:\/\/www.vicorquimia.com\/ca\/solucions-personalitzades\/","url":"https:\/\/www.vicorquimia.com\/ca\/solucions-personalitzades\/","name":"Solucions Personalitzades - VICORQUIMIA - Distribuci\u00f3n de Ingredientes y Complementos Alimenticios en Espa\u00f1a | Trayectoria desde 1972","isPartOf":{"@id":"https:\/\/www.vicorquimia.com\/ca\/#website"},"primaryImageOfPage":{"@id":"https:\/\/www.vicorquimia.com\/ca\/solucions-personalitzades\/#primaryimage"},"image":{"@id":"https:\/\/www.vicorquimia.com\/ca\/solucions-personalitzades\/#primaryimage"},"thumbnailUrl":"https:\/\/www.vicorquimia.com\/wp-content\/uploads\/2023\/05\/apliaciones_8.jpg","datePublished":"2023-04-27T15:38:54+00:00","dateModified":"2025-08-05T13:10:13+00:00","breadcrumb":{"@id":"https:\/\/www.vicorquimia.com\/ca\/solucions-personalitzades\/#breadcrumb"},"inLanguage":"ca","potentialAction":[{"@type":"ReadAction","target":["https:\/\/www.vicorquimia.com\/ca\/solucions-personalitzades\/"]}]},{"@type":"ImageObject","inLanguage":"ca","@id":"https:\/\/www.vicorquimia.com\/ca\/solucions-personalitzades\/#primaryimage","url":"https:\/\/www.vicorquimia.com\/wp-content\/uploads\/2023\/05\/apliaciones_8.jpg","contentUrl":"https:\/\/www.vicorquimia.com\/wp-content\/uploads\/2023\/05\/apliaciones_8.jpg"},{"@type":"BreadcrumbList","@id":"https:\/\/www.vicorquimia.com\/ca\/solucions-personalitzades\/#breadcrumb","itemListElement":[{"@type":"ListItem","position":1,"name":"Portada","item":"https:\/\/www.vicorquimia.com\/ca\/"},{"@type":"ListItem","position":2,"name":"Solucions Personalitzades"}]},{"@type":"WebSite","@id":"https:\/\/www.vicorquimia.com\/ca\/#website","url":"https:\/\/www.vicorquimia.com\/ca\/","name":"VICORQUIMIA","description":"VICORQUIMIA es una de las principales compa\u00f1\u00edas de distribuci\u00f3n de ingredientes y complementos alimenticios en Espa\u00f1a con m\u00e1s de 40 a\u00f1os de trayectoria. Proveemos a las principales compa\u00f1\u00edas de alimentaci\u00f3n en todo el pa\u00eds, desde c\u00e1rnicas y queseras hasta pasteleras y especializadas en alimentaci\u00f3n ecol\u00f3gica, diet\u00e9tica y nutrici\u00f3n deportiva. Descubre nuestra experiencia y calidad en la distribuci\u00f3n de materias primas para la industria alimentaria.","publisher":{"@id":"https:\/\/www.vicorquimia.com\/ca\/#organization"},"potentialAction":[{"@type":"SearchAction","target":{"@type":"EntryPoint","urlTemplate":"https:\/\/www.vicorquimia.com\/ca\/?s={search_term_string}"},"query-input":{"@type":"PropertyValueSpecification","valueRequired":true,"valueName":"search_term_string"}}],"inLanguage":"ca"},{"@type":"Organization","@id":"https:\/\/www.vicorquimia.com\/ca\/#organization","name":"VICORQUIMIA","url":"https:\/\/www.vicorquimia.com\/ca\/","logo":{"@type":"ImageObject","inLanguage":"ca","@id":"https:\/\/www.vicorquimia.com\/ca\/#\/schema\/logo\/image\/","url":"https:\/\/www.vicorquimia.com\/wp-content\/uploads\/2025\/07\/2021_VQ_logo50Anys_transparent_alta.png","contentUrl":"https:\/\/www.vicorquimia.com\/wp-content\/uploads\/2025\/07\/2021_VQ_logo50Anys_transparent_alta.png","width":1295,"height":554,"caption":"VICORQUIMIA"},"image":{"@id":"https:\/\/www.vicorquimia.com\/ca\/#\/schema\/logo\/image\/"},"sameAs":["https:\/\/www.linkedin.com\/company\/vicorquimia\/"]}]}},"_links":{"self":[{"href":"https:\/\/www.vicorquimia.com\/ca\/wp-json\/wp\/v2\/pages\/2041","targetHints":{"allow":["GET"]}}],"collection":[{"href":"https:\/\/www.vicorquimia.com\/ca\/wp-json\/wp\/v2\/pages"}],"about":[{"href":"https:\/\/www.vicorquimia.com\/ca\/wp-json\/wp\/v2\/types\/page"}],"author":[{"embeddable":true,"href":"https:\/\/www.vicorquimia.com\/ca\/wp-json\/wp\/v2\/users\/1"}],"replies":[{"embeddable":true,"href":"https:\/\/www.vicorquimia.com\/ca\/wp-json\/wp\/v2\/comments?post=2041"}],"version-history":[{"count":1,"href":"https:\/\/www.vicorquimia.com\/ca\/wp-json\/wp\/v2\/pages\/2041\/revisions"}],"predecessor-version":[{"id":2042,"href":"https:\/\/www.vicorquimia.com\/ca\/wp-json\/wp\/v2\/pages\/2041\/revisions\/2042"}],"wp:attachment":[{"href":"https:\/\/www.vicorquimia.com\/ca\/wp-json\/wp\/v2\/media?parent=2041"}],"curies":[{"name":"wp","href":"https:\/\/api.w.org\/{rel}","templated":true}]}}